{"id":8312,"date":"2022-11-12T06:44:08","date_gmt":"2022-11-12T06:44:08","guid":{"rendered":"https:\/\/juicyfollow.com\/seguidores-do-spotify\/"},"modified":"2025-07-12T09:36:16","modified_gmt":"2025-07-12T09:36:16","slug":"seguidores-do-spotify","status":"publish","type":"product","link":"https:\/\/juicyfollow.com\/pt-pt\/seguidores-do-spotify\/","title":{"rendered":"Seguidores do Spotify"},"content":{"rendered":"<div class=\"row\"  id=\"row-1493382874\">\n\n\t<div id=\"col-1196129172\" class=\"col small-12 large-12\"  >\n\t\t\t\t<div class=\"col-inner\"  >\n\t\t\t\n\t\t\t\n<p><strong>Compra seguidores Spotify<\/strong> para o teu perfil de artista Spotify. Aumenta o teu perfil no Spotify com seguidores de alta qualidade da JuicyFollow. <\/p>\n<h2>Porque \u00e9 que deves comprar seguidores no Spotify?<\/h2>\n<p>Comprar seguidores no Spotify vai dar um impulso r\u00e1pido ao teu perfil de artista no Spotify. O n\u00famero de seguidores aumenta n\u00e3o s\u00f3 atrav\u00e9s da compra de seguidores do Spotify, uma grande quantidade de seguidores tamb\u00e9m indica que tens uma conta popular no Spotify. Isto significa que o teu perfil vai atrair pessoas reais (reprodu\u00e7\u00f5es, ouvintes e seguidores) mais rapidamente.  <\/p>\n<p>Considere o seguinte&#8230; Um perfil com apenas 500 seguidores n\u00e3o tem grande probabilidade de atrair novos seguidores, reprodu\u00e7\u00f5es e ouvintes. Mas um perfil que j\u00e1 tem 100.000 seguidores tem muito mais probabilidades de atrair novos seguidores. Afinal, 100.000 seguidores j\u00e1 seguem este perfil, por isso esta pessoa deve ser um bom artista, certo? Esta \u00e9 muitas vezes a filosofia das pessoas no Spotify.   <\/p>\n<h2>\u00c9 seguro comprar seguidores no Spotify?<\/h2>\n<p>Sim. Comprar seguidores no Spotify \u00e9 100% seguro. Nunca vimos clientes fazerem coment\u00e1rios negativos sobre as encomendas que aqui fizeram. E se o fizerem, certificamo-nos sempre de que resolvemos os seus problemas rapidamente.<\/p>\n<p>Al\u00e9m disso, nunca partilharemos a tua conta ou dados pessoais com o Spotify ou outros terceiros. Isto torna a compra de seguidores do Spotify completamente segura. <\/p>\n<h2>Os teus seguidores no Spotify s\u00e3o reais?<\/h2>\n<p>Sim. Os seguidores que vais receber s\u00e3o 100% seguidores reais do Spotify. Isso significa que est\u00e3o registados no Spotify. <\/p>\n<p>No entanto, em 99% dos casos, n\u00e3o s\u00e3o controlados por pessoas reais. Quase sempre v\u00eam de &#8220;bots&#8221; automatizados. Estes &#8220;bots&#8221; podem ser controlados para seguir o teu perfil em massa. Isto permite-te obter muitos seguidores de uma s\u00f3 vez. A vantagem \u00e9 que podes obter muitos seguidores rapidamente, por um pre\u00e7o relativamente bom.<\/p>\n<h2>Posso comprar seguidores baratos no Spotify?<\/h2>\n<p>Claro que sim. Com os seguidores de alta qualidade da JuicyFollow, tens a garantia de obter o melhor pre\u00e7o. \u00c9 seguro dizer que podes comprar seguidores Spotify baratos connosco. <\/p>\n<h2>Como comprar 1 milh\u00e3o de seguidores no Spotify<\/h2>\n<p>Muitos acreditam que ter 1 milh\u00e3o de seguidores no Spotify significa que fizeste algo grandioso. Para muitas pessoas, ultrapassar 1 milh\u00e3o de seguidores no Spotify \u00e9 um marco importante. Aqui na JuicyFollow podes comprar 1 milh\u00e3o de seguidores do Spotify de forma barata.  <\/p>\n<h2>Como conseguir seguidores gr\u00e1tis no Spotify<\/h2>\n<p>Obter seguidores gr\u00e1tis no Spotify \u00e9 muito f\u00e1cil. Mas demora muito tempo. Aqui tens algumas dicas para obteres seguidores gr\u00e1tis no Spotify rapidamente:<\/p>\n<ul>\n<li><strong>Promove as tuas m\u00fasicas e o teu perfil no Spotify noutras plataformas de redes sociais.<\/strong>  Esta \u00e9 provavelmente a forma mais f\u00e1cil de obteres seguidores gr\u00e1tis no Spotify. Porque n\u00e3o promove tamb\u00e9m o seu perfil no <span style=\"text-decoration: underline;\"><a href=\"https:\/\/juicyfollow.com\/pt-pt\/youtube-pt\/\" target=\"_blank\" rel=\"noopener\">YouTube<\/a><\/span> e <a href=\"https:\/\/juicyfollow.com\/pt-pt\/instagram-pt\/\" target=\"_blank\" rel=\"noopener\"><span style=\"text-decoration: underline;\">Instagram<\/span><\/a> ? Muitas pessoas j\u00e1 o fizeram.<\/li>\n<li><strong>Cria e carrega frequentemente.<\/strong> Era escusado estar a dizer. Algu\u00e9m que carregue regularmente novas m\u00fasicas cria mais exposi\u00e7\u00e3o e, por isso, tem mais hip\u00f3teses de obter mais seguidores gratuitos no Spotify.<\/li>\n<li><strong>Certifica-te de que a tua can\u00e7\u00e3o\/\u00e1lbum tem uma boa capa.  <\/strong>As capas s\u00e3o as pequenas imagens que as pessoas v\u00eaem antes de ouvirem a tua m\u00fasica ou verem o teu perfil. Uma boa capa cativante destaca-se e tem uma maior probabilidade de ser clicada pelas pessoas. <\/li>\n<\/ul>\n<p>Estas s\u00e3o algumas dicas b\u00e1sicas para obteres mais seguidores gratuitos no Spotify. Se est\u00e1s disposto a gastar algum dinheiro para aumentar o teu perfil do Spotify, podes considerar comprar seguidores baratos do Spotify connosco. <\/p>\n<h2>Existem desvantagens?<\/h2>\n<p>Infelizmente, por vezes, o Spotify decide fazer uma grande limpeza e eliminar as contas &#8220;spam&#8221;. J\u00e1 aconteceu algumas vezes no passado. Como resultado, \u00e9 poss\u00edvel que perca seguidores. No entanto, todas as suas compras incluem um per\u00edodo de 30 dias de reabastecimento. Tudo o que precisa de fazer \u00e9 contactar-nos e pedir um reabastecimento.<\/p>\n<h2>Tamb\u00e9m ofereces outros servi\u00e7os Spotify?<\/h2>\n<p>Sim, tamb\u00e9m oferecemos outros servi\u00e7os Spotify. Se quiseres aumentar os teus ouvintes mensais, ent\u00e3o <span style=\"text-decoration: underline;\"><a href=\"https:\/\/juicyfollow.com\/spotify-monthly-listeners\/\" target=\"_blank\" rel=\"noopener\">compra ouvintes mensais do Spotify<\/a><\/span>. Tamb\u00e9m podes aumentar a contagem de reprodu\u00e7\u00f5es das tuas m\u00fasicas ao comprares <span style=\"text-decoration: underline;\"><a href=\"https:\/\/juicyfollow.com\/buy-spotify-plays\/\" target=\"_blank\" rel=\"noopener\">reprodu\u00e7\u00f5es do Spotify<\/a>.<\/span>  <\/p>\n<h2>Tenho garantia de compra?<\/h2>\n<p>Sim! A sua satisfa\u00e7\u00e3o \u00e9 importante para n\u00f3s. Isto significa que se, por qualquer raz\u00e3o, n\u00e3o estiver satisfeito com a sua compra, receber\u00e1 de volta 100% do seu dinheiro no prazo de 30 dias ap\u00f3s a sua compra. N\u00e3o est\u00e1 satisfeito? Constacte-nos e receber\u00e1 um reembolso, sem quest\u00f5es.<\/p>\n<p>Certifique-se de que n\u00e3o somos respons\u00e1veis pela elimina\u00e7\u00e3o da sua conta. Contudo, NUNCA aconteceu uma conta ser eliminada. Isto torna a compra de seguidores do Spotify completamente segura.<\/p>\n\t\t<\/div>\n\t\t\t\t\t<\/div>\n\n\t\n<\/div>\n","protected":false},"excerpt":{"rendered":"","protected":false},"featured_media":3651,"comment_status":"open","ping_status":"closed","template":"","meta":[],"product_brand":[],"product_cat":[530],"product_tag":[],"class_list":{"0":"post-8312","1":"product","2":"type-product","3":"status-publish","4":"has-post-thumbnail","6":"product_cat-spotify-pt-pt","8":"first","9":"instock","10":"sale","11":"taxable","12":"shipping-taxable","13":"purchasable","14":"product-type-variable"},"_links":{"self":[{"href":"https:\/\/juicyfollow.com\/pt-pt\/wp-json\/wp\/v2\/product\/8312","targetHints":{"allow":["GET"]}}],"collection":[{"href":"https:\/\/juicyfollow.com\/pt-pt\/wp-json\/wp\/v2\/product"}],"about":[{"href":"https:\/\/juicyfollow.com\/pt-pt\/wp-json\/wp\/v2\/types\/product"}],"replies":[{"embeddable":true,"href":"https:\/\/juicyfollow.com\/pt-pt\/wp-json\/wp\/v2\/comments?post=8312"}],"wp:featuredmedia":[{"embeddable":true,"href":"https:\/\/juicyfollow.com\/pt-pt\/wp-json\/wp\/v2\/media\/3651"}],"wp:attachment":[{"href":"https:\/\/juicyfollow.com\/pt-pt\/wp-json\/wp\/v2\/media?parent=8312"}],"wp:term":[{"taxonomy":"product_brand","embeddable":true,"href":"https:\/\/juicyfollow.com\/pt-pt\/wp-json\/wp\/v2\/product_brand?post=8312"},{"taxonomy":"product_cat","embeddable":true,"href":"https:\/\/juicyfollow.com\/pt-pt\/wp-json\/wp\/v2\/product_cat?post=8312"},{"taxonomy":"product_tag","embeddable":true,"href":"https:\/\/juicyfollow.com\/pt-pt\/wp-json\/wp\/v2\/product_tag?post=8312"}],"curies":[{"name":"wp","href":"https:\/\/api.w.org\/{rel}","templated":true}]}}