{"id":8243,"date":"2022-11-12T07:24:27","date_gmt":"2022-11-12T07:24:27","guid":{"rendered":"https:\/\/juicyfollow.com\/seguidores-do-soundcloud\/"},"modified":"2025-07-12T09:33:10","modified_gmt":"2025-07-12T09:33:10","slug":"seguidores-do-soundcloud","status":"publish","type":"product","link":"https:\/\/juicyfollow.com\/pt-pt\/seguidores-do-soundcloud\/","title":{"rendered":"Seguidores do SoundCloud"},"content":{"rendered":"<div class=\"row\"  id=\"row-1972608918\">\n\n\t<div id=\"col-931337172\" class=\"col small-12 large-12\"  >\n\t\t\t\t<div class=\"col-inner\"  >\n\t\t\t\n\t\t\t\n<p><strong>Compra seguidores SoundCloud<\/strong> para o teu perfil de artista SoundCloud. Aumenta o teu perfil no SoundCloud com seguidores de alta qualidade da JuicyFollow. <\/p>\n<h2>Porque \u00e9 que deves comprar seguidores no SoundCloud?<\/h2>\n<p>Comprar seguidores no SoundCloud vai dar um impulso r\u00e1pido ao teu perfil de artista no SoundCloud. O n\u00famero de seguidores aumenta n\u00e3o apenas comprando seguidores do SoundCloud, uma grande quantidade de seguidores tamb\u00e9m indica que tens uma conta popular no SoundCloud. Isto significa que o teu perfil vai atrair pessoas reais (reprodu\u00e7\u00f5es, ouvintes e seguidores) mais rapidamente.  <\/p>\n<p>Considere o seguinte&#8230; Um perfil com apenas 500 seguidores n\u00e3o tem grande probabilidade de atrair novos seguidores, reprodu\u00e7\u00f5es e ouvintes. Mas um perfil que j\u00e1 tem 100.000 seguidores tem muito mais probabilidades de atrair novos seguidores. Afinal, 100.000 seguidores j\u00e1 seguem este perfil, por isso esta pessoa deve ser um bom artista, certo? Esta \u00e9 muitas vezes a filosofia das pessoas no SoundCloud.   <\/p>\n<h2>\u00c9 seguro comprar seguidores no SoundCloud?<\/h2>\n<p>Sim. Comprar seguidores no SoundCloud \u00e9 100% seguro. Nunca vimos clientes fazerem coment\u00e1rios negativos sobre as encomendas que aqui fizeram. E se o fizerem, certificamo-nos sempre de que resolvemos os seus problemas rapidamente.<\/p>\n<p>Al\u00e9m disso, nunca partilharemos a tua conta ou dados pessoais com o SoundCloud ou outros terceiros. Isso torna a compra de seguidores do SoundCloud completamente segura. <\/p>\n<h2>Os teus seguidores do SoundCloud s\u00e3o reais?<\/h2>\n<p>Sim. Os seguidores que vais receber s\u00e3o 100% seguidores reais do SoundCloud. Isso significa que eles est\u00e3o registados no SoundCloud. <\/p>\n<p>No entanto, em 99% dos casos, n\u00e3o s\u00e3o controlados por pessoas reais. Quase sempre v\u00eam de &#8220;bots&#8221; automatizados. Estes &#8220;bots&#8221; podem ser controlados para seguir o teu perfil em massa. Isto permite-te obter muitos seguidores de uma s\u00f3 vez. A vantagem \u00e9 que podes obter muitos seguidores rapidamente, por um pre\u00e7o relativamente bom.<\/p>\n<h2>Posso comprar seguidores baratos no SoundCloud?<\/h2>\n<p>Claro que sim. Com os seguidores de alta qualidade da JuicyFollow, tens a garantia de obter o melhor pre\u00e7o. \u00c9 seguro dizer que podes comprar seguidores baratos para o SoundCloud connosco. <\/p>\n<h2>Como comprar 1 milh\u00e3o de seguidores no SoundCloud<\/h2>\n<p>Muitos acreditam que ter 1 milh\u00e3o de seguidores no SoundCloud significa que fizeste algo grandioso. Para muitas pessoas, ultrapassar 1 milh\u00e3o de seguidores no SoundCloud \u00e9 um marco importante. Aqui no JuicyFollow podes comprar 1 milh\u00e3o de seguidores no SoundCloud de forma barata.  <\/p>\n<h2>Como conseguir seguidores gr\u00e1tis no SoundCloud<\/h2>\n<p>Obter seguidores gratuitos no SoundCloud \u00e9 muito f\u00e1cil. Mas demora muito tempo. Aqui tens algumas dicas para obteres seguidores gratuitos no SoundCloud rapidamente:<\/p>\n<ul>\n<li><strong>Promove as tuas m\u00fasicas e o teu perfil no SoundCloud noutras plataformas de redes sociais.<\/strong>  Esta \u00e9 provavelmente a forma mais f\u00e1cil de obteres seguidores gratuitos no SoundCloud. Porque n\u00e3o promover o teu perfil no <a href=\"https:\/\/juicyfollow.com\/pt-pt\/spotify-pt-pt\/\">Spotify<\/a> e no <span style=\"text-decoration: underline;\"><a href=\"https:\/\/juicyfollow.com\/pt-pt\/youtube-pt\/\" target=\"_blank\" rel=\"noopener\">YouTube<\/a><\/span> tamb\u00e9m?  Muitas pessoas j\u00e1 o fizeram.<\/li>\n<li><strong>Cria e carrega frequentemente.<\/strong> Era escusado estar a dizer. Algu\u00e9m que carrega novas m\u00fasicas regularmente cria mais exposi\u00e7\u00e3o e, portanto, tem mais hip\u00f3teses de obter mais seguidores gratuitos no SoundCloud.<\/li>\n<li><strong>Certifica-te de que a tua can\u00e7\u00e3o\/\u00e1lbum tem uma boa capa.  <\/strong>As capas s\u00e3o as pequenas imagens que as pessoas v\u00eaem antes de ouvirem a tua m\u00fasica ou verem o teu perfil. Uma boa capa cativante destaca-se e tem uma maior probabilidade de ser clicada pelas pessoas. <\/li>\n<\/ul>\n<p>Estas s\u00e3o algumas dicas b\u00e1sicas para obteres mais seguidores gratuitos no SoundCloud. Se est\u00e1s disposto a gastar algum dinheiro para aumentar o teu perfil do SoundCloud, podes considerar comprar seguidores baratos do SoundCloud connosco. <\/p>\n<h2>Existem desvantagens?<\/h2>\n<p>Infelizmente, o SoundCloud por vezes decide fazer uma grande limpeza e eliminar contas de &#8220;spam&#8221;. J\u00e1 aconteceu algumas vezes no passado. Como resultado, \u00e9 poss\u00edvel que perca seguidores. No entanto, todas as suas compras incluem um per\u00edodo de 30 dias de reabastecimento. Tudo o que precisa de fazer \u00e9 contactar-nos e pedir um reabastecimento.<\/p>\n<h2>Tamb\u00e9m ofereces outros servi\u00e7os de SoundCloud?<\/h2>\n<p>Sim, tamb\u00e9m oferecemos outros servi\u00e7os SoundCloud. Se quiseres aumentar as reprodu\u00e7\u00f5es das tuas m\u00fasicas, ent\u00e3o <span style=\"text-decoration: underline;\"><a href=\"https:\/\/juicyfollow.com\/buy-SoundCloud-plays\/\" target=\"_blank\" rel=\"noopener\">compra reprodu\u00e7\u00f5es do SoundCloud<\/a><\/span>. Tamb\u00e9m podes aumentar a contagem de gostos nas tuas m\u00fasicas quando <span style=\"text-decoration: underline;\"><a href=\"https:\/\/juicyfollow.com\/buy-SoundCloud-likes\/\" target=\"_blank\" rel=\"noopener\">compras gostos do SoundCloud<\/a>.<\/span>  <\/p>\n<h2>Tenho garantia de compra?<\/h2>\n<p>Sim! A sua satisfa\u00e7\u00e3o \u00e9 importante para n\u00f3s. Isto significa que se, por qualquer raz\u00e3o, n\u00e3o estiver satisfeito com a sua compra, receber\u00e1 de volta 100% do seu dinheiro no prazo de 30 dias ap\u00f3s a sua compra. N\u00e3o est\u00e1 satisfeito? Constacte-nos e receber\u00e1 um reembolso, sem quest\u00f5es.<\/p>\n<p>Certifique-se de que n\u00e3o somos respons\u00e1veis pela elimina\u00e7\u00e3o da sua conta. Contudo, NUNCA aconteceu uma conta ser eliminada. Isto torna a compra de seguidores do SoundCloud completamente segura.<\/p>\n\t\t<\/div>\n\t\t\t\t\t<\/div>\n\n\t\n<\/div>\n","protected":false},"excerpt":{"rendered":"","protected":false},"featured_media":3696,"comment_status":"open","ping_status":"closed","template":"","meta":[],"product_brand":[],"product_cat":[522],"product_tag":[],"class_list":{"0":"post-8243","1":"product","2":"type-product","3":"status-publish","4":"has-post-thumbnail","6":"product_cat-soundcloud-pt-pt","8":"first","9":"instock","10":"sale","11":"taxable","12":"shipping-taxable","13":"purchasable","14":"product-type-variable"},"_links":{"self":[{"href":"https:\/\/juicyfollow.com\/pt-pt\/wp-json\/wp\/v2\/product\/8243","targetHints":{"allow":["GET"]}}],"collection":[{"href":"https:\/\/juicyfollow.com\/pt-pt\/wp-json\/wp\/v2\/product"}],"about":[{"href":"https:\/\/juicyfollow.com\/pt-pt\/wp-json\/wp\/v2\/types\/product"}],"replies":[{"embeddable":true,"href":"https:\/\/juicyfollow.com\/pt-pt\/wp-json\/wp\/v2\/comments?post=8243"}],"wp:featuredmedia":[{"embeddable":true,"href":"https:\/\/juicyfollow.com\/pt-pt\/wp-json\/wp\/v2\/media\/3696"}],"wp:attachment":[{"href":"https:\/\/juicyfollow.com\/pt-pt\/wp-json\/wp\/v2\/media?parent=8243"}],"wp:term":[{"taxonomy":"product_brand","embeddable":true,"href":"https:\/\/juicyfollow.com\/pt-pt\/wp-json\/wp\/v2\/product_brand?post=8243"},{"taxonomy":"product_cat","embeddable":true,"href":"https:\/\/juicyfollow.com\/pt-pt\/wp-json\/wp\/v2\/product_cat?post=8243"},{"taxonomy":"product_tag","embeddable":true,"href":"https:\/\/juicyfollow.com\/pt-pt\/wp-json\/wp\/v2\/product_tag?post=8243"}],"curies":[{"name":"wp","href":"https:\/\/api.w.org\/{rel}","templated":true}]}}