{"id":1977,"date":"2021-07-02T17:16:54","date_gmt":"2021-07-02T17:16:54","guid":{"rendered":"https:\/\/juicyfollow.com\/gostos-do-instagram\/"},"modified":"2025-07-12T09:13:31","modified_gmt":"2025-07-12T09:13:31","slug":"comprar-curtidas-instagram","status":"publish","type":"product","link":"https:\/\/juicyfollow.com\/pt-pt\/comprar-curtidas-instagram\/","title":{"rendered":"Comprar Curtidas Instagram com Entrega Instant\u00e2nea"},"content":{"rendered":"<div class=\"row\"  id=\"row-217530943\">\n\n\t<div id=\"col-702843313\" class=\"col small-12 large-12\"  >\n\t\t\t\t<div class=\"col-inner\"  >\n\t\t\t\n\t\t\t\n<p><strong>Compar Curtidas Instagram<\/strong> com JuicyFollow.<\/p>\n<h2>Porque deve comprar curtidas Instagram?<\/h2>\n<p>Comprar gostos no Instagram vai dar um impulso r\u00e1pido \u00e0s tuas publica\u00e7\u00f5es e v\u00eddeos <a href=\"https:\/\/instagram.com\/\" target=\"_blank\" rel=\"noopener\">no Instagram<\/a>. O n\u00famero de gostos aumenta n\u00e3o s\u00f3 atrav\u00e9s da compra de gostos do Instagram, mas um grande n\u00famero de likes indica tamb\u00e9m que tem uma conta de Instagram popular. Isto significa que o seu perfil ir\u00e1 atrair pessoas reais (gostos e seguidores) mais rapidamente.<\/p>\n<p>Considere o seguinte&#8230; Uma publica\u00e7\u00e3o com apenas 50 gostos n\u00e3o \u00e9 muito suscet\u00edvel de atrair novos gostos. Mas uma publica\u00e7\u00e3o com 5000 gostos \u00e9 muito mais suscet\u00edvel de atrair novos gostos. Afinal, 5000 pessoas j\u00e1 gostaram desta publica\u00e7\u00e3o, portanto, deve ser uma conta boa, certo? Esta \u00e9, muitas vezes, a filosofia das pessoas no Instagram.<\/p>\n<h2>\u00c9 seguro comprar gostos do instagram?<\/h2>\n<p>Sim. Comprar gostos do Instagram \u00e9 100% seguro. Nunca vimos clientes fazerem coment\u00e1rios negativos sobre as encomendas que aqui fizeram. E se o fizessem, ir\u00edamos certificar-nos de que resolver\u00edamos os seus problemas rapidamente.<\/p>\n<p>Al\u00e9m disso, nunca iremos partilhar os seus dados de conta ou os seus dados pessoais com o Instagram ou terceiros. Isso torna a compra de gostos do Instagram completamente segura.<\/p>\n<h2>Os gostos do Instagram s\u00e3o reais?<\/h2>\n<p>Sim. Os perfis que ir\u00e1 receber s\u00e3o gostos do Instagram 100% reais. Isso significa que est\u00e3o registados no Instagram.<\/p>\n<p>No entanto, em 99% dos casos, n\u00e3o s\u00e3o controlados por pessoas reais. Quase sempre v\u00eam de &#8220;bots&#8221; automatizados. Estes &#8220;bots&#8221; podem ser controlados para gostarem da sua publica\u00e7\u00e3o em massa. Isto torna poss\u00edvel obter muitos gostos de uma s\u00f3 vez. <strong>A vantagem<\/strong> \u00e9 que pode obter muitos gostos rapidamente por um pre\u00e7o relativamente bom.<\/p>\n<h2>Posso comprar gostos baratos do Instagram?<\/h2>\n<p>Claro que sim. Com os gostos da JuicyFollow, tem a garantia de que obt\u00e9m o melhor pre\u00e7o. \u00c9 seguro dizer que pode comprar gostos baratos do Instagram connosco.<\/p>\n<h2>Como comprar 10k gostos do Instagram<\/h2>\n<p>Muitas pessoas acreditam que ter 10k gostos do Instagram na sua publica\u00e7\u00e3o ou v\u00eddeo significa que fez algo de extraordin\u00e1rio. Para muitas pessoas, ultrapassar os 10k gostos do Instagram \u00e9 um marco importante. Aqui, na JuicyFollow, pode comprar 10k gostos baratos do Instagram.<\/p>\n<h2>Como obter gostos gratuitos do Instagram<\/h2>\n<p>Obter gostos gratuitos do Instagram \u00e9 bastante barato. Mas demora muito tempo. Aqui est\u00e3o algumas dicas para obter rapidamente gostos gratuitos do Instagram:<\/p>\n<ul>\n<li><strong>Goste das publica\u00e7\u00f5es de outras pessoas.<\/strong> Muitas pessoas ir\u00e3o consultar o seu perfil depois de gostar da sua publica\u00e7\u00e3o. Se o seu perfil for suficientemente interessante, h\u00e1 uma grande probabilidade de que gostem das suas publica\u00e7\u00f5es e o sigam tamb\u00e9m. Tenha cuidado para n\u00e3o gostar de demasiadas publica\u00e7\u00f5es num dia, pois o algoritmo do Instagram poder\u00e1 apanh\u00e1-lo por fazer &#8220;falcatrua&#8221;.<\/li>\n<li><strong>Promova o seu perfil Instagram noutras plataformas de redes sociais.<\/strong> Esta \u00e9 provavelmente a forma mais f\u00e1cil de obter gostos gratuitos do Instagram. Porque n\u00e3o promove tamb\u00e9m o seu perfil no <a href=\"https:\/\/juicyfollow.com\/pt-pt\/youtube-pt\/\" target=\"_blank\" rel=\"noopener\">YouTube<\/a> e <a href=\"https:\/\/juicyfollow.com\/pt-pt\/tiktok-pt\/\" target=\"_blank\" rel=\"noopener\">TikTok<\/a>?<\/li>\n<li><strong>Comente as publica\u00e7\u00f5es de outras pessoas.<\/strong> O que vale mais do que um gosto? Um coment\u00e1rio, claro. Aumente as suas hip\u00f3teses de algu\u00e9m gostar e segui-lo n\u00e3o s\u00f3 por gostar da sua publica\u00e7\u00e3o, mas tamb\u00e9m por deixar um coment\u00e1rio. \u00c9 muito prov\u00e1vel que mais pessoas comecem a gostar e a segui-lo.<\/li>\n<li><strong>Publique regularmente.<\/strong> Era escusado estar a dizer. As pessoas que publicam regularmente t\u00eam uma maior probabilidade de obter mais gostos gratuitos do Instagram. Certifique-se de que utilizam muitos hashtags nas suas publica\u00e7\u00f5es.<\/li>\n<\/ul>\n<p>Estas s\u00e3o algumas dicas b\u00e1sicas para obter mais gostos gratuitos do Instagram. Se estiver disposto a gastar algum dinheiro para fazer crescer o seu perfil de Instagram, pode considerar a compra de gostos baratos do Instagram connosco.<\/p>\n<h2>Existem desvantagens?<\/h2>\n<p>Infelizmente, o Instagram decide por vezes fazer uma grande limpeza e apagar contas de &#8220;spam&#8221;. J\u00e1 aconteceu algumas vezes no passado. Como resultado, \u00e9 poss\u00edvel que perca gostos. No entanto, todas as suas compras incluem um per\u00edodo de 30 dias de reabastecimento. Tudo o que precisa de fazer \u00e9 contactar-nos e pedir um reabastecimento.<\/p>\n<p>Outra poss\u00edvel desvantagem \u00e9 que os gostos do Instagram n\u00e3o interagem. Isto significa que n\u00e3o v\u00e3o segui-lo. No entanto, pode resolver este problema facilmente comprando seguidores do Instagram.<\/p>\n<h2>Tamb\u00e9m oferecem outros servi\u00e7os do Instagram?<\/h2>\n<p>Sim, tamb\u00e9m oferecemos outros servi\u00e7os do Instagram. Se quiser aumentar os seguidores, <span style=\"text-decoration: underline;\"><a href=\"https:\/\/juicyfollow.com\/instagram-likes\/\">compre seguidores do Instagram<\/a><\/span>. Tamb\u00e9m pode impulsionar a sua contagem de visualiza\u00e7\u00f5es de v\u00eddeos <span style=\"text-decoration: underline;\"><a href=\"https:\/\/juicyfollow.com\/instagram-views\/\">comprando visualiza\u00e7\u00f5es do Instagram<\/a><\/span>.<\/p>\n<h2>Tenho garantia de compra?<\/h2>\n<p>Sim! A sua satisfa\u00e7\u00e3o \u00e9 importante para n\u00f3s. Isto significa que se, por qualquer raz\u00e3o, n\u00e3o estiver satisfeito com a sua compra, receber\u00e1 de volta 100% do seu dinheiro no prazo de 30 dias ap\u00f3s a sua compra. N\u00e3o est\u00e1 satisfeito? Constacte-nos e receber\u00e1 um reembolso, sem quest\u00f5es.<\/p>\n<p>Certifique-se de que n\u00e3o somos respons\u00e1veis pela elimina\u00e7\u00e3o da sua conta. Contudo, NUNCA aconteceu uma conta ser eliminada. Isso torna a compra de gostos do Instagram completamente segura.<\/p>\n\t\t<\/div>\n\t\t\t\t\t<\/div>\n\n\t\n<\/div>\n","protected":false},"excerpt":{"rendered":"","protected":false},"featured_media":2537,"comment_status":"open","ping_status":"closed","template":"","meta":[],"product_brand":[],"product_cat":[110],"product_tag":[257],"class_list":{"0":"post-1977","1":"product","2":"type-product","3":"status-publish","4":"has-post-thumbnail","6":"product_cat-instagram-pt","7":"product_tag-comprar-gostos-do-instagram","9":"first","10":"instock","11":"sale","12":"taxable","13":"shipping-taxable","14":"purchasable","15":"product-type-variable"},"_links":{"self":[{"href":"https:\/\/juicyfollow.com\/pt-pt\/wp-json\/wp\/v2\/product\/1977","targetHints":{"allow":["GET"]}}],"collection":[{"href":"https:\/\/juicyfollow.com\/pt-pt\/wp-json\/wp\/v2\/product"}],"about":[{"href":"https:\/\/juicyfollow.com\/pt-pt\/wp-json\/wp\/v2\/types\/product"}],"replies":[{"embeddable":true,"href":"https:\/\/juicyfollow.com\/pt-pt\/wp-json\/wp\/v2\/comments?post=1977"}],"wp:featuredmedia":[{"embeddable":true,"href":"https:\/\/juicyfollow.com\/pt-pt\/wp-json\/wp\/v2\/media\/2537"}],"wp:attachment":[{"href":"https:\/\/juicyfollow.com\/pt-pt\/wp-json\/wp\/v2\/media?parent=1977"}],"wp:term":[{"taxonomy":"product_brand","embeddable":true,"href":"https:\/\/juicyfollow.com\/pt-pt\/wp-json\/wp\/v2\/product_brand?post=1977"},{"taxonomy":"product_cat","embeddable":true,"href":"https:\/\/juicyfollow.com\/pt-pt\/wp-json\/wp\/v2\/product_cat?post=1977"},{"taxonomy":"product_tag","embeddable":true,"href":"https:\/\/juicyfollow.com\/pt-pt\/wp-json\/wp\/v2\/product_tag?post=1977"}],"curies":[{"name":"wp","href":"https:\/\/api.w.org\/{rel}","templated":true}]}}