{"id":1966,"date":"2021-07-02T17:23:40","date_gmt":"2021-07-02T17:23:40","guid":{"rendered":"https:\/\/juicyfollow.com\/visualizacoes-do-instagram\/"},"modified":"2025-07-12T09:13:48","modified_gmt":"2025-07-12T09:13:48","slug":"comprar-visualizacoes-instagram","status":"publish","type":"product","link":"https:\/\/juicyfollow.com\/pt-pt\/comprar-visualizacoes-instagram\/","title":{"rendered":"Visualiza\u00e7\u00f5es Reels (Instagram)"},"content":{"rendered":"<div class=\"row\"  id=\"row-956767298\">\n\n\t<div id=\"col-585929838\" class=\"col small-12 large-12\"  >\n\t\t\t\t<div class=\"col-inner\"  >\n\t\t\t\n\t\t\t\n<p><strong>Compra visualiza\u00e7\u00f5es no Instagram<\/strong> para os teus v\u00eddeos, hist\u00f3rias e v\u00eddeos ao vivo.<\/p>\n<h2>Porque devo comprar visualiza\u00e7\u00f5es do Reels Instagram?<\/h2>\n<p>Comprar visualiza\u00e7\u00f5es no Instagram vai dar um impulso r\u00e1pido \u00e0s tuas hist\u00f3rias, v\u00eddeos, carret\u00e9is e IGTV <a href=\"https:\/\/instagram.com\/\" target=\"_blank\" rel=\"noopener\">do Instagram<\/a>. O n\u00famero de visualizadores aumenta n\u00e3o s\u00f3 atrav\u00e9s da compra de visualiza\u00e7\u00f5es do Instagram, mas um grande n\u00famero de vistas indica tamb\u00e9m que tem uma conta do Instagram popular. Isto significa que o seu perfil ir\u00e1 atrair pessoas reais (gostos e seguidores) mais rapidamente.<\/p>\n<p>Considere o seguinte&#8230; Um reel com apenas 50 visualizadores n\u00e3o \u00e9 muito suscet\u00edvel de atrair novos visualizadores e seguidores. Mas um reel com 5000 visualiza\u00e7\u00f5es \u00e9 muito mais suscet\u00edvel de atrair novos gostos e novos visualizadores, e mais pessoas ir\u00e3o segui-lo. Afinal, 5000 pessoas j\u00e1 viram esta publica\u00e7\u00e3o, portanto, deve ser uma conta boa, certo? Esta \u00e9, muitas vezes, a filosofia das pessoas que compram visualiza\u00e7\u00f5es do Instagram. Se a publica\u00e7\u00e3o for vista por muitas pessoas, a sua conta ser\u00e1 f\u00e1cil de ser notada por muitas pessoas. Fa\u00e7a com que a publica\u00e7\u00e3o se torne uma pesquisa de topo para outras pessoas e seja a estrela!<\/p>\n<h2>Porque deve escolher a JuicyFollow?<\/h2>\n<p>Se quiser tornar-se uma pessoa famosa nas redes sociais, ent\u00e3o est\u00e1 no lugar certo! Porque com as nossas visualiza\u00e7\u00f5es do Instagram pode aumentar rapidamente a sua presen\u00e7a nas redes sociais. Compre visualiza\u00e7\u00f5es do Instagram e obtenha uma entrega r\u00e1pida, alta qualidade, excelente servi\u00e7o, pre\u00e7o barato e satisfa\u00e7\u00e3o garantida! A JuicyFollow ir\u00e1 ajud\u00e1-lo a tornar-se especialista em redes sociais. Ser\u00e1 servido com um excelente servi\u00e7o ao cliente. Obtenha agora a sua melhor experi\u00eancia com a JuicyFollow!<\/p>\n<h2>\u00c9 seguro comprar visualiza\u00e7\u00f5es do Instagram?<\/h2>\n<p>Sim. Comprar visualiza\u00e7\u00f5es do Instagram \u00e9 100% seguro. Nunca vimos clientes fazerem coment\u00e1rios negativos sobre as encomendas que aqui fizeram. E se o fizessem, ir\u00edamos certificar-nos de que resolver\u00edamos os seus problemas rapidamente.<\/p>\n<p>Al\u00e9m disso, nunca iremos partilhar os seus dados de conta ou os seus dados pessoais com o Instagram ou terceiros. Isto torna a compra de visualiza\u00e7\u00f5es do Instagram completamente segura.<\/p>\n<h2>As visualiza\u00e7\u00f5es do Instagram s\u00e3o reais?<\/h2>\n<p>Sim. Os perfis que receber\u00e1 s\u00e3o visualiza\u00e7\u00f5es do Instagram 100% reais. Isso significa que est\u00e3o registados no Instagram.<\/p>\n<p>No entanto, em 99% dos casos, n\u00e3o s\u00e3o controlados por pessoas reais. Quase sempre v\u00eam de &#8220;bots&#8221; automatizados. Estes &#8220;bots&#8221; podem ser controlados para gostarem da sua publica\u00e7\u00e3o em massa. Isto torna poss\u00edvel ter muitos visualizadores de uma s\u00f3 vez. <strong>A vantagem<\/strong> \u00e9 que pode obter muitos visualizadores rapidamente por um pre\u00e7o bastante acess\u00edvel.<\/p>\n<h2>Posso comprar visualiza\u00e7\u00f5es de stories do Instagram?<\/h2>\n<p>Absolutamente! Pode obter as visualiza\u00e7\u00f5es que quiser para as suas stories, v\u00eddeos, IGTV, Reels e tamb\u00e9m v\u00eddeos ao vivo com a JuicyFollow. Tamb\u00e9m pode encomendar a quantidade de visualiza\u00e7\u00f5es que precisar. As suas stories ser\u00e3o mais vis\u00edveis para os seguidores, ter muitos visualizadores na sua conta ser\u00e1 bom como uma pessoa famosa das redes sociais.<\/p>\n<h2>Posso comprar visualiza\u00e7\u00f5es de Reels do Instagram?<\/h2>\n<p>Absolutamente! Tamb\u00e9m pode obter as visualiza\u00e7\u00f5es que quiser para os seus Reels, GTV e tamb\u00e9m v\u00eddeos ao vivo com a JuicyFollow. Tamb\u00e9m pode encomendar a quantidade de visualiza\u00e7\u00f5es que precisar. Ordem de processo f\u00e1cil e as suas visualiza\u00e7\u00f5es s\u00e3o entregues instantaneamente. Se a sua publica\u00e7\u00e3o for vista por muitas pessoas, a sua conta ser\u00e1 f\u00e1cil de ser notada por muitas pessoas. Fa\u00e7a com que os seus Reels se tornem uma busca de topo para outras pessoas e seja a estrela!<\/p>\n<h2>Posso comprar visualiza\u00e7\u00f5es baratas do Instagram?<\/h2>\n<p>Claro que sim. Com as visualiza\u00e7\u00f5es da JuicyFollow, tem a garantia de obter o melhor pre\u00e7o. \u00c9 seguro dizer que podes comprar visualiza\u00e7\u00f5es do Instagram baratas connosco. Pre\u00e7o baixo e a melhor experi\u00eancia!<\/p>\n<h2>Quantas visualiza\u00e7\u00f5es posso comprar?<\/h2>\n<p>Se for um novo utilizador, pode obter visualiza\u00e7\u00f5es a partir de 100 visualiza\u00e7\u00f5es a pre\u00e7o barato e boa qualidade. Pode n\u00e3o saber exatamente quantas visualiza\u00e7\u00f5es precisam e tamb\u00e9m pode obter planos premium de pacotes, que valem dinheiro e que merece obter. E n\u00e3o s\u00f3. Se estiver interessado em aderir, a JuicyFollow d\u00e1-lhe as boas-vindas como membro VIP. N\u00e3o se preocupe! As suas visualiza\u00e7\u00f5es aumentam imediatamente.<\/p>\n<p>Pode comprar at\u00e9 100 visualiza\u00e7\u00f5es do Instagram por um pre\u00e7o baixo e boa qualidade. Tamb\u00e9m pode escolher uma quantidade para comprar entre 200 e 300 visualiza\u00e7\u00f5es do Instagram, tais como 250 visualiza\u00e7\u00f5es. N\u00e3o importa se compra visualiza\u00e7\u00f5es para reel ou stories do Instagram. Isto torna-o muito amig\u00e1vel para os Instagrammers que apenas come\u00e7am agora a comprar visualiza\u00e7\u00f5es do Instagram.<\/p>\n<h2>Como comprar 10k visualiza\u00e7\u00f5es do Intagram<\/h2>\n<p>Muitas pessoas acreditam que ter 10k visualiza\u00e7\u00f5es do Instagram na sua publica\u00e7\u00e3o ou v\u00eddeo significa que fez algo de extraordin\u00e1rio. Para muitas pessoas, ultrapassar as 10k visualiza\u00e7\u00f5es do Instagram \u00e9 um marco importante. Aqui, na JuicyFollow, pode comprar facilmente 10k visualiza\u00e7\u00f5es do Instagram facilmente e ao melhor pre\u00e7o.<\/p>\n<h2>Como obteres visualiza\u00e7\u00f5es gratuitas no Instagram<\/h2>\n<p>Obter visualiza\u00e7\u00f5es gratuitas no Instagram \u00e9 muito f\u00e1cil. Mas demora muito tempo. Aqui tens algumas dicas para obteres visualiza\u00e7\u00f5es gratuitas no Instagram rapidamente:<\/p>\n<ul>\n<li><strong>Goste das publica\u00e7\u00f5es de outras pessoas.<\/strong> Muitas pessoas ir\u00e3o consultar o seu perfil depois de gostar da sua publica\u00e7\u00e3o. Se o teu perfil for suficientemente interessante, h\u00e1 uma grande probabilidade de eles verem tamb\u00e9m as tuas publica\u00e7\u00f5es e v\u00eddeos. Tenha cuidado para n\u00e3o gostar de demasiadas publica\u00e7\u00f5es num dia, pois o algoritmo do Instagram poder\u00e1 apanh\u00e1-lo por fazer &#8220;falcatrua&#8221;.<\/li>\n<li><strong>Promova o seu perfil Instagram noutras plataformas de redes sociais.<\/strong>  Esta \u00e9 provavelmente a forma mais f\u00e1cil de obteres visualiza\u00e7\u00f5es gratuitas no Instagram. Porque n\u00e3o promove tamb\u00e9m o seu perfil no <a href=\"https:\/\/juicyfollow.com\/pt-pt\/youtube-pt\/\" target=\"_blank\" rel=\"noopener\">YouTube<\/a> e <a href=\"https:\/\/juicyfollow.com\/pt-pt\/tiktok-pt\/\" target=\"_blank\" rel=\"noopener\">TikTok<\/a>?<\/li>\n<li><strong>Comente as publica\u00e7\u00f5es de outras pessoas.<\/strong> O que vale mais do que um gosto? Um coment\u00e1rio, claro. Aumenta as tuas hip\u00f3teses de algu\u00e9m ver os teus v\u00eddeos e de te seguir, n\u00e3o s\u00f3 gostando da sua publica\u00e7\u00e3o, mas tamb\u00e9m comentando-a. H\u00e1 grandes hip\u00f3teses de mais pessoas come\u00e7arem a ver as tuas publica\u00e7\u00f5es e a seguir-te. <\/li>\n<li><strong>Publique regularmente.<\/strong> Era escusado estar a dizer. Quem publica v\u00eddeos regularmente tem mais hip\u00f3teses de obter mais visualiza\u00e7\u00f5es gratuitas no Instagram. Certifique-se de que utilizam muitos hashtags nas suas publica\u00e7\u00f5es.<\/li>\n<\/ul>\n<p>Estas s\u00e3o algumas dicas b\u00e1sicas para obteres mais visualiza\u00e7\u00f5es gratuitas no Instagram. Se est\u00e1s disposto a gastar algum dinheiro para aumentar o teu perfil do Instagram, podes considerar comprar visualiza\u00e7\u00f5es baratas do Instagram connosco. <\/p>\n\t\t<\/div>\n\t\t\t\t\t<\/div>\n\n\t\n<\/div>\n","protected":false},"excerpt":{"rendered":"","protected":false},"featured_media":2537,"comment_status":"open","ping_status":"closed","template":"","meta":[],"product_brand":[],"product_cat":[110],"product_tag":[245],"class_list":{"0":"post-1966","1":"product","2":"type-product","3":"status-publish","4":"has-post-thumbnail","6":"product_cat-instagram-pt","7":"product_tag-comprar-visualizacoes-do-instagram","9":"first","10":"instock","11":"sale","12":"taxable","13":"shipping-taxable","14":"purchasable","15":"product-type-variable"},"_links":{"self":[{"href":"https:\/\/juicyfollow.com\/pt-pt\/wp-json\/wp\/v2\/product\/1966","targetHints":{"allow":["GET"]}}],"collection":[{"href":"https:\/\/juicyfollow.com\/pt-pt\/wp-json\/wp\/v2\/product"}],"about":[{"href":"https:\/\/juicyfollow.com\/pt-pt\/wp-json\/wp\/v2\/types\/product"}],"replies":[{"embeddable":true,"href":"https:\/\/juicyfollow.com\/pt-pt\/wp-json\/wp\/v2\/comments?post=1966"}],"wp:featuredmedia":[{"embeddable":true,"href":"https:\/\/juicyfollow.com\/pt-pt\/wp-json\/wp\/v2\/media\/2537"}],"wp:attachment":[{"href":"https:\/\/juicyfollow.com\/pt-pt\/wp-json\/wp\/v2\/media?parent=1966"}],"wp:term":[{"taxonomy":"product_brand","embeddable":true,"href":"https:\/\/juicyfollow.com\/pt-pt\/wp-json\/wp\/v2\/product_brand?post=1966"},{"taxonomy":"product_cat","embeddable":true,"href":"https:\/\/juicyfollow.com\/pt-pt\/wp-json\/wp\/v2\/product_cat?post=1966"},{"taxonomy":"product_tag","embeddable":true,"href":"https:\/\/juicyfollow.com\/pt-pt\/wp-json\/wp\/v2\/product_tag?post=1966"}],"curies":[{"name":"wp","href":"https:\/\/api.w.org\/{rel}","templated":true}]}}