{"id":1907,"date":"2021-07-03T16:55:25","date_gmt":"2021-07-03T16:55:25","guid":{"rendered":"https:\/\/juicyfollow.com\/subscritores-do-youtube\/"},"modified":"2025-07-12T09:13:10","modified_gmt":"2025-07-12T09:13:10","slug":"comprar-subscritores-youtube","status":"publish","type":"product","link":"https:\/\/juicyfollow.com\/pt-pt\/comprar-subscritores-youtube\/","title":{"rendered":"Subscritores YouTube"},"content":{"rendered":"<div class=\"row\"  id=\"row-1305724954\">\n\n\t<div id=\"col-1132072618\" class=\"col small-12 large-12\"  >\n\t\t\t\t<div class=\"col-inner\"  >\n\t\t\t\n\t\t\t\n<p><strong>Compre subscritores YouTube<\/strong> para o seu canal do YouTube. Alcance rapidamente os 1000 subscritores com os subscritores do YouTube da JuicyFollow. <\/p>\n<h2>Porque deve comprar subscritores YouTube?<\/h2>\n<p>Comprar susbcritores do YouTube impulsionar\u00e1 rapidamente o seu canal do YouTube. O n\u00famero de subscritores aumenta n\u00e3o s\u00f3 atrav\u00e9s da compra de subscritores do YouTube, mas uma grande quantidade de subscritores indica tamb\u00e9m que tem um canal popular no YouTube.  Isto significa que o seu perfil ir\u00e1 atrair pessoas reais (visualiza\u00e7\u00f5es, gostos e subscritores) mais rapidamente.<\/p>\n<p>Considere o seguinte&#8230; Um canal com apenas 25 subscritores n\u00e3o \u00e9 muito suscet\u00edvel de atrair novos subscritores. Mas um canal que j\u00e1 tem 1000 subscritores \u00e9 muito mais suscet\u00edvel de atrair novos subscritores. Afinal, 1000 pessoas j\u00e1 subscreveram este canal, portanto, deve ser um bom canal, certo?   Esta \u00e9, muitas vezes, a filosofia das pessoas no YouTube.<\/p>\n<h2>\u00c9 seguro comprar subscritores do YouTube?<\/h2>\n<p>Sim. Comprar subscritores do YouTube \u00e9 100% seguro. Nunca vimos clientes fazerem coment\u00e1rios negativos sobre as encomendas que aqui fizeram. E se o fizessem, ir\u00edamos certificar-nos de que resolver\u00edamos os seus problemas rapidamente.<\/p>\n<p>Al\u00e9m disso, nunca partilharemos os seus dados pessoais ou de conta com o YouTube ou terceiros. Isto faz com que a compra de subscritores do YouTube seja totalmente segura.<\/p>\n<h2>Os subscritores do YouTube s\u00e3o reais?<\/h2>\n<p>Sim. Os subscritores que receber\u00e1 s\u00e3o subscritores do YouTube 100% reais. Isso significa que est\u00e3o registados no YouTube. <\/p>\n<p>No entanto, em 99% dos casos, n\u00e3o s\u00e3o controlados por pessoas reais. Quase sempre v\u00eam de &#8220;bots&#8221; automatizados. Estes \u201cbots\u201d podem ser controlados para subscrever o seu canal em massa. Isto torna poss\u00edvel obter muitos subscritores de uma s\u00f3 vez. <strong>A vantagem<\/strong> \u00e9 que pode obter muitos subscritores rapidamente por um pre\u00e7o relativamente acess\u00edvel. <\/p>\n<h2>Posso comprar subscritores do YouTube baratos?<\/h2>\n<p>Claro que sim. Com os subscritores 100% reais da JuicyFollow, tem a garantia de obter o melhor pre\u00e7o. \u00c9 seguro dizer que pode comprar subscritores baratos do YouTube connosco. <\/p>\n<h2>Como comprar 1000 subscritores do YouTube<\/h2>\n<p>Muitas pessoas acreditam que ter 1000 subscritores do YouTube significa que fez algo de grandioso. Para muitas pessoas, ultrapassar os 1000 subscritores do YouTube \u00e9 um marco importante. Aqui, na JuicyFollow, pode comprar 1000 subscritores baratos do YouTube.  <\/p>\n<p>Sim, tamb\u00e9m pode <strong>rentabilizar o seu canal<\/strong> com os nossos subscritores. Se atingiu os 1000 subscritores do YouTube e 4000 horas de tempo de observa\u00e7\u00e3o, pode candidatar-se ao Programa de Parceiros do YouTube. <\/p>\n<h2>Como obter subscritores do YouTube gratuitos<\/h2>\n<p>Conseguir subscritores gratuitos do YouTube \u00e9 bastante f\u00e1cil. Mas demora muito tempo. Aqui tem algumas dicas para adquirir rapidamente subscritores gratuitos do YouTube:<\/p>\n<ul>\n<li><strong>Promova o seu canal do YouTube noutras plataformas de redes sociais.<\/strong> Esta \u00e9 provavelmente a forma mais f\u00e1cil de obter subscritores do YouTube gratuitos. Porque n\u00e3o promove tamb\u00e9m o seu perfil no <span style=\"text-decoration: underline;\"><a href=\"https:\/\/juicyfollow.com\/pt-pt\/tiktok-pt\/\" target=\"_blank\" rel=\"noopener\">TikTok<\/a><\/span> e <a href=\"https:\/\/juicyfollow.com\/pt-pt\/instagram-pt\/\" target=\"_blank\" rel=\"noopener\"><span style=\"text-decoration: underline;\">Instagram<\/span><\/a> ? Muitas pessoas j\u00e1 o fizeram.<\/li>\n<li><strong>Comente os v\u00eddeos de outras pessoas.<\/strong> Aumente as suas hip\u00f3teses de algu\u00e9m subscrever o seu canal, n\u00e3o s\u00f3 gostando do seu v\u00eddeo, mas tamb\u00e9m deixando o seu coment\u00e1rio. \u00c9 muito prov\u00e1vel que mais pessoas sejam atra\u00eddas para o seu canal e a vejam os seus v\u00eddeos.<\/li>\n<li><strong>Carregue conte\u00fado frequentemente.<\/strong> Era escusado estar a dizer. Algu\u00e9m que carrega regularmente conte\u00fado tem uma maior probabilidade de conseguir mais subscritores gratuitos do YouTube. Certifique-se de que tamb\u00e9m utiliza muitos hashtags nos seus v\u00eddeos. <\/li>\n<li><strong>Certifique-se de que os seus v\u00eddeos t\u00eam \u00f3timas miniaturas. <\/strong>As miniaturas s\u00e3o pequenas imagens que as pessoas veem antes de assistirem ao seu v\u00eddeo. Uma miniatura apelativa destaca-se e apresenta uma maior probabilidade de ser vista pelas pessoas e, portanto, uma hip\u00f3tese maior de subscreverem o seu canal.<\/li>\n<\/ul>\n<p>Estas s\u00e3o algumas dicas b\u00e1sicas para obter mais subscritores gratuitos do YouTube. Se estiver disposto a gastar algum dinheiro para fazer crescer o seu perfil do YouTube, pode considerar a compra de subscritores baratos do YouTube connosco. <\/p>\n<h2>Existem desvantagens?<\/h2>\n<p>Infelizmente, o YouTube por vezes decide fazer uma grande limpeza e apagar contas &#8220;spam&#8221;. J\u00e1 aconteceu algumas vezes no passado. Como resultado, \u00e9 poss\u00edvel que perca subscritores. No entanto, todas as suas compras incluem um per\u00edodo de 30 dias de reabastecimento. Tudo o que precisa de fazer \u00e9 contactar-nos e pedir um reabastecimento.<\/p>\n<h2>Tamb\u00e9m oferecem outros servi\u00e7os do YouTube?<\/h2>\n<p>Sim, tamb\u00e9m oferecemos outros servi\u00e7os do YouTube. Se pretender aumentar os seus v\u00eddeos com visualiza\u00e7\u00f5es, <span style=\"text-decoration: underline;\"><a href=\"https:\/\/juicyfollow.com\/youtube-likes\/\" target=\"_blank\" rel=\"noopener\">compre visualiza\u00e7\u00f5es do YouTube<\/a><\/span>. Tamb\u00e9m pode impulsionar os seus gostos <span style=\"text-decoration: underline;\"><a href=\"https:\/\/juicyfollow.com\/youtube-subscribers\/\" target=\"_blank\" rel=\"noopener\">comprando gostos do YouTube<\/a>.<\/span><\/p>\n<h2>Tenho garantia de compra?<\/h2>\n<p>Sim! A sua satisfa\u00e7\u00e3o \u00e9 importante para n\u00f3s. Isto significa que se, por qualquer raz\u00e3o, n\u00e3o estiver satisfeito com a sua compra, receber\u00e1 de volta 100% do seu dinheiro no prazo de 30 dias ap\u00f3s a sua compra. N\u00e3o est\u00e1 satisfeito? Constacte-nos e receber\u00e1 um reembolso, sem quest\u00f5es.<\/p>\n<p>Certifique-se de que n\u00e3o somos respons\u00e1veis pela elimina\u00e7\u00e3o da sua conta. Contudo, NUNCA aconteceu uma conta ser eliminada. Isto torna a compra de subscritores do YouTube completamente segura.<\/p>\n\t\t<\/div>\n\t\t\t\t\t<\/div>\n\n\t\n<\/div>\n","protected":false},"excerpt":{"rendered":"","protected":false},"featured_media":2530,"comment_status":"open","ping_status":"closed","template":"","meta":[],"product_brand":[],"product_cat":[163],"product_tag":[247],"class_list":{"0":"post-1907","1":"product","2":"type-product","3":"status-publish","4":"has-post-thumbnail","6":"product_cat-youtube-pt","7":"product_tag-comprar-subscritores-do-youtube","9":"first","10":"instock","11":"sale","12":"sold-individually","13":"taxable","14":"shipping-taxable","15":"purchasable","16":"product-type-variable"},"_links":{"self":[{"href":"https:\/\/juicyfollow.com\/pt-pt\/wp-json\/wp\/v2\/product\/1907","targetHints":{"allow":["GET"]}}],"collection":[{"href":"https:\/\/juicyfollow.com\/pt-pt\/wp-json\/wp\/v2\/product"}],"about":[{"href":"https:\/\/juicyfollow.com\/pt-pt\/wp-json\/wp\/v2\/types\/product"}],"replies":[{"embeddable":true,"href":"https:\/\/juicyfollow.com\/pt-pt\/wp-json\/wp\/v2\/comments?post=1907"}],"wp:featuredmedia":[{"embeddable":true,"href":"https:\/\/juicyfollow.com\/pt-pt\/wp-json\/wp\/v2\/media\/2530"}],"wp:attachment":[{"href":"https:\/\/juicyfollow.com\/pt-pt\/wp-json\/wp\/v2\/media?parent=1907"}],"wp:term":[{"taxonomy":"product_brand","embeddable":true,"href":"https:\/\/juicyfollow.com\/pt-pt\/wp-json\/wp\/v2\/product_brand?post=1907"},{"taxonomy":"product_cat","embeddable":true,"href":"https:\/\/juicyfollow.com\/pt-pt\/wp-json\/wp\/v2\/product_cat?post=1907"},{"taxonomy":"product_tag","embeddable":true,"href":"https:\/\/juicyfollow.com\/pt-pt\/wp-json\/wp\/v2\/product_tag?post=1907"}],"curies":[{"name":"wp","href":"https:\/\/api.w.org\/{rel}","templated":true}]}}