{"id":8527,"date":"2022-11-11T07:26:06","date_gmt":"2022-11-11T07:26:06","guid":{"rendered":"https:\/\/juicyfollow.com\/miesieczna-liczba-sluchaczy-spotify\/"},"modified":"2025-07-12T09:47:47","modified_gmt":"2025-07-12T09:47:47","slug":"miesieczna-liczba-sluchaczy-spotify","status":"publish","type":"product","link":"https:\/\/juicyfollow.com\/pl\/miesieczna-liczba-sluchaczy-spotify\/","title":{"rendered":"Miesi\u0119czna liczba s\u0142uchaczy Spotify"},"content":{"rendered":"<div class=\"row\"  id=\"row-1900372610\">\n\n\t<div id=\"col-1007555708\" class=\"col small-12 large-12\"  >\n\t\t\t\t<div class=\"col-inner\"  >\n\t\t\t\n\t\t\t\n<p><strong>Kup miesi\u0119cznych s\u0142uchaczy Spotify<\/strong> dla swojego konta Spotify. Wzmocnij swoje konto Spotify dzi\u0119ki wysokiej jako\u015bci miesi\u0119cznym s\u0142uchaczom od JuicyFollow. <\/p>\n<h2>Dlaczego warto kupi\u0107 Spotify Monthly Listeners?<\/h2>\n<p>Kupowanie miesi\u0119cznych s\u0142uchaczy Spotify zapewni szybki wzrost popularno\u015bci konta Spotify. Liczba miesi\u0119cznych s\u0142uchaczy wzrasta nie tylko poprzez kupowanie miesi\u0119cznych s\u0142uchaczy, du\u017ca liczba miesi\u0119cznych s\u0142uchaczy wskazuje r\u00f3wnie\u017c, \u017ce masz popularne konto Spotify. Oznacza to, \u017ce Tw\u00f3j profil b\u0119dzie szybciej przyci\u0105ga\u0142 prawdziwe osoby (odtworzenia, s\u0142uchaczy i obserwuj\u0105cych).  <\/p>\n<p>Rozwa\u017c nast\u0119puj\u0105ce&#8230; Artysta muzyczny z zaledwie 500 miesi\u0119cznymi s\u0142uchaczami ma niewielkie szanse na przyci\u0105gni\u0119cie nowych s\u0142uchaczy. Ale artysta, kt\u00f3ry ma ju\u017c 100 000 s\u0142uchaczy miesi\u0119cznie, ma znacznie wi\u0119ksze szanse na przyci\u0105gni\u0119cie nowych s\u0142uchaczy. W ko\u0144cu 100 000 os\u00f3b ju\u017c aktywnie s\u0142ucha piosenek artysty, wi\u0119c musi to by\u0107 dobry artysta muzyczny, prawda? Taka jest cz\u0119sto filozofia ludzi na Spotify.   <\/p>\n<h2>Czy kupowanie miesi\u0119cznych subskrybent\u00f3w Spotify jest bezpieczne?<\/h2>\n<p>Tak. Kupowanie miesi\u0119cznych s\u0142uchaczy Spotify jest w 100% bezpieczne. Nigdy nie zdarzy\u0142o nam si\u0119, aby klienci wystawiali negatywne komentarze na temat zam\u00f3wie\u0144, kt\u00f3re z\u0142o\u017cyli w tym miejscu. A je\u015bli to zrobi\u0105, zawsze upewniamy si\u0119, \u017ce szybko rozwi\u0105\u017cemy ich problemy.<\/p>\n<p>Co wi\u0119cej, nigdy nie udost\u0119pnimy Twojego konta ani danych osobowych Spotify lub innym stronom trzecim. Dzi\u0119ki temu kupowanie miesi\u0119cznych subskrypcji Spotify jest ca\u0142kowicie bezpieczne. <\/p>\n<h2>Czy Twoi miesi\u0119czni s\u0142uchacze Spotify s\u0105 prawdziwi?<\/h2>\n<p>Tak. Miesi\u0119czni s\u0142uchacze, kt\u00f3rych otrzymasz, to w 100% prawdziwi s\u0142uchacze Spotify. Oznacza to, \u017ce s\u0105 oni zarejestrowani w Spotify. <\/p>\n<p>Jednak w 99% przypadk\u00f3w nie s\u0105 one kontrolowane przez prawdziwych ludzi. Prawie zawsze pochodz\u0105 one od zautomatyzowanych &#8222;bot\u00f3w&#8221;. Te &#8222;boty&#8221; mo\u017cna kontrolowa\u0107, aby masowo s\u0142ucha\u0142y twoich piosenek. Umo\u017cliwia to zdobycie wielu s\u0142uchaczy za jednym zamachem. Zalet\u0105 jest to, \u017ce mo\u017cna szybko zdoby\u0107 wielu s\u0142uchaczy za stosunkowo dobr\u0105 cen\u0119.  <\/p>\n<h2>Czy mog\u0119 kupi\u0107 tanich miesi\u0119cznych s\u0142uchaczy Spotify?<\/h2>\n<p>Pewnie, \u017ce mo\u017cesz. Dzi\u0119ki wysokiej jako\u015bci miesi\u0119cznym s\u0142uchaczom od JuicyFollow masz gwarancj\u0119, \u017ce otrzymasz najlepsz\u0105 cen\u0119. Mo\u017cna \u015bmia\u0142o powiedzie\u0107, \u017ce u nas mo\u017cna kupi\u0107 tanich miesi\u0119cznych s\u0142uchaczy Spotify. <\/p>\n<h2>Jak kupi\u0107 1 milion s\u0142uchaczy Spotify miesi\u0119cznie?<\/h2>\n<p>Wielu uwa\u017ca, \u017ce posiadanie 1 miliona miesi\u0119cznych s\u0142uchaczy Spotify oznacza, \u017ce dokona\u0142e\u015b czego\u015b wielkiego. Dla wielu os\u00f3b przekroczenie 1 miliona miesi\u0119cznych s\u0142uchaczy jest kamieniem milowym. W JuicyFollow mo\u017cesz tanio kupi\u0107 1 milion miesi\u0119cznych s\u0142uchaczy Spotify.  <\/p>\n<h2>Jak zdoby\u0107 darmowych miesi\u0119cznych s\u0142uchaczy<\/h2>\n<p>Zdobycie darmowych miesi\u0119cznych s\u0142uchaczy na Spotify jest do\u015b\u0107 proste. Ale to wymaga du\u017co czasu. Oto kilka wskaz\u00f3wek, jak szybko uzyska\u0107 darmowych miesi\u0119cznych s\u0142uchaczy:<\/p>\n<ul>\n<li><strong>Promuj swoje utwory ze Spotify na innych platformach spo\u0142eczno\u015bciowych.<\/strong>  Jest to prawdopodobnie naj\u0142atwiejszy spos\u00f3b na zdobycie darmowych odtworze\u0144 i miesi\u0119cznej liczby s\u0142uchaczy na swoim profilu Spotify. Dlaczego nie promowa\u0107 go na <span style=\"text-decoration: underline;\"><a href=\"https:\/\/juicyfollow.com\/pl\/youtube-pl\/\" target=\"_blank\" rel=\"noopener\">YouTube<\/a><\/span> i <a href=\"https:\/\/juicyfollow.com\/pl\/instagram-pl\/\" target=\"_blank\" rel=\"noopener\"><span style=\"text-decoration: underline;\">Instagramie<\/span><\/a> r\u00f3wnie\u017c?  Wielu zrobi\u0142o to przed tob\u0105.<\/li>\n<li><strong>Tw\u00f3rz i przesy\u0142aj cz\u0119sto.<\/strong>  Powinno si\u0119 to odby\u0107 bez dw\u00f3ch zda\u0144. Kto\u015b, kto regularnie przesy\u0142a nowe utwory, ma wi\u0119ksze szanse na uzyskanie wi\u0119kszej liczby bezp\u0142atnych odtworze\u0144 i miesi\u0119cznych s\u0142uchaczy.<\/li>\n<li><strong>Upewnij si\u0119, \u017ce Tw\u00f3j utw\u00f3r \/ album ma \u015bwietn\u0105 ok\u0142adk\u0119.  <\/strong>Ok\u0142adki to ma\u0142e obrazki, kt\u00f3re ludzie widz\u0105 przed wys\u0142uchaniem utworu. \u015awietna, chwytliwa ok\u0142adka wyr\u00f3\u017cnia si\u0119 i ma wi\u0119ksz\u0105 szans\u0119 na klikni\u0119cie przez ludzi. <\/li>\n<\/ul>\n<p>Oto kilka podstawowych wskaz\u00f3wek, jak zdoby\u0107 wi\u0119cej darmowych miesi\u0119cznych s\u0142uchaczy. Je\u015bli chcesz wyda\u0107 troch\u0119 pieni\u0119dzy, aby rozwin\u0105\u0107 sw\u00f3j profil artysty Spotify, mo\u017cesz rozwa\u017cy\u0107 zakup tanich miesi\u0119cznych s\u0142uchaczy Spotify z nami. <\/p>\n<h2>Czy s\u0105 jakie\u015b wady?<\/h2>\n<p>Niestety Spotify zlicza tylko liczb\u0119 s\u0142uchaczy na koncie w ci\u0105gu ostatnich 28 dni. Oznacza to, \u017ce 28 dni po z\u0142o\u017ceniu zam\u00f3wienia liczba s\u0142uchaczy ponownie spadnie. To znaczy, chyba \u017ce zdecydujesz si\u0119 kupi\u0107 nowych miesi\u0119cznych s\u0142uchaczy Spotify przed up\u0142ywem tego terminu.  <\/p>\n<h2>Czy oferujecie r\u00f3wnie\u017c inne us\u0142ugi Spotify?<\/h2>\n<p>Tak, oferujemy r\u00f3wnie\u017c inne us\u0142ugi Spotify. Je\u015bli chcesz zwi\u0119kszy\u0107 liczb\u0119 odtworze\u0144, to <span style=\"text-decoration: underline;\"><a href=\"https:\/\/juicyfollow.com\/buy-spotify-plays\/\" target=\"_blank\" rel=\"noopener\">kup odtworzenia Spotify<\/a><\/span>. Mo\u017cesz tak\u017ce zwi\u0119kszy\u0107 liczb\u0119 obserwuj\u0105cych, kupuj\u0105c <span style=\"text-decoration: underline;\"><a href=\"https:\/\/juicyfollow.com\/buy-spotify-followers\/\" target=\"_blank\" rel=\"noopener\">obserwuj\u0105cych Spotify<\/a>.<\/span>  <\/p>\n<h2>Czy mam gwarancj\u0119 na m\u00f3j zakup?<\/h2>\n<p>Tak! Twoje zadowolenie jest dla nas wa\u017cne. Oznacza to, \u017ce je\u015bli z jakiegokolwiek powodu nie b\u0119dziesz zadowolony z zakupu, otrzymasz 100% zwrotu pieni\u0119dzy w ci\u0105gu 30 dni od daty zakupu. Wi\u0119c nie jeste\u015b zadowolony? Po prostu skontaktuj si\u0119 z nami, a otrzymasz zwrot pieni\u0119dzy bez \u017cadnych pyta\u0144.<\/p>\n<p>Upewnij si\u0119, \u017ce nie jeste\u015bmy odpowiedzialni za usuni\u0119cie Twojego konta. Jednak NIGDY nie zdarzy\u0142o si\u0119 u nas, aby konto zosta\u0142o usuni\u0119te. Dzi\u0119ki temu kupowanie miesi\u0119cznych subskrypcji Spotify jest ca\u0142kowicie bezpieczne.<\/p>\n\t\t<\/div>\n\t\t\t\t\t<\/div>\n\n\t\n<\/div>\n","protected":false},"excerpt":{"rendered":"","protected":false},"featured_media":3650,"comment_status":"open","ping_status":"closed","template":"","meta":[],"product_brand":[],"product_cat":[531],"product_tag":[],"class_list":{"0":"post-8527","1":"product","2":"type-product","3":"status-publish","4":"has-post-thumbnail","6":"product_cat-spotify-pl","8":"first","9":"instock","10":"sale","11":"taxable","12":"shipping-taxable","13":"purchasable","14":"product-type-variable"},"_links":{"self":[{"href":"https:\/\/juicyfollow.com\/pl\/wp-json\/wp\/v2\/product\/8527","targetHints":{"allow":["GET"]}}],"collection":[{"href":"https:\/\/juicyfollow.com\/pl\/wp-json\/wp\/v2\/product"}],"about":[{"href":"https:\/\/juicyfollow.com\/pl\/wp-json\/wp\/v2\/types\/product"}],"replies":[{"embeddable":true,"href":"https:\/\/juicyfollow.com\/pl\/wp-json\/wp\/v2\/comments?post=8527"}],"wp:featuredmedia":[{"embeddable":true,"href":"https:\/\/juicyfollow.com\/pl\/wp-json\/wp\/v2\/media\/3650"}],"wp:attachment":[{"href":"https:\/\/juicyfollow.com\/pl\/wp-json\/wp\/v2\/media?parent=8527"}],"wp:term":[{"taxonomy":"product_brand","embeddable":true,"href":"https:\/\/juicyfollow.com\/pl\/wp-json\/wp\/v2\/product_brand?post=8527"},{"taxonomy":"product_cat","embeddable":true,"href":"https:\/\/juicyfollow.com\/pl\/wp-json\/wp\/v2\/product_cat?post=8527"},{"taxonomy":"product_tag","embeddable":true,"href":"https:\/\/juicyfollow.com\/pl\/wp-json\/wp\/v2\/product_tag?post=8527"}],"curies":[{"name":"wp","href":"https:\/\/api.w.org\/{rel}","templated":true}]}}