{"id":8313,"date":"2022-11-12T06:44:08","date_gmt":"2022-11-12T06:44:08","guid":{"rendered":"https:\/\/juicyfollow.com\/obserwujacy-spotify\/"},"modified":"2025-07-12T09:36:16","modified_gmt":"2025-07-12T09:36:16","slug":"obserwujacy-spotify","status":"publish","type":"product","link":"https:\/\/juicyfollow.com\/pl\/obserwujacy-spotify\/","title":{"rendered":"Obserwuj\u0105cy Spotify"},"content":{"rendered":"<div class=\"row\"  id=\"row-1729531868\">\n\n\t<div id=\"col-251857673\" class=\"col small-12 large-12\"  >\n\t\t\t\t<div class=\"col-inner\"  >\n\t\t\t\n\t\t\t\n<p><strong>Kup followers\u00f3w Spotify<\/strong> dla swojego profilu artysty Spotify. Wzmocnij sw\u00f3j profil Spotify dzi\u0119ki wysokiej jako\u015bci obserwuj\u0105cym z JuicyFollow. <\/p>\n<h2>Dlaczego warto kupowa\u0107 obserwuj\u0105cych na Spotify?<\/h2>\n<p>Kupowanie obserwuj\u0105cych Spotify szybko wzmocni Tw\u00f3j profil artysty Spotify. Liczba obserwuj\u0105cych wzrasta nie tylko poprzez kupowanie obserwuj\u0105cych Spotify, du\u017ca liczba obserwuj\u0105cych wskazuje r\u00f3wnie\u017c, \u017ce masz popularne konto Spotify. Oznacza to, \u017ce Tw\u00f3j profil szybciej przyci\u0105gnie prawdziwych ludzi (odtworzenia, s\u0142uchaczy i obserwuj\u0105cych).  <\/p>\n<p>Rozwa\u017c nast\u0119puj\u0105ce&#8230; Profil z zaledwie 500 obserwuj\u0105cymi ma niewielkie szanse na przyci\u0105gni\u0119cie nowych obserwuj\u0105cych, odtworze\u0144 i s\u0142uchaczy. Ale profil, kt\u00f3ry ma ju\u017c 100 000 obserwuj\u0105cych, ma znacznie wi\u0119ksze szanse na przyci\u0105gni\u0119cie nowych obserwuj\u0105cych. W ko\u0144cu 100 000 obserwuj\u0105cych ju\u017c \u015bledzi ten profil, wi\u0119c ta osoba musi by\u0107 dobrym artyst\u0105, prawda? Taka jest cz\u0119sto filozofia ludzi na Spotify.   <\/p>\n<h2>Czy kupowanie obserwuj\u0105cych na Spotify jest bezpieczne?<\/h2>\n<p>Tak. Kupowanie obserwuj\u0105cych Spotify jest w 100% bezpieczne. Nigdy nie zdarzy\u0142o nam si\u0119, aby klienci wystawiali negatywne komentarze na temat zam\u00f3wie\u0144, kt\u00f3re z\u0142o\u017cyli w tym miejscu. A je\u015bli to zrobi\u0105, zawsze upewniamy si\u0119, \u017ce szybko rozwi\u0105\u017cemy ich problemy.<\/p>\n<p>Co wi\u0119cej, nigdy nie udost\u0119pnimy Twojego konta ani danych osobowych Spotify lub innym stronom trzecim. Dzi\u0119ki temu kupowanie obserwuj\u0105cych Spotify jest ca\u0142kowicie bezpieczne. <\/p>\n<h2>Czy obserwuj\u0105cy na Spotify s\u0105 prawdziwi?<\/h2>\n<p>Tak. Obserwuj\u0105cy, kt\u00f3rych otrzymasz, to w 100% prawdziwi obserwuj\u0105cy Spotify. Oznacza to, \u017ce s\u0105 oni zarejestrowani w Spotify. <\/p>\n<p>Jednak w 99% przypadk\u00f3w nie s\u0105 one kontrolowane przez prawdziwych ludzi. Prawie zawsze pochodz\u0105 one od zautomatyzowanych &#8222;bot\u00f3w&#8221;. Te &#8222;boty&#8221; mog\u0105 by\u0107 kontrolowane tak, aby masowo \u015bledzi\u0142y Tw\u00f3j profil. Umo\u017cliwia to zdobycie wielu obserwuj\u0105cych za jednym zamachem. Zalet\u0105 jest to, \u017ce mo\u017cna szybko zdoby\u0107 wielu obserwuj\u0105cych za stosunkowo dobr\u0105 cen\u0119.  <\/p>\n<h2>Czy mog\u0119 kupi\u0107 tanich obserwuj\u0105cych Spotify?<\/h2>\n<p>Pewnie, \u017ce mo\u017cesz. Dzi\u0119ki wysokiej jako\u015bci followersom z JuicyFollow masz gwarancj\u0119, \u017ce otrzymasz najlepsz\u0105 cen\u0119. Mo\u017cna \u015bmia\u0142o powiedzie\u0107, \u017ce u nas mo\u017cna kupi\u0107 tanich followers\u00f3w Spotify. <\/p>\n<h2>Jak kupi\u0107 1 milion obserwuj\u0105cych na Spotify?<\/h2>\n<p>Wiele os\u00f3b uwa\u017ca, \u017ce posiadanie 1 miliona obserwuj\u0105cych na Spotify oznacza, \u017ce dokona\u0142o si\u0119 czego\u015b wielkiego. Dla wielu os\u00f3b przekroczenie 1 miliona obserwuj\u0105cych na Spotify jest kamieniem milowym. W JuicyFollow mo\u017cesz tanio kupi\u0107 1 milion obserwuj\u0105cych na Spotify.  <\/p>\n<h2>Jak zdoby\u0107 darmowych obserwuj\u0105cych w Spotify<\/h2>\n<p>Zdobywanie darmowych obserwuj\u0105cych na Spotify jest do\u015b\u0107 proste. Ale to wymaga du\u017co czasu. Oto kilka wskaz\u00f3wek, jak szybko zdoby\u0107 darmowych obserwuj\u0105cych na Spotify:<\/p>\n<ul>\n<li><strong>Promuj swoje utwory i profil Spotify na innych platformach spo\u0142eczno\u015bciowych.<\/strong>  Jest to prawdopodobnie naj\u0142atwiejszy spos\u00f3b na zdobycie darmowych obserwuj\u0105cych na Spotify. Dlaczego nie promowa\u0107 swojego profilu na <span style=\"text-decoration: underline;\"><br \/>\n  <a href=\"https:\/\/juicyfollow.com\/pl\/youtube-pl\/\" target=\"_blank\" rel=\"noopener\">YouTube<\/a><br \/>\n<\/span> i <a href=\"https:\/\/juicyfollow.com\/pl\/instagram-pl\/\" target=\"_blank\" rel=\"noopener\"><br \/>\n  <span style=\"text-decoration: underline;\">Instagram<\/span><br \/>\n<\/a> r\u00f3wnie\u017c? Wielu zrobi\u0142o to przed tob\u0105.<\/li>\n<li><strong>Tw\u00f3rz i przesy\u0142aj cz\u0119sto.<\/strong>  Powinno si\u0119 to odby\u0107 bez dw\u00f3ch zda\u0144. Kto\u015b, kto regularnie przesy\u0142a nowe utwory, zapewnia wi\u0119ksz\u0105 ekspozycj\u0119, a tym samym ma wi\u0119ksz\u0105 szans\u0119 na zdobycie wi\u0119kszej liczby bezp\u0142atnych obserwuj\u0105cych Spotify.<\/li>\n<li><strong>Upewnij si\u0119, \u017ce Tw\u00f3j utw\u00f3r \/ album ma \u015bwietn\u0105 ok\u0142adk\u0119.  <\/strong>Ok\u0142adki to ma\u0142e obrazki, kt\u00f3re ludzie widz\u0105, zanim pos\u0142uchaj\u0105 Twojego utworu lub zobacz\u0105 Tw\u00f3j profil. \u015awietna, chwytliwa ok\u0142adka wyr\u00f3\u017cnia si\u0119 i ma wi\u0119ksz\u0105 szans\u0119 na klikni\u0119cie przez ludzi. <\/li>\n<\/ul>\n<p>Oto kilka podstawowych wskaz\u00f3wek, jak zdoby\u0107 wi\u0119cej darmowych obserwuj\u0105cych Spotify. Je\u015bli chcesz wyda\u0107 troch\u0119 pieni\u0119dzy, aby rozwin\u0105\u0107 sw\u00f3j profil Spotify, mo\u017cesz rozwa\u017cy\u0107 zakup tanich obserwuj\u0105cych Spotify u nas. <\/p>\n<h2>Czy s\u0105 jakie\u015b wady?<\/h2>\n<p>Niestety, Spotify czasami decyduje si\u0119 na gruntowne czyszczenie i usuwanie kont &#8222;spamowych&#8221;. W przesz\u0142o\u015bci zdarzy\u0142o si\u0119 to kilka razy. W efekcie mo\u017cliwe jest, \u017ce stracisz followers\u00f3w. Wszystkie zakupy s\u0105 jednak obj\u0119te gwarancj\u0105 z 30-dniow\u0105 bezp\u0142atn\u0105 us\u0142ug\u0105 uzupe\u0142niania. Wystarczy, \u017ce skontaktujesz si\u0119 z nami i poprosisz o dolewk\u0119.<\/p>\n<h2>Czy oferujecie r\u00f3wnie\u017c inne us\u0142ugi Spotify?<\/h2>\n<p>Tak, oferujemy r\u00f3wnie\u017c inne us\u0142ugi Spotify. Je\u015bli chcesz zwi\u0119kszy\u0107 liczb\u0119 miesi\u0119cznych s\u0142uchaczy, to <span style=\"text-decoration: underline;\"><a href=\"https:\/\/juicyfollow.com\/spotify-monthly-listeners\/\" target=\"_blank\" rel=\"noopener\">kup miesi\u0119cznych s\u0142uchaczy Spotify<\/a><\/span>. Mo\u017cesz tak\u017ce zwi\u0119kszy\u0107 liczb\u0119 odtworze\u0144 swoich utwor\u00f3w, kupuj\u0105c <span style=\"text-decoration: underline;\"><a href=\"https:\/\/juicyfollow.com\/buy-spotify-plays\/\" target=\"_blank\" rel=\"noopener\">odtworzenia Spotify<\/a>.<\/span>  <\/p>\n<h2>Czy mam gwarancj\u0119 na m\u00f3j zakup?<\/h2>\n<p>Tak! Twoje zadowolenie jest dla nas wa\u017cne. Oznacza to, \u017ce je\u015bli z jakiegokolwiek powodu nie b\u0119dziesz zadowolony z zakupu, otrzymasz 100% zwrotu pieni\u0119dzy w ci\u0105gu 30 dni od daty zakupu. Wi\u0119c nie jeste\u015b zadowolony? Po prostu skontaktuj si\u0119 z nami, a otrzymasz zwrot pieni\u0119dzy bez \u017cadnych pyta\u0144.<\/p>\n<p>Upewnij si\u0119, \u017ce nie jeste\u015bmy odpowiedzialni za usuni\u0119cie Twojego konta. Jednak NIGDY nie zdarzy\u0142o si\u0119 u nas, aby konto zosta\u0142o usuni\u0119te. To sprawia, \u017ce kupowanie obserwuj\u0105cych Spotify jest ca\u0142kowicie bezpieczne.<\/p>\n\t\t<\/div>\n\t\t\t\t\t<\/div>\n\n\t\n<\/div>\n","protected":false},"excerpt":{"rendered":"","protected":false},"featured_media":3650,"comment_status":"open","ping_status":"closed","template":"","meta":[],"product_brand":[],"product_cat":[531],"product_tag":[],"class_list":{"0":"post-8313","1":"product","2":"type-product","3":"status-publish","4":"has-post-thumbnail","6":"product_cat-spotify-pl","8":"first","9":"instock","10":"sale","11":"taxable","12":"shipping-taxable","13":"purchasable","14":"product-type-variable"},"_links":{"self":[{"href":"https:\/\/juicyfollow.com\/pl\/wp-json\/wp\/v2\/product\/8313","targetHints":{"allow":["GET"]}}],"collection":[{"href":"https:\/\/juicyfollow.com\/pl\/wp-json\/wp\/v2\/product"}],"about":[{"href":"https:\/\/juicyfollow.com\/pl\/wp-json\/wp\/v2\/types\/product"}],"replies":[{"embeddable":true,"href":"https:\/\/juicyfollow.com\/pl\/wp-json\/wp\/v2\/comments?post=8313"}],"wp:featuredmedia":[{"embeddable":true,"href":"https:\/\/juicyfollow.com\/pl\/wp-json\/wp\/v2\/media\/3650"}],"wp:attachment":[{"href":"https:\/\/juicyfollow.com\/pl\/wp-json\/wp\/v2\/media?parent=8313"}],"wp:term":[{"taxonomy":"product_brand","embeddable":true,"href":"https:\/\/juicyfollow.com\/pl\/wp-json\/wp\/v2\/product_brand?post=8313"},{"taxonomy":"product_cat","embeddable":true,"href":"https:\/\/juicyfollow.com\/pl\/wp-json\/wp\/v2\/product_cat?post=8313"},{"taxonomy":"product_tag","embeddable":true,"href":"https:\/\/juicyfollow.com\/pl\/wp-json\/wp\/v2\/product_tag?post=8313"}],"curies":[{"name":"wp","href":"https:\/\/api.w.org\/{rel}","templated":true}]}}