{"id":3125,"date":"2021-07-02T17:23:40","date_gmt":"2021-07-02T17:23:40","guid":{"rendered":"https:\/\/juicyfollow.com\/wyswietlenia-instagram\/"},"modified":"2025-07-12T09:13:45","modified_gmt":"2025-07-12T09:13:45","slug":"kup-wyswietlenia-instagram","status":"publish","type":"product","link":"https:\/\/juicyfollow.com\/pl\/kup-wyswietlenia-instagram\/","title":{"rendered":"Wy\u015bwietlenia Instagram"},"content":{"rendered":"<div class=\"row\"  id=\"row-1598726407\">\n\n\t<div id=\"col-605800747\" class=\"col small-12 large-12\"  >\n\t\t\t\t<div class=\"col-inner\"  >\n\t\t\t\n\t\t\t\n<p><strong>Kupuj wy\u015bwietlenia na<\/strong> Instagramie dla swoich klip\u00f3w, relacji i film\u00f3w na \u017cywo.<\/p>\n<h2>Dlaczego powiniene\u015b kupi\u0107 widoki na Instagramie?<\/h2>\n<p>Kupowanie wy\u015bwietle\u0144 na Instagramie da szybki impuls do rozwoju Twoich <a href=\"https:\/\/instagram.com\/\" target=\"_blank\" rel=\"noopener\">Instagramowych<\/a> stories post\u00f3w, film\u00f3w, ko\u0142owrotk\u00f3w, IGTV. Liczba obserwuj\u0105cych zwi\u0119ksza si\u0119 nie tylko poprzez kupowanie wy\u015bwietle\u0144 Instagrama, du\u017ca liczba wy\u015bwietle\u0144 \u015bwiadczy r\u00f3wnie\u017c o tym, \u017ce masz popularne konto na Instagramie. Oznacza to, \u017ce Tw\u00f3j profil b\u0119dzie szybciej przyci\u0105ga\u0142 prawdziwych ludzi (likes &amp; followers).<\/p>\n<p>Rozwa\u017c nast\u0119puj\u0105ce&#8230; Post reels z zaledwie 50 widz\u00f3w nie jest bardzo prawdopodobne, aby przyci\u0105gn\u0105\u0107 nowych widz\u00f3w i zwolennik\u00f3w. Ale post reels, kt\u00f3ry ma ju\u017c 5 000 wy\u015bwietle\u0144, jest o wiele bardziej prawdopodobne, aby przyci\u0105gn\u0105\u0107 nowe polubienia i nowych widz\u00f3w, plus nowe osoby b\u0119d\u0105 \u015bledzi\u0107 ci\u0119. W ko\u0144cu ten post obejrza\u0142o ju\u017c 5000 os\u00f3b, wi\u0119c musi to by\u0107 dobre konto prawda? To jest cz\u0119sto filozofia os\u00f3b, kt\u00f3re kupuj\u0105 ods\u0142ony na Instagramie. Je\u015bli Tw\u00f3j post jest ogl\u0105dany przez wiele ods\u0142on, Twoje konto b\u0119dzie \u0142atwe do zauwa\u017cenia przez wielu ludzi, sprawi, \u017ce Tw\u00f3j post stanie si\u0119 topowym wyszukiwaniem dla innych ludzi i b\u0119dzie gwiazd\u0105!<\/p>\n<h2>Dlaczego powiniene\u015b wybra\u0107 JuicyFollow?<\/h2>\n<p>Je\u015bli chcesz zosta\u0107 s\u0142awn\u0105 osob\u0105 w mediach spo\u0142eczno\u015bciowych, to jeste\u015b we w\u0142a\u015bciwym miejscu! Poniewa\u017c dzi\u0119ki naszym widokom na Instagramie mo\u017cesz szybko rozwin\u0105\u0107 swoj\u0105 obecno\u015b\u0107 w mediach spo\u0142eczno\u015bciowych. Kup teraz widoki Instagrama i otrzymaj szybk\u0105 dostaw\u0119, wysok\u0105 jako\u015b\u0107, \u015bwietn\u0105 obs\u0142ug\u0119, tani\u0105 cen\u0119 i satysfakcj\u0119 gwarantowan\u0105! JuicyFollow pomo\u017ce Ci sprawi\u0107, \u017ce staniesz si\u0119 ekspertem od medi\u00f3w spo\u0142eczno\u015bciowych. Zostaniesz obs\u0142u\u017cony z doskona\u0142\u0105 obs\u0142ug\u0105 klienta. Zdob\u0105d\u017a teraz swoje najlepsze do\u015bwiadczenie z JuicyFollow!<\/p>\n<h2>Czy kupowanie widok\u00f3w na Instagramie jest bezpieczne?<\/h2>\n<p>Tak. Kupowanie wy\u015bwietle\u0144 na Instagramie jest w 100% bezpieczne. Nigdy nie zdarzy\u0142o nam si\u0119, aby klienci wystawiali negatywne komentarze na temat zam\u00f3wie\u0144, kt\u00f3re z\u0142o\u017cyli w tym miejscu. A je\u015bli tak si\u0119 sta\u0142o, zawsze upewniali\u015bmy si\u0119, \u017ce szybko rozwi\u0105zali\u015bmy ich problemy.<\/p>\n<p>Ponadto nigdy nie udost\u0119pnimy Twojego konta lub danych osobowych Instagramowi lub innym stronom trzecim. Dzi\u0119ki temu kupowanie wy\u015bwietle\u0144 na Instagramie jest ca\u0142kowicie bezpieczne.<\/p>\n<h2>Czy widoki na Instagramie s\u0105 prawdziwe?<\/h2>\n<p>Tak. Profile, kt\u00f3re otrzymasz, s\u0105 w 100% prawdziwymi widokami Instagrama Oznacza to, \u017ce s\u0105 one zarejestrowane w Instagramie.<\/p>\n<p>Jednak w 99% przypadk\u00f3w nie s\u0105 one kontrolowane przez prawdziwych ludzi. Prawie zawsze pochodz\u0105 one od zautomatyzowanych &#8222;bot\u00f3w&#8221;. Te &#8222;boty&#8221; mog\u0105 by\u0107 kontrolowane, aby masowo polubi\u0107 tw\u00f3j post. To sprawia, \u017ce mo\u017cliwe jest uzyskanie wielu widz\u00f3w za jednym zamachem. <strong>Korzy\u015bci\u0105<\/strong> jest to, \u017ce mo\u017cna uzyska\u0107 wiele widz\u00f3w szybko, za stosunkowo dobr\u0105 cen\u0119.<\/p>\n<h2>Czy mog\u0119 kupi\u0107 ods\u0142ony Instagram Stories?<\/h2>\n<p>Absolutnie! Mo\u017cesz uzyska\u0107 Views dla swoich historii post\u00f3w, film\u00f3w, IGTV, Reels, a tak\u017ce LIVE wideo z JuicyFollow, jak chcesz. Mo\u017cesz r\u00f3wnie\u017c zam\u00f3wi\u0107 ile potrzebujesz, aby uzyska\u0107 widoki. Twoje historie b\u0119d\u0105 bardziej widoczne dla Twojego followera, im wi\u0119cej dostaniesz widz\u00f3w tym Twoje konto z zaanga\u017cowaniem b\u0119dzie dobre jako znana osoba w mediach spo\u0142eczno\u015bciowych.<\/p>\n<h2>Czy mog\u0119 kupi\u0107 ods\u0142ony Instagram Reels?<\/h2>\n<p>Absolutnie, mo\u017cna! Mo\u017cesz r\u00f3wnie\u017c uzyska\u0107 Views dla swoich Reels, IGTV, a tak\u017ce LIVE wideo z JuicyFollow, jak chcesz. Mo\u017cesz r\u00f3wnie\u017c zam\u00f3wi\u0107 ile potrzebujesz, aby uzyska\u0107 widoki. \u0141atwy proces zam\u00f3wienia i twoje widoki s\u0105 dostarczane natychmiast. Je\u015bli Tw\u00f3j post b\u0119dzie mia\u0142 du\u017co wy\u015bwietle\u0144, Twoje konto b\u0119dzie \u0142atwo zauwa\u017cone przez wiele os\u00f3b. Spraw, aby Twoje rolki sta\u0142y si\u0119 topowymi wyszukiwaniami innych os\u00f3b i b\u0105d\u017a gwiazd\u0105!<\/p>\n<h2>Czy mog\u0119 kupi\u0107 tanie widoki na Instagramie?<\/h2>\n<p>Pewnie, \u017ce mo\u017cesz. Dzi\u0119ki widokom z JuicyFollow masz gwarancj\u0119, \u017ce otrzymasz najlepsz\u0105 cen\u0119. Mo\u017cna \u015bmia\u0142o powiedzie\u0107, \u017ce u nas kupisz tanie ods\u0142ony Instagrama. Tania cena i najlepsze do\u015bwiadczenie!<\/p>\n<h2>Ile wy\u015bwietle\u0144 mog\u0119 kupi\u0107?<\/h2>\n<p>Je\u015bli jeste\u015b nowym u\u017cytkownikiem, mo\u017cesz uzyska\u0107 widoki od 100 widok\u00f3w z tani\u0105 cen\u0105 i dobr\u0105 jako\u015bci\u0105. Mo\u017cesz nie wiedzie\u0107 axactly widoki trzeba mo\u017cna r\u00f3wnie\u017c uzyska\u0107 pakiet plan\u00f3w premium, kt\u00f3re warto pieni\u0119dzy i zas\u0142u\u017cy\u0142e\u015b, aby uzyska\u0107. Nie tylko to, je\u015bli szukasz cz\u0142onkostwa, JuicyFollow powita Ci\u0119 jako cz\u0142onka VIP. Nie martw si\u0119! Twoje pogl\u0105dy natychmiast si\u0119 zwi\u0119kszaj\u0105.<\/p>\n<p>Ju\u017c od 100 wy\u015bwietle\u0144 na Instagramie mo\u017cesz kupi\u0107 tanio i z dobr\u0105 jako\u015bci\u0105. Mo\u017cesz r\u00f3wnie\u017c wybra\u0107 kwot\u0119 do zakupu pomi\u0119dzy 200 a 300 wy\u015bwietle\u0144 Instagrama, np. 250 wy\u015bwietle\u0144. Nie ma znaczenia, czy kupujesz ods\u0142ony dla szpuli na Instagramie, czy dla swoich stories. Dzi\u0119ki temu jest bardzo przyjazny dla Instagramer\u00f3w, kt\u00f3rzy dopiero zaczynaj\u0105 swoj\u0105 przygod\u0119 z kupowaniem wy\u015bwietle\u0144 na Instagramie.<\/p>\n<h2>Jak kupi\u0107 10k Instagram Views<\/h2>\n<p>Wielu uwa\u017ca, \u017ce posiadanie 10k wy\u015bwietle\u0144 na Instagramie swojego postu lub filmiku oznacza, \u017ce zrobi\u0142e\u015b co\u015b wielkiego. Dla wielu os\u00f3b przekroczenie 10k wy\u015bwietle\u0144 na Instagramie to wa\u017cny kamie\u0144 milowy. Tutaj w JuicyFollow mo\u017cesz kupi\u0107 10k Instagram views \u0142atwo, prosto i w najlepszej cenie.<\/p>\n<h2>Jak zdoby\u0107 darmowe widoki na Instagramie<\/h2>\n<p>Zdobywanie darmowych wy\u015bwietle\u0144 na Instagramie jest do\u015b\u0107 proste. Ale to wymaga du\u017co czasu. Oto kilka wskaz\u00f3wek, jak szybko zdoby\u0107 darmowe ods\u0142ony na Instagramie:<\/p>\n<ul>\n<li><strong>Polubi\u0107 posty innych os\u00f3b.<\/strong>  Wiele os\u00f3b sprawdzi Tw\u00f3j profil po tym, jak polubisz ich post. Je\u015bli Tw\u00f3j profil jest wystarczaj\u0105co interesuj\u0105cy, jest du\u017ca szansa, \u017ce obejrz\u0105 r\u00f3wnie\u017c Twoje posty i wideo. Uwa\u017caj, aby nie polubi\u0107 zbyt wielu post\u00f3w jednego dnia, poniewa\u017c algorytm Instagrama mo\u017ce Ci\u0119 z\u0142apa\u0107 za &#8222;oszukiwanie&#8221;.<\/li>\n<li><strong>Cross promuj sw\u00f3j profil na Instagramie na innych platformach social media.<\/strong>  To chyba najprostszy spos\u00f3b na zdobycie darmowych wy\u015bwietle\u0144 na Instagramie. Dlaczego nie promowa\u0107 swojego profilu r\u00f3wnie\u017c na <a href=\"https:\/\/juicyfollow.com\/pl\/youtube-pl\/\" target=\"_blank\" rel=\"noopener\">YouTube<\/a> i <a href=\"https:\/\/juicyfollow.com\/pl\/tiktok-pl\/\" target=\"_blank\" rel=\"noopener\">TikTok<\/a>?<\/li>\n<li><strong>Komentuj posty innych os\u00f3b.<\/strong>  Co jest bardziej warto\u015bciowe ni\u017c like? Komentarz oczywi\u015bcie. Zwi\u0119ksz swoje szanse na to, \u017ce kto\u015b obejrzy Twoje filmy i b\u0119dzie Ci\u0119 \u015bledzi\u0142, nie tylko poprzez polubienie jego postu, ale tak\u017ce skomentowanie go. Du\u017ce szanse, \u017ce wi\u0119cej os\u00f3b zacznie ogl\u0105da\u0107 Twoje posty i \u015bledzi\u0107 Ci\u0119.<\/li>\n<li><strong>Post cz\u0119sto.<\/strong>  Powinno si\u0119 to odby\u0107 bez dw\u00f3ch zda\u0144. Kto\u015b, kto regularnie zamieszcza filmy, ma wi\u0119ksz\u0105 szans\u0119 na zdobycie wi\u0119kszej ilo\u015bci darmowych wy\u015bwietle\u0144 na Instagramie. Upewnij si\u0119, \u017ce u\u017cywasz r\u00f3wnie\u017c wielu hashtag\u00f3w w swoich postach.<\/li>\n<\/ul>\n<p>Oto kilka podstawowych wskaz\u00f3wek, jak zdoby\u0107 wi\u0119cej darmowych wy\u015bwietle\u0144 na Instagramie. Je\u015bli jeste\u015b got\u00f3w wyda\u0107 troch\u0119 pieni\u0119dzy, aby rozwin\u0105\u0107 sw\u00f3j profil na Instagramie, mo\u017cesz rozwa\u017cy\u0107 zakup tanich widok\u00f3w na Instagramie z nami.<\/p>\n\t\t<\/div>\n\t\t\t\t\t<\/div>\n\n\t\n<\/div>\n","protected":false},"excerpt":{"rendered":"","protected":false},"featured_media":2988,"comment_status":"open","ping_status":"closed","template":"","meta":[],"product_brand":[],"product_cat":[374],"product_tag":[405],"class_list":{"0":"post-3125","1":"product","2":"type-product","3":"status-publish","4":"has-post-thumbnail","6":"product_cat-instagram-pl","7":"product_tag-kupic-instagramowe-widoki","9":"first","10":"instock","11":"sale","12":"taxable","13":"shipping-taxable","14":"purchasable","15":"product-type-variable"},"_links":{"self":[{"href":"https:\/\/juicyfollow.com\/pl\/wp-json\/wp\/v2\/product\/3125","targetHints":{"allow":["GET"]}}],"collection":[{"href":"https:\/\/juicyfollow.com\/pl\/wp-json\/wp\/v2\/product"}],"about":[{"href":"https:\/\/juicyfollow.com\/pl\/wp-json\/wp\/v2\/types\/product"}],"replies":[{"embeddable":true,"href":"https:\/\/juicyfollow.com\/pl\/wp-json\/wp\/v2\/comments?post=3125"}],"wp:featuredmedia":[{"embeddable":true,"href":"https:\/\/juicyfollow.com\/pl\/wp-json\/wp\/v2\/media\/2988"}],"wp:attachment":[{"href":"https:\/\/juicyfollow.com\/pl\/wp-json\/wp\/v2\/media?parent=3125"}],"wp:term":[{"taxonomy":"product_brand","embeddable":true,"href":"https:\/\/juicyfollow.com\/pl\/wp-json\/wp\/v2\/product_brand?post=3125"},{"taxonomy":"product_cat","embeddable":true,"href":"https:\/\/juicyfollow.com\/pl\/wp-json\/wp\/v2\/product_cat?post=3125"},{"taxonomy":"product_tag","embeddable":true,"href":"https:\/\/juicyfollow.com\/pl\/wp-json\/wp\/v2\/product_tag?post=3125"}],"curies":[{"name":"wp","href":"https:\/\/api.w.org\/{rel}","templated":true}]}}