{"id":3104,"date":"2021-07-03T16:55:25","date_gmt":"2021-07-03T16:55:25","guid":{"rendered":"https:\/\/juicyfollow.com\/subskrybenci-youtube\/"},"modified":"2025-07-12T09:13:09","modified_gmt":"2025-07-12T09:13:09","slug":"kup-subskrypcje-youtube","status":"publish","type":"product","link":"https:\/\/juicyfollow.com\/pl\/kup-subskrypcje-youtube\/","title":{"rendered":"Subskrybenci YouTube"},"content":{"rendered":"<div class=\"row\"  id=\"row-519033151\">\n\n\t<div id=\"col-1968573640\" class=\"col small-12 large-12\"  >\n\t\t\t\t<div class=\"col-inner\"  >\n\t\t\t\n\t\t\t\n<p><strong>Kup subskrybent\u00f3w YouTube<\/strong> dla swojego kana\u0142u YouTube. Szybko osi\u0105gnij 1000 subskrybent\u00f3w z subskrybentami YouTube z JuicyFollow. <\/p>\n<h2>Dlaczego powiniene\u015b kupi\u0107 subskrybent\u00f3w YouTube?<\/h2>\n<p>Kupowanie subskrybent\u00f3w YouTube da szybki impuls do rozwoju Twojego kana\u0142u na YouTube. Liczba subskrybent\u00f3w zwi\u0119ksza si\u0119 nie tylko poprzez zakup subskrybent\u00f3w YouTube, du\u017ca ilo\u015b\u0107 subskrybent\u00f3w wskazuje r\u00f3wnie\u017c, \u017ce masz popularny kana\u0142 YouTube.  Oznacza to, \u017ce Tw\u00f3j profil b\u0119dzie szybciej przyci\u0105ga\u0142 prawdziwych ludzi (views, likes &amp; subscribers).<\/p>\n<p>Rozwa\u017c nast\u0119puj\u0105ce&#8230; Kana\u0142 z zaledwie 25 subskrybentami ma ma\u0142e szanse na pozyskanie nowych subskrybent\u00f3w. Ale kana\u0142, kt\u00f3ry ma ju\u017c 1000 subskrybent\u00f3w, ma du\u017co wi\u0119ksze szanse na przyci\u0105gni\u0119cie nowych. W ko\u0144cu 1000 os\u00f3b ju\u017c zasubskrybowa\u0142o ten kana\u0142, wi\u0119c to musi by\u0107 dobry kana\u0142, prawda?   To jest cz\u0119sto filozofia ludzi na YouTube.<\/p>\n<h2>Czy kupowanie subskrybent\u00f3w na YouTube jest bezpieczne?<\/h2>\n<p>Tak. Kupowanie subskrybent\u00f3w YouTube jest w 100% bezpieczne. Nigdy nie zdarzy\u0142o nam si\u0119, aby klienci wystawiali negatywne komentarze na temat zam\u00f3wie\u0144, kt\u00f3re z\u0142o\u017cyli w tym miejscu. A je\u015bli tak si\u0119 sta\u0142o, zawsze upewniali\u015bmy si\u0119, \u017ce szybko rozwi\u0105zali\u015bmy ich problemy.<\/p>\n<p>Ponadto nigdy nie udost\u0119pnimy Twojego konta lub danych osobowych firmie YouTube lub innym stronom trzecim. Dzi\u0119ki temu kupowanie subskrybent\u00f3w YouTube jest ca\u0142kowicie bezpieczne.<\/p>\n<h2>Czy twoi subskrybenci na YouTube s\u0105 prawdziwi?<\/h2>\n<p>Tak. Subskrybenci, kt\u00f3rych otrzymasz, to w 100% prawdziwi subskrybenci YouTube. Oznacza to, \u017ce s\u0105 one zarejestrowane w serwisie YouTube. <\/p>\n<p>Jednak w 99% przypadk\u00f3w nie s\u0105 one kontrolowane przez prawdziwych ludzi. Prawie zawsze pochodz\u0105 one od zautomatyzowanych &#8222;bot\u00f3w&#8221;. Te &#8222;boty&#8221; mog\u0105 by\u0107 kontrolowane, aby masowo subskrybowa\u0107 Tw\u00f3j kana\u0142. Dzi\u0119ki temu mo\u017cna uzyska\u0107 wiele subskrybent\u00f3w za jednym zamachem. <strong>Korzy\u015bci\u0105<\/strong> jest to, \u017ce mo\u017cna uzyska\u0107 wiele subskrybent\u00f3w szybko, za stosunkowo dobr\u0105 cen\u0119. <\/p>\n<h2>Czy mog\u0119 kupi\u0107 tanio subskrybent\u00f3w YouTube?<\/h2>\n<p>Pewnie, \u017ce mo\u017cesz. Dzi\u0119ki 100% prawdziwym subskrybentom z JuicyFollow masz gwarancj\u0119, \u017ce otrzymasz najlepsz\u0105 cen\u0119. Mo\u017cna \u015bmia\u0142o powiedzie\u0107, \u017ce u nas mo\u017cna kupi\u0107 tanich subskrybent\u00f3w YouTube. <\/p>\n<h2>Jak kupi\u0107 1,000 subskrybent\u00f3w YouTube<\/h2>\n<p>Wielu uwa\u017ca, \u017ce posiadanie 1000 subskrybent\u00f3w na YouTube oznacza, \u017ce dokona\u0142e\u015b czego\u015b wielkiego. Dla wielu os\u00f3b przekroczenie granicy 1000 subskrybent\u00f3w na YouTube to wa\u017cny kamie\u0144 milowy. Tutaj w JuicyFollow mo\u017cesz kupi\u0107 1000 subskrybent\u00f3w YouTube tanio.  <\/p>\n<p>Tak, mo\u017cesz r\u00f3wnie\u017c <strong>monetyzowa\u0107 sw\u00f3j kana\u0142<\/strong> dzi\u0119ki naszym subskrybentom. Je\u015bli osi\u0105gn\u0105\u0142e\u015b 1000 subskrybent\u00f3w YouTube i 4000 godzin ogl\u0105dania, mo\u017cesz ubiega\u0107 si\u0119 o program partnerski YouTube. <\/p>\n<h2>Jak zdoby\u0107 darmowych subskrybent\u00f3w na YouTube<\/h2>\n<p>Zdobycie darmowych subskrybent\u00f3w YouTube jest do\u015b\u0107 proste. Ale to wymaga du\u017co czasu. Oto kilka wskaz\u00f3wek, jak szybko zdoby\u0107 darmowych subskrybent\u00f3w YouTube:<\/p>\n<ul>\n<li><strong>Cross promuj sw\u00f3j kana\u0142 YouTube na innych platformach spo\u0142eczno\u015bciowych.<\/strong>  Jest to prawdopodobnie najprostszy spos\u00f3b na zdobycie darmowych subskrybent\u00f3w YouTube. Dlaczego nie promowa\u0107 swojego profilu na <span style=\"text-decoration: underline;\"><br \/>\n  <a href=\"https:\/\/juicyfollow.com\/pl\/tiktok-pl\/\" target=\"_blank\" rel=\"noopener\">TikTok<\/a><br \/>\n<\/span> i <a href=\"https:\/\/juicyfollow.com\/pl\/instagram-pl\/\" target=\"_blank\" rel=\"noopener\"><br \/>\n  <span style=\"text-decoration: underline;\">Instagram<\/span><br \/>\n<\/a> r\u00f3wnie\u017c? Wielu zrobi\u0142o to przed tob\u0105.<\/li>\n<li><strong>Komentuj filmy innych os\u00f3b.<\/strong>  Zwi\u0119ksz swoje szanse na to, \u017ce kto\u015b zasubskrybuje Tw\u00f3j kana\u0142, nie tylko polubiaj\u0105c jego film, ale tak\u017ce komentuj\u0105c go. Du\u017ce szanse, \u017ce wi\u0119cej os\u00f3b zacznie wabi\u0107 si\u0119 na Tw\u00f3j kana\u0142 i ogl\u0105da\u0107 Twoje filmy.<\/li>\n<li><strong>Przesy\u0142aj cz\u0119sto.<\/strong>  Powinno si\u0119 to odby\u0107 bez dw\u00f3ch zda\u0144. Kto\u015b, kto przesy\u0142a regularnie ma wi\u0119ksz\u0105 szans\u0119 na zdobycie wi\u0119kszej liczby darmowych subskrybent\u00f3w YouTube. Upewnij si\u0119, \u017ce u\u017cywasz r\u00f3wnie\u017c wielu hashtag\u00f3w w swoich filmach. <\/li>\n<li><strong>Upewnij si\u0119, \u017ce Twoje filmy maj\u0105 \u015bwietne miniatury.  <\/strong>Miniatury to ma\u0142e obrazki, kt\u00f3re ludzie widz\u0105 przed obejrzeniem Twojego filmu. \u015awietna, chwytliwa miniaturka wyr\u00f3\u017cnia si\u0119 i ma wi\u0119ksz\u0105 zmian\u0119 w ogl\u0105daniu przez ludzi, a tym samym wi\u0119ksz\u0105 zmian\u0119 w subskrybowaniu Twojego kana\u0142u.<\/li>\n<\/ul>\n<p>Oto kilka podstawowych wskaz\u00f3wek, jak zdoby\u0107 wi\u0119cej darmowych subskrybent\u00f3w YouTube. Je\u015bli jeste\u015b got\u00f3w wyda\u0107 troch\u0119 pieni\u0119dzy, aby rozwin\u0105\u0107 sw\u00f3j profil YouTube, mo\u017cesz rozwa\u017cy\u0107 zakup tanich subskrybent\u00f3w YouTube z nami. <\/p>\n<h2>Czy s\u0105 jakie\u015b wady?<\/h2>\n<p>Niestety, YouTube czasami postanawia zrobi\u0107 wielkie sprz\u0105tanie i usun\u0105\u0107 &#8222;spamowe&#8221; konta. W przesz\u0142o\u015bci zdarzy\u0142o si\u0119 to kilka razy. W efekcie mo\u017cliwe jest, \u017ce tracisz subskrybent\u00f3w. Wszystkie zakupy s\u0105 jednak obj\u0119te gwarancj\u0105 z 30-dniow\u0105 bezp\u0142atn\u0105 us\u0142ug\u0105 uzupe\u0142niania. Wystarczy, \u017ce skontaktujesz si\u0119 z nami i poprosisz o dolewk\u0119.<\/p>\n<h2>Czy oferujecie r\u00f3wnie\u017c inne us\u0142ugi YouTube?<\/h2>\n<p>Tak, oferujemy r\u00f3wnie\u017c inne us\u0142ugi zwi\u0105zane z YouTube. Je\u015bli chcesz podbi\u0107 swoje filmy widokami, to. <span style=\"text-decoration: underline;\"><br \/>\n  <a href=\"https:\/\/juicyfollow.com\/youtube-likes\/\" target=\"_blank\" rel=\"noopener\">kupi\u0107 widoki YouTube<\/a><br \/>\n<\/span>. Mo\u017cesz r\u00f3wnie\u017c zwi\u0119kszy\u0107 swoje polubienia, <span style=\"text-decoration: underline;\"><a href=\"https:\/\/juicyfollow.com\/youtube-subscribers\/\" target=\"_blank\" rel=\"noopener\">kupuj\u0105c polubienia na YouTube.<\/a><\/span><\/p>\n<h2>Czy mam gwarancj\u0119 na m\u00f3j zakup?<\/h2>\n<p>Tak! Twoje zadowolenie jest dla nas wa\u017cne. Oznacza to, \u017ce je\u015bli z jakiegokolwiek powodu nie b\u0119dziesz zadowolony z zakupu, otrzymasz 100% zwrotu pieni\u0119dzy w ci\u0105gu 30 dni od daty zakupu. Wi\u0119c nie jeste\u015b zadowolony? Po prostu skontaktuj si\u0119 z nami, a otrzymasz zwrot pieni\u0119dzy bez \u017cadnych pyta\u0144.<\/p>\n<p>Upewnij si\u0119, \u017ce nie jeste\u015bmy odpowiedzialni za usuni\u0119cie Twojego konta. Jednak NIGDY nie zdarzy\u0142o si\u0119 u nas, aby konto zosta\u0142o usuni\u0119te. Dzi\u0119ki temu kupowanie subskrybent\u00f3w YouTube jest ca\u0142kowicie bezpieczne.<\/p>\n\t\t<\/div>\n\t\t\t\t\t<\/div>\n\n\t\n<\/div>\n","protected":false},"excerpt":{"rendered":"","protected":false},"featured_media":2981,"comment_status":"open","ping_status":"closed","template":"","meta":[],"product_brand":[],"product_cat":[376],"product_tag":[410],"class_list":{"0":"post-3104","1":"product","2":"type-product","3":"status-publish","4":"has-post-thumbnail","6":"product_cat-youtube-pl","7":"product_tag-kupic-subskrybentow-youtube","9":"first","10":"instock","11":"sale","12":"sold-individually","13":"taxable","14":"shipping-taxable","15":"purchasable","16":"product-type-variable"},"_links":{"self":[{"href":"https:\/\/juicyfollow.com\/pl\/wp-json\/wp\/v2\/product\/3104","targetHints":{"allow":["GET"]}}],"collection":[{"href":"https:\/\/juicyfollow.com\/pl\/wp-json\/wp\/v2\/product"}],"about":[{"href":"https:\/\/juicyfollow.com\/pl\/wp-json\/wp\/v2\/types\/product"}],"replies":[{"embeddable":true,"href":"https:\/\/juicyfollow.com\/pl\/wp-json\/wp\/v2\/comments?post=3104"}],"wp:featuredmedia":[{"embeddable":true,"href":"https:\/\/juicyfollow.com\/pl\/wp-json\/wp\/v2\/media\/2981"}],"wp:attachment":[{"href":"https:\/\/juicyfollow.com\/pl\/wp-json\/wp\/v2\/media?parent=3104"}],"wp:term":[{"taxonomy":"product_brand","embeddable":true,"href":"https:\/\/juicyfollow.com\/pl\/wp-json\/wp\/v2\/product_brand?post=3104"},{"taxonomy":"product_cat","embeddable":true,"href":"https:\/\/juicyfollow.com\/pl\/wp-json\/wp\/v2\/product_cat?post=3104"},{"taxonomy":"product_tag","embeddable":true,"href":"https:\/\/juicyfollow.com\/pl\/wp-json\/wp\/v2\/product_tag?post=3104"}],"curies":[{"name":"wp","href":"https:\/\/api.w.org\/{rel}","templated":true}]}}