{"id":3080,"date":"2021-07-02T17:16:54","date_gmt":"2021-07-02T17:16:54","guid":{"rendered":"https:\/\/juicyfollow.com\/instagram-likes\/"},"modified":"2025-07-12T09:13:21","modified_gmt":"2025-07-12T09:13:21","slug":"kup-instagram-like","status":"publish","type":"product","link":"https:\/\/juicyfollow.com\/pl\/kup-instagram-like\/","title":{"rendered":"Instagram Likes"},"content":{"rendered":"<div class=\"row\"  id=\"row-590447075\">\n\n\t<div id=\"col-521831128\" class=\"col small-12 large-12\"  >\n\t\t\t\t<div class=\"col-inner\"  >\n\t\t\t\n\t\t\t\n<p><strong>Kup polubienia na Instagramie<\/strong> z JuicyFollow.<\/p>\n<h2>Dlaczego powiniene\u015b kupi\u0107 Instagram Likes?<\/h2>\n<p>Kupno Instagram likes da szybki impuls do Twoich post\u00f3w i film\u00f3w na <a href=\"https:\/\/instagram.com\/\" target=\"_blank\" rel=\"noopener\">Instagramie<\/a>. Liczba polubie\u0144 wzrasta nie tylko poprzez kupowanie polubie\u0144 na Instagramie, du\u017ca liczba polubie\u0144 wskazuje r\u00f3wnie\u017c, \u017ce masz popularne konto na Instagramie. Oznacza to, \u017ce Tw\u00f3j profil b\u0119dzie szybciej przyci\u0105ga\u0142 prawdziwych ludzi (likes &amp; followers).<\/p>\n<p>Rozwa\u017c nast\u0119puj\u0105ce&#8230; Post z zaledwie 50 polubieniami ma ma\u0142e szanse na pozyskanie nowych polubie\u0144. Ale post, kt\u00f3ry ma ju\u017c 5 tys. polubie\u0144, ma du\u017co wi\u0119ksze szanse na przyci\u0105gni\u0119cie nowych polubie\u0144. W ko\u0144cu ten post polubi\u0142o ju\u017c 5 tysi\u0119cy os\u00f3b, wi\u0119c musi to by\u0107 dobre konto prawda? To jest cz\u0119sto filozofia ludzi na Instagramie.<\/p>\n<h2>Czy kupowanie Instagram Likes jest bezpieczne?<\/h2>\n<p>Tak. Kupowanie polubie\u0144 na Instagramie jest w 100% bezpieczne. Nigdy nie zdarzy\u0142o nam si\u0119, aby klienci wystawiali negatywne komentarze na temat zam\u00f3wie\u0144, kt\u00f3re z\u0142o\u017cyli w tym miejscu. A je\u015bli tak si\u0119 sta\u0142o, zawsze upewniali\u015bmy si\u0119, \u017ce szybko rozwi\u0105zali\u015bmy ich problemy.<\/p>\n<p>Ponadto nigdy nie udost\u0119pnimy Twojego konta lub danych osobowych Instagramowi lub innym stronom trzecim. Dzi\u0119ki temu kupowanie polubie\u0144 na Instagramie jest ca\u0142kowicie bezpieczne.<\/p>\n<h2>Czy Instagram Likes s\u0105 prawdziwe?<\/h2>\n<p>Tak. Profile, kt\u00f3re otrzymasz to w 100% prawdziwe polubienia Instagrama. Oznacza to, \u017ce s\u0105 one zarejestrowane w serwisie Instagram.<\/p>\n<p>Jednak w 99% przypadk\u00f3w nie s\u0105 one kontrolowane przez prawdziwych ludzi. Prawie zawsze pochodz\u0105 one od zautomatyzowanych &#8222;bot\u00f3w&#8221;. Te &#8222;boty&#8221; mog\u0105 by\u0107 kontrolowane, aby masowo polubi\u0107 tw\u00f3j post. To sprawia, \u017ce mo\u017cna uzyska\u0107 wiele lubi za jednym zamachem. <strong>Korzy\u015bci\u0105<\/strong> jest to, \u017ce mo\u017cna uzyska\u0107 wiele lubi szybko, za stosunkowo dobr\u0105 cen\u0119.<\/p>\n<h2>Czy mog\u0119 kupi\u0107 tanie Instagram Likes?<\/h2>\n<p>Pewnie, \u017ce mo\u017cesz. Dzi\u0119ki polubieniom z JuicyFollow masz gwarancj\u0119, \u017ce otrzymasz najlepsz\u0105 cen\u0119. Mo\u017cna \u015bmia\u0142o powiedzie\u0107, \u017ce u nas kupisz tanie polubienia Instagrama.<\/p>\n<h2>Jak kupi\u0107 10k Instagram Likes<\/h2>\n<p>Wielu uwa\u017ca, \u017ce posiadanie 10k polubie\u0144 na Instagramie przy swoim po\u015bcie lub filmiku oznacza, \u017ce zrobi\u0142e\u015b co\u015b wielkiego. Dla wielu os\u00f3b przekroczenie granicy 10k polubie\u0144 na Instagramie to wa\u017cny kamie\u0144 milowy. Tutaj w JuicyFollow mo\u017cesz kupi\u0107 10k Instagram likes tanio.<\/p>\n<h2>Jak zdoby\u0107 darmowe lajki na Instagramie<\/h2>\n<p>Zdobycie darmowych polubie\u0144 na Instagramie jest do\u015b\u0107 proste. Ale to wymaga du\u017co czasu. Oto kilka wskaz\u00f3wek, jak szybko zdoby\u0107 darmowe polubienia na Instagramie:<\/p>\n<ul>\n<li><strong>Polubi\u0107 posty innych os\u00f3b.<\/strong>  Wiele os\u00f3b sprawdzi Tw\u00f3j profil po tym, jak polubisz ich post. Je\u015bli Tw\u00f3j profil jest wystarczaj\u0105co interesuj\u0105cy istnieje du\u017ca szansa, \u017ce polubi\u0105 Twoje posty i r\u00f3wnie\u017c b\u0119d\u0105 Ci\u0119 \u015bledzi\u0107. Uwa\u017caj, aby nie polubi\u0107 zbyt wielu post\u00f3w jednego dnia, poniewa\u017c algorytm Instagrama mo\u017ce Ci\u0119 z\u0142apa\u0107 za &#8222;oszukiwanie&#8221;.<\/li>\n<li><strong>Cross promuj sw\u00f3j profil na Instagramie na innych platformach social media.<\/strong>  To chyba najprostszy spos\u00f3b na zdobycie darmowych polubie\u0144 na Instagramie. Dlaczego nie promowa\u0107 swojego profilu r\u00f3wnie\u017c na <a href=\"https:\/\/juicyfollow.com\/pl\/youtube-pl\/\" target=\"_blank\" rel=\"noopener\">YouTube<\/a> i <a href=\"https:\/\/juicyfollow.com\/pl\/tiktok-pl\/\" target=\"_blank\" rel=\"noopener\">TikTok<\/a>?<\/li>\n<li><strong>Komentuj posty innych os\u00f3b.<\/strong>  Co jest bardziej warto\u015bciowe ni\u017c like? Komentarz oczywi\u015bcie. Zwi\u0119ksz swoje szanse na to, \u017ce kto\u015b Ci\u0119 polubi i b\u0119dzie Ci\u0119 \u015bledzi\u0142 nie tylko poprzez polubienie jego postu, ale tak\u017ce skomentowanie go. Du\u017ce szanse, \u017ce wi\u0119cej os\u00f3b zacznie Ci\u0119 lubi\u0107 i \u015bledzi\u0107.<\/li>\n<li><strong>Post cz\u0119sto.<\/strong>  Powinno si\u0119 to odby\u0107 bez dw\u00f3ch zda\u0144. Kto\u015b, kto zamieszcza posty regularnie, ma wi\u0119ksz\u0105 szans\u0119 na zdobycie wi\u0119kszej ilo\u015bci darmowych polubie\u0144 na Instagramie. Upewnij si\u0119, \u017ce u\u017cywasz r\u00f3wnie\u017c wielu hashtag\u00f3w w swoich postach.<\/li>\n<\/ul>\n<p>Oto kilka podstawowych wskaz\u00f3wek, jak zdoby\u0107 wi\u0119cej darmowych polubie\u0144 na Instagramie. Je\u015bli jeste\u015b got\u00f3w wyda\u0107 troch\u0119 pieni\u0119dzy, aby rozwin\u0105\u0107 sw\u00f3j profil na Instagramie, mo\u017cesz rozwa\u017cy\u0107 zakup tanich polubie\u0144 Instagrama z nami.<\/p>\n<h2>Czy s\u0105 jakie\u015b wady?<\/h2>\n<p>Niestety, Instagram czasem postanawia zrobi\u0107 wielkie sprz\u0105tanie i usun\u0105\u0107 &#8222;spamowe&#8221; konta. W przesz\u0142o\u015bci zdarzy\u0142o si\u0119 to kilka razy. W efekcie mo\u017cliwe jest, \u017ce stracisz polubienia. Wszystkie zakupy s\u0105 jednak obj\u0119te gwarancj\u0105 z 30-dniow\u0105 bezp\u0142atn\u0105 us\u0142ug\u0105 uzupe\u0142niania. Wystarczy, \u017ce skontaktujesz si\u0119 z nami i poprosisz o dolewk\u0119.<\/p>\n<p>Kolejn\u0105 mo\u017cliw\u0105 wad\u0105 jest to, \u017ce polubienia na Instagramie nie wchodz\u0105 w interakcje. To znaczy, \u017ce nie p\u00f3jd\u0105 za tob\u0105. Mo\u017cna to jednak \u0142atwo rozwi\u0105za\u0107 kupuj\u0105c Instagram followers.<\/p>\n<h2>Czy oferujecie r\u00f3wnie\u017c inne us\u0142ugi zwi\u0105zane z Instagramem?<\/h2>\n<p>Tak, oferujemy r\u00f3wnie\u017c inne us\u0142ugi zwi\u0105zane z Instagramem. Je\u015bli chcesz zwi\u0119kszy\u0107 liczb\u0119 swoich followers\u00f3w, to. <span style=\"text-decoration: underline;\"><br \/>\n  <a href=\"https:\/\/juicyfollow.com\/instagram-likes\/\">kupi\u0107 Instagram zwolennik\u00f3w<\/a><br \/>\n<\/span>. Mo\u017cesz r\u00f3wnie\u017c zwi\u0119kszy\u0107 liczb\u0119 wy\u015bwietle\u0144 swojego wideo, gdy <span style=\"text-decoration: underline;\"><br \/>\n  <a href=\"https:\/\/juicyfollow.com\/instagram-views\/\">kupi\u0107 widoki na Instagramie<\/a><br \/>\n<\/span>.<\/p>\n<h2>Czy mam gwarancj\u0119 na m\u00f3j zakup?<\/h2>\n<p>Tak! Twoje zadowolenie jest dla nas wa\u017cne. Oznacza to, \u017ce je\u015bli z jakiegokolwiek powodu nie b\u0119dziesz zadowolony z zakupu, otrzymasz 100% zwrotu pieni\u0119dzy w ci\u0105gu 30 dni od daty zakupu. Wi\u0119c nie jeste\u015b zadowolony? Po prostu skontaktuj si\u0119 z nami, a otrzymasz zwrot pieni\u0119dzy bez \u017cadnych pyta\u0144.<\/p>\n<p>Upewnij si\u0119, \u017ce nie jeste\u015bmy odpowiedzialni za usuni\u0119cie Twojego konta. Jednak NIGDY nie zdarzy\u0142o si\u0119 u nas, aby konto zosta\u0142o usuni\u0119te. Dzi\u0119ki temu kupowanie polubie\u0144 na Instagramie jest ca\u0142kowicie bezpieczne.<\/p>\n\t\t<\/div>\n\t\t\t\t\t<\/div>\n\n\t\n<\/div>\n","protected":false},"excerpt":{"rendered":"","protected":false},"featured_media":2988,"comment_status":"open","ping_status":"closed","template":"","meta":[],"product_brand":[],"product_cat":[374],"product_tag":[408],"class_list":{"0":"post-3080","1":"product","2":"type-product","3":"status-publish","4":"has-post-thumbnail","6":"product_cat-instagram-pl","7":"product_tag-kupic-instagramowe-polubienia","9":"first","10":"instock","11":"sale","12":"taxable","13":"shipping-taxable","14":"purchasable","15":"product-type-variable"},"_links":{"self":[{"href":"https:\/\/juicyfollow.com\/pl\/wp-json\/wp\/v2\/product\/3080","targetHints":{"allow":["GET"]}}],"collection":[{"href":"https:\/\/juicyfollow.com\/pl\/wp-json\/wp\/v2\/product"}],"about":[{"href":"https:\/\/juicyfollow.com\/pl\/wp-json\/wp\/v2\/types\/product"}],"replies":[{"embeddable":true,"href":"https:\/\/juicyfollow.com\/pl\/wp-json\/wp\/v2\/comments?post=3080"}],"wp:featuredmedia":[{"embeddable":true,"href":"https:\/\/juicyfollow.com\/pl\/wp-json\/wp\/v2\/media\/2988"}],"wp:attachment":[{"href":"https:\/\/juicyfollow.com\/pl\/wp-json\/wp\/v2\/media?parent=3080"}],"wp:term":[{"taxonomy":"product_brand","embeddable":true,"href":"https:\/\/juicyfollow.com\/pl\/wp-json\/wp\/v2\/product_brand?post=3080"},{"taxonomy":"product_cat","embeddable":true,"href":"https:\/\/juicyfollow.com\/pl\/wp-json\/wp\/v2\/product_cat?post=3080"},{"taxonomy":"product_tag","embeddable":true,"href":"https:\/\/juicyfollow.com\/pl\/wp-json\/wp\/v2\/product_tag?post=3080"}],"curies":[{"name":"wp","href":"https:\/\/api.w.org\/{rel}","templated":true}]}}