{"id":3075,"date":"2021-07-03T05:51:47","date_gmt":"2021-07-03T05:51:47","guid":{"rendered":"https:\/\/juicyfollow.com\/tiktok-wyswietlenia\/"},"modified":"2025-07-12T09:29:06","modified_gmt":"2025-07-12T09:29:06","slug":"kup-tiktok-wyswietlenia","status":"publish","type":"product","link":"https:\/\/juicyfollow.com\/pl\/kup-tiktok-wyswietlenia\/","title":{"rendered":"TikTok Wy\u015bwietlenia"},"content":{"rendered":"<div class=\"row\"  id=\"row-1291758079\">\n\n\t<div id=\"col-2057116001\" class=\"col small-12 large-12\"  >\n\t\t\t\t<div class=\"col-inner\"  >\n\t\t\t\n\t\t\t\n<p><strong>Kupuj ods\u0142ony TikTok<\/strong> dla swoich film\u00f3w TikTok.<\/p>\n<h2>Dlaczego powiniene\u015b kupi\u0107 TikTok Views?<\/h2>\n<p>Kupowanie wy\u015bwietle\u0144 TikTok da szybki impuls do rozwoju Twojego wideo TikTok. Liczba wy\u015bwietle\u0144 zwi\u0119ksza si\u0119 nie tylko poprzez kupowanie wy\u015bwietle\u0144 TikTok, du\u017ca ilo\u015b\u0107 wy\u015bwietle\u0144 \u015bwiadczy r\u00f3wnie\u017c o tym, \u017ce masz popularne konto TikTok. Oznacza to, \u017ce Tw\u00f3j profil b\u0119dzie szybciej przyci\u0105ga\u0142 prawdziwych ludzi (views, likes &amp; followers).<\/p>\n<p>Rozwa\u017c nast\u0119puj\u0105ce&#8230; Filmik z zaledwie 500 ods\u0142onami ma ma\u0142e szanse na przyci\u0105gni\u0119cie nowych widz\u00f3w. Ale wideo, kt\u00f3re ma ju\u017c 10 000 wy\u015bwietle\u0144, ma du\u017co wi\u0119ksze szanse na przyci\u0105gni\u0119cie nowych ods\u0142on. W ko\u0144cu 10 000 os\u00f3b ju\u017c obejrza\u0142o ten film, wi\u0119c musi to by\u0107 dobry film, prawda? To jest cz\u0119sto filozofia ludzi na TikTok.<\/p>\n<h2>Czy kupowanie widok\u00f3w TikTok jest bezpieczne?<\/h2>\n<p>Tak. Kupowanie TikTok Views jest w 100% bezpieczne. Nigdy nie zdarzy\u0142o nam si\u0119, aby klienci wystawiali negatywne komentarze na temat zam\u00f3wie\u0144, kt\u00f3re z\u0142o\u017cyli w tym miejscu. A je\u015bli tak si\u0119 sta\u0142o, zawsze upewniali\u015bmy si\u0119, \u017ce szybko rozwi\u0105zali\u015bmy ich problemy.<\/p>\n<p>Ponadto nigdy nie udost\u0119pnimy Twojego konta lub danych osobowych TikTokowi lub innym stronom trzecim. Dzi\u0119ki temu kupowanie widok\u00f3w TikTok jest ca\u0142kowicie bezpieczne.<\/p>\n<h2>Czy twoje widoki na TikTok s\u0105 prawdziwe?<\/h2>\n<p>Tak. Ods\u0142ony, kt\u00f3re otrzymasz to w 100% prawdziwe ods\u0142ony TikTok. Oznacza to, \u017ce s\u0105 one zarejestrowane w TikTok.<\/p>\n<p>Jednak w 99% przypadk\u00f3w nie s\u0105 one kontrolowane przez prawdziwych ludzi. Prawie zawsze pochodz\u0105 one od zautomatyzowanych &#8222;bot\u00f3w&#8221;. Te &#8222;boty&#8221; mog\u0105 by\u0107 kontrolowane, aby masowo ogl\u0105da\u0107 twoje wideo. Dzi\u0119ki temu mo\u017cliwe jest uzyskanie wielu wy\u015bwietle\u0144 za jednym zamachem. <strong>Korzy\u015bci\u0105<\/strong> jest to, \u017ce mo\u017cna uzyska\u0107 wiele widok\u00f3w szybko, za stosunkowo dobr\u0105 cen\u0119.<\/p>\n<h2>Czy mog\u0119 kupi\u0107 tanie widoki TikTok?<\/h2>\n<p>Pewnie, \u017ce mo\u017cesz. Dzi\u0119ki wysokiej jako\u015bci widokom z JuicyFollow masz gwarancj\u0119, \u017ce otrzymasz najlepsz\u0105 cen\u0119. Mo\u017cna \u015bmia\u0142o powiedzie\u0107, \u017ce u nas kupisz tanie ods\u0142ony TikTok.<\/p>\n<h2>Jak kupi\u0107 100k widok\u00f3w TikTok<\/h2>\n<p>Wielu uwa\u017ca, \u017ce posiadanie 100k wy\u015bwietle\u0144 na TikTok oznacza, \u017ce dokona\u0142e\u015b czego\u015b wielkiego. Dla wielu os\u00f3b przekroczenie 100k wy\u015bwietle\u0144 na TikTok to wa\u017cny kamie\u0144 milowy. Tutaj w JuicyFollow mo\u017cesz kupi\u0107 100k wy\u015bwietle\u0144 TikTok tanio.<\/p>\n<h2>Jak zdoby\u0107 darmowe widoki na TikTok<\/h2>\n<p>Zdobywanie darmowych wy\u015bwietle\u0144 TikTok jest do\u015b\u0107 proste. Ale to wymaga du\u017co czasu. Oto kilka wskaz\u00f3wek, jak szybko zdoby\u0107 darmowe ods\u0142ony TikTok:<\/p>\n<ul>\n<li><strong>Jak filmy innych ludzi.<\/strong>  Wiele os\u00f3b sprawdzi Tw\u00f3j profil po tym, jak polubisz ich wideo. Je\u015bli Tw\u00f3j profil jest wystarczaj\u0105co interesuj\u0105cy, jest du\u017ca szansa, \u017ce obejrz\u0105 r\u00f3wnie\u017c Twoje filmy. Uwa\u017caj, \u017ceby nie polubi\u0107 zbyt wielu filmik\u00f3w w ci\u0105gu jednego dnia, bo algorytm TikTok mo\u017ce ci\u0119 z\u0142apa\u0107 za &#8222;oszukiwanie&#8221;.<\/li>\n<li><strong>Cross promowa\u0107 sw\u00f3j profil TikTok na innych platformach medi\u00f3w spo\u0142eczno\u015bciowych.<\/strong>  To chyba najprostszy spos\u00f3b na zdobycie darmowych wy\u015bwietle\u0144 TikTok. Dlaczego nie promowa\u0107 swojego profilu na <span style=\"text-decoration: underline;\"><br \/>\n  <a href=\"https:\/\/juicyfollow.com\/pl\/youtube-pl\/\" target=\"_blank\" rel=\"noopener\">YouTube<\/a><br \/>\n<\/span> i <a href=\"https:\/\/juicyfollow.com\/pl\/instagram-pl\/\" target=\"_blank\" rel=\"noopener\"><br \/>\n  <span style=\"text-decoration: underline;\">Instagram<\/span><br \/>\n<\/a> r\u00f3wnie\u017c?<\/li>\n<li><strong>Komentuj filmy innych os\u00f3b.<\/strong>  Co jest bardziej warto\u015bciowe ni\u017c like? Komentarz oczywi\u015bcie. Zwi\u0119ksz swoje szanse na to, \u017ce kto\u015b obejrzy Twoje wideo, nie tylko polubiaj\u0105c jego post, ale tak\u017ce komentuj\u0105c go. Du\u017ce szanse, \u017ce wi\u0119cej os\u00f3b zacznie ogl\u0105da\u0107 tak\u017ce Twoje filmy.<\/li>\n<li><strong>Post cz\u0119sto.<\/strong>  Powinno si\u0119 to odby\u0107 bez dw\u00f3ch zda\u0144. Kto\u015b, kto publikuje posty regularnie, ma wi\u0119ksz\u0105 szans\u0119 na zdobycie wi\u0119kszej ilo\u015bci darmowych wy\u015bwietle\u0144 TikTok. Upewnij si\u0119, \u017ce u\u017cywasz r\u00f3wnie\u017c wielu hashtag\u00f3w w swoich wideo.<\/li>\n<li><strong>Upewnij si\u0119, \u017ce Tw\u00f3j filmik trafi na stron\u0119 For You.  <\/strong>Trzeba wiele, aby Twoje wideo znalaz\u0142o si\u0119 na #fyp. Twoje wideo musi by\u0107 oryginalne i niepowtarzalne. Ale warto spr\u00f3bowa\u0107. Niekt\u00f3rzy uwa\u017caj\u0105, \u017ce u\u017cywanie hashtag\u00f3w #fyp i #foryoupage pomog\u0142o im dosta\u0107 si\u0119 na stron\u0119 For You.   <\/li>\n<\/ul>\n<p>Oto kilka podstawowych wskaz\u00f3wek, jak zdoby\u0107 wi\u0119cej darmowych wy\u015bwietle\u0144 TikTok. Je\u015bli jeste\u015b got\u00f3w wyda\u0107 troch\u0119 pieni\u0119dzy, aby rozwin\u0105\u0107 sw\u00f3j profil TikTok, mo\u017cesz rozwa\u017cy\u0107 zakup tanich widok\u00f3w TikTok z nami.<\/p>\n<h2>Czy s\u0105 jakie\u015b wady?<\/h2>\n<p>Niestety, TikTok czasami postanawia zrobi\u0107 wielkie sprz\u0105tanie i usun\u0105\u0107 &#8222;spamowe&#8221; konta. W przesz\u0142o\u015bci zdarzy\u0142o si\u0119 to kilka razy. W efekcie mo\u017cliwe jest, \u017ce stracisz widoki. Wszystkie zakupy s\u0105 jednak obj\u0119te gwarancj\u0105 z 30-dniow\u0105 bezp\u0142atn\u0105 us\u0142ug\u0105 uzupe\u0142niania. Wystarczy, \u017ce skontaktujesz si\u0119 z nami i poprosisz o dolewk\u0119.<\/p>\n<p>Inn\u0105 mo\u017cliw\u0105 wad\u0105 jest to, \u017ce widzowie TikTok nie wchodz\u0105 w interakcje. Oznacza to, \u017ce nie polubi\u0105 Twojego wideo ani nie b\u0119d\u0105 \u015bledzi\u0107 Twojego konta. Mo\u017cna to jednak \u0142atwo rozwi\u0105za\u0107, dodaj\u0105c polubienia TikTok lub kupuj\u0105c followers\u00f3w TikTok.<\/p>\n<h2>Czy oferujecie r\u00f3wnie\u017c inne us\u0142ugi TikTok?<\/h2>\n<p>Tak, oferujemy r\u00f3wnie\u017c inne us\u0142ugi TikTok. Je\u015bli chcesz zwi\u0119kszy\u0107 liczb\u0119 swoich followers\u00f3w, to. <span style=\"text-decoration: underline;\"><br \/>\n  <a href=\"https:\/\/juicyfollow.com\/tiktok-likes\/\">kupi\u0107 zwolennik\u00f3w TikTok<\/a><br \/>\n<\/span>. Mo\u017cesz r\u00f3wnie\u017c zwi\u0119kszy\u0107 liczb\u0119 wy\u015bwietle\u0144, gdy <a href=\"https:\/\/juicyfollow.com\/tiktok-views\/\"><br \/>\n  <span style=\"text-decoration: underline;\">kupi\u0107 wy\u015bwietlenia TikTok<\/span><br \/>\n<\/a>.<\/p>\n<h2>Czy mam gwarancj\u0119 na m\u00f3j zakup?<\/h2>\n<p>Tak! Twoje zadowolenie jest dla nas wa\u017cne. Oznacza to, \u017ce je\u015bli z jakiegokolwiek powodu nie b\u0119dziesz zadowolony z zakupu, otrzymasz 100% zwrotu pieni\u0119dzy w ci\u0105gu 30 dni od daty zakupu. Wi\u0119c nie jeste\u015b zadowolony? Po prostu skontaktuj si\u0119 z nami, a otrzymasz zwrot pieni\u0119dzy bez \u017cadnych pyta\u0144.<\/p>\n<p>Upewnij si\u0119, \u017ce nie jeste\u015bmy odpowiedzialni za usuni\u0119cie Twojego konta. Jednak NIGDY nie zdarzy\u0142o si\u0119 u nas, aby konto zosta\u0142o usuni\u0119te. Dzi\u0119ki temu kupowanie widok\u00f3w TikTok jest ca\u0142kowicie bezpieczne.<\/p>\n\t\t<\/div>\n\t\t\t\t\t<\/div>\n\n\t\n<\/div>\n","protected":false},"excerpt":{"rendered":"","protected":false},"featured_media":2989,"comment_status":"open","ping_status":"closed","template":"","meta":[],"product_brand":[],"product_cat":[375],"product_tag":[407],"class_list":{"0":"post-3075","1":"product","2":"type-product","3":"status-publish","4":"has-post-thumbnail","6":"product_cat-tiktok-pl","7":"product_tag-kupic-tiktok-widoki","9":"first","10":"instock","11":"sale","12":"taxable","13":"shipping-taxable","14":"purchasable","15":"product-type-variable"},"_links":{"self":[{"href":"https:\/\/juicyfollow.com\/pl\/wp-json\/wp\/v2\/product\/3075","targetHints":{"allow":["GET"]}}],"collection":[{"href":"https:\/\/juicyfollow.com\/pl\/wp-json\/wp\/v2\/product"}],"about":[{"href":"https:\/\/juicyfollow.com\/pl\/wp-json\/wp\/v2\/types\/product"}],"replies":[{"embeddable":true,"href":"https:\/\/juicyfollow.com\/pl\/wp-json\/wp\/v2\/comments?post=3075"}],"wp:featuredmedia":[{"embeddable":true,"href":"https:\/\/juicyfollow.com\/pl\/wp-json\/wp\/v2\/media\/2989"}],"wp:attachment":[{"href":"https:\/\/juicyfollow.com\/pl\/wp-json\/wp\/v2\/media?parent=3075"}],"wp:term":[{"taxonomy":"product_brand","embeddable":true,"href":"https:\/\/juicyfollow.com\/pl\/wp-json\/wp\/v2\/product_brand?post=3075"},{"taxonomy":"product_cat","embeddable":true,"href":"https:\/\/juicyfollow.com\/pl\/wp-json\/wp\/v2\/product_cat?post=3075"},{"taxonomy":"product_tag","embeddable":true,"href":"https:\/\/juicyfollow.com\/pl\/wp-json\/wp\/v2\/product_tag?post=3075"}],"curies":[{"name":"wp","href":"https:\/\/api.w.org\/{rel}","templated":true}]}}