{"id":3041,"date":"2021-12-13T09:46:57","date_gmt":"2021-12-13T09:46:57","guid":{"rendered":"https:\/\/juicyfollow.com\/instagram-impressions\/"},"modified":"2025-07-12T09:29:13","modified_gmt":"2025-07-12T09:29:13","slug":"buy-instagram-impressions-2","status":"publish","type":"product","link":"https:\/\/juicyfollow.com\/pl\/buy-instagram-impressions-2\/","title":{"rendered":"Instagram Impressions"},"content":{"rendered":"<p><strong>Kupuj wra\u017cenia z Instagrama<\/strong> dla swoich post\u00f3w na Instagramie.<\/p>\n<h2>Dlaczego warto kupi\u0107 wra\u017cenia z Instagrama?<\/h2>\n<p>Kupowanie wy\u015bwietle\u0144 Instagrama to \u015bwietny spos\u00f3b na zwi\u0119kszenie ekspozycji na Instagramie. Aby doda\u0107 wi\u0119cej wy\u015bwietle\u0144 swoim postom na Instagramie, spraw, aby si\u0119 wyr\u00f3\u017cnia\u0142.<\/p>\n<p>Wra\u017ce\u0144 z Instagrama nie wida\u0107 na pierwszym planie, ale s\u0105 one niezb\u0119dn\u0105 statystyk\u0105, dzi\u0119ki kt\u00f3rej mo\u017cesz podbi\u0107 swoje posty na Instagramie.<\/p>\n","protected":false},"excerpt":{"rendered":"<p>Kupuj wra\u017cenia z Instagrama dla swoich post\u00f3w na Instagramie. Dlaczego warto kupi\u0107 wra\u017cenia z Instagrama? Kupowanie wy\u015bwietle\u0144 Instagrama to \u015bwietny spos\u00f3b na zwi\u0119kszenie ekspozycji na Instagramie. Aby doda\u0107 wi\u0119cej wy\u015bwietle\u0144 swoim postom na Instagramie, spraw, aby si\u0119 wyr\u00f3\u017cnia\u0142. Wra\u017ce\u0144 z Instagrama nie wida\u0107 na pierwszym planie, ale s\u0105 one niezb\u0119dn\u0105 statystyk\u0105, dzi\u0119ki kt\u00f3rej mo\u017cesz podbi\u0107 [&#8230;]\n","protected":false},"featured_media":2988,"comment_status":"open","ping_status":"closed","template":"","meta":[],"product_brand":[],"product_cat":[374],"product_tag":[405],"class_list":{"0":"post-3041","1":"product","2":"type-product","3":"status-publish","4":"has-post-thumbnail","6":"product_cat-instagram-pl","7":"product_tag-kupic-instagramowe-widoki","9":"first","10":"instock","11":"sale","12":"taxable","13":"shipping-taxable","14":"purchasable","15":"product-type-variable"},"_links":{"self":[{"href":"https:\/\/juicyfollow.com\/pl\/wp-json\/wp\/v2\/product\/3041","targetHints":{"allow":["GET"]}}],"collection":[{"href":"https:\/\/juicyfollow.com\/pl\/wp-json\/wp\/v2\/product"}],"about":[{"href":"https:\/\/juicyfollow.com\/pl\/wp-json\/wp\/v2\/types\/product"}],"replies":[{"embeddable":true,"href":"https:\/\/juicyfollow.com\/pl\/wp-json\/wp\/v2\/comments?post=3041"}],"wp:featuredmedia":[{"embeddable":true,"href":"https:\/\/juicyfollow.com\/pl\/wp-json\/wp\/v2\/media\/2988"}],"wp:attachment":[{"href":"https:\/\/juicyfollow.com\/pl\/wp-json\/wp\/v2\/media?parent=3041"}],"wp:term":[{"taxonomy":"product_brand","embeddable":true,"href":"https:\/\/juicyfollow.com\/pl\/wp-json\/wp\/v2\/product_brand?post=3041"},{"taxonomy":"product_cat","embeddable":true,"href":"https:\/\/juicyfollow.com\/pl\/wp-json\/wp\/v2\/product_cat?post=3041"},{"taxonomy":"product_tag","embeddable":true,"href":"https:\/\/juicyfollow.com\/pl\/wp-json\/wp\/v2\/product_tag?post=3041"}],"curies":[{"name":"wp","href":"https:\/\/api.w.org\/{rel}","templated":true}]}}