{"id":2999,"date":"2021-07-01T15:36:26","date_gmt":"2021-07-01T15:36:26","guid":{"rendered":"https:\/\/juicyfollow.com\/instagram-followers\/"},"modified":"2025-07-12T09:28:56","modified_gmt":"2025-07-12T09:28:56","slug":"kup-instagram-followers","status":"publish","type":"product","link":"https:\/\/juicyfollow.com\/pl\/kup-instagram-followers\/","title":{"rendered":"Instagram Followers"},"content":{"rendered":"<div class=\"row\"  id=\"row-1390806825\">\n\n\t<div id=\"col-887747415\" class=\"col small-12 large-12\"  >\n\t\t\t\t<div class=\"col-inner\"  >\n\t\t\t\n\t\t\t\n<p><strong>Kupuj Instagram followers<\/strong> z JuicyFollow.<\/p>\n<h2>Dlaczego powiniene\u015b kupi\u0107 Instagram Followers?<\/h2>\n<p>Kupowanie Instagram followers da szybki impuls do rozwoju Twojego konta na <a href=\"https:\/\/instagram.com\/\" target=\"_blank\" rel=\"noopener\">Instagramie<\/a>. Liczba followers\u00f3w wzrasta nie tylko poprzez zakup Instagram followers, du\u017ca liczba followers\u00f3w wskazuje r\u00f3wnie\u017c, \u017ce masz popularne konto na Instagramie. Oznacza to, \u017ce Tw\u00f3j profil szybciej przyci\u0105gnie prawdziwych ludzi (followers\u00f3w).<\/p>\n<p>Rozwa\u017c nast\u0119puj\u0105ce&#8230; Konto, kt\u00f3re ma zaledwie 250 followers\u00f3w, ma niewielkie szanse na pozyskanie nowych zwolennik\u00f3w. Ale konto, kt\u00f3re ma ju\u017c 20 000 followers\u00f3w, ma du\u017co wi\u0119ksze szanse na przyci\u0105gni\u0119cie nowych zwolennik\u00f3w. W ko\u0144cu 20 000 os\u00f3b ju\u017c \u015bledzi to konto, wi\u0119c musi by\u0107 dobre, prawda? To jest cz\u0119sto filozofia ludzi na Instagramie.<\/p>\n<h2>Czy kupowanie Instagram Followers jest bezpieczne?<\/h2>\n<p>Tak. Kupowanie Instagram followers jest w 100% bezpieczne. Nigdy nie zdarzy\u0142o nam si\u0119, aby klienci wystawiali negatywne komentarze na temat zam\u00f3wie\u0144, kt\u00f3re z\u0142o\u017cyli w tym miejscu. A je\u015bli tak si\u0119 sta\u0142o, zawsze upewniali\u015bmy si\u0119, \u017ce szybko rozwi\u0105zali\u015bmy ich problemy.<\/p>\n<p>Ponadto nigdy nie udost\u0119pnimy Twojego konta lub danych osobowych Instagramowi lub innym stronom trzecim. Dzi\u0119ki temu kupowanie Instagram followers jest ca\u0142kowicie bezpieczne.<\/p>\n<h2>Czy Instagram Followers s\u0105 prawdziwi?<\/h2>\n<p>Tak. Profile, kt\u00f3re otrzymasz to w 100% prawdziwi Instagram followers. Oznacza to, \u017ce s\u0105 one zarejestrowane w serwisie Instagram.<\/p>\n<p>Jednak w 99% przypadk\u00f3w nie s\u0105 one kontrolowane przez prawdziwych ludzi. Prawie zawsze pochodz\u0105 one od zautomatyzowanych &#8222;bot\u00f3w&#8221;. Te &#8222;boty&#8221; mo\u017cna kontrolowa\u0107, aby masowo pod\u0105\u017ca\u0142y za Tob\u0105. To sprawia, \u017ce mo\u017cna uzyska\u0107 wiele zwolennik\u00f3w w jednym zamachem. <strong>Korzy\u015bci\u0105<\/strong> jest to, \u017ce mo\u017cna uzyska\u0107 wiele zwolennik\u00f3w szybko, za stosunkowo dobr\u0105 cen\u0119.<\/p>\n<h2>Czy mog\u0119 kupi\u0107 tanio Instagram Followers?<\/h2>\n<p>Pewnie, \u017ce mo\u017cesz. Z followerami z JuicyFollow masz gwarancj\u0119, \u017ce otrzymasz najlepsz\u0105 cen\u0119. Mo\u017cna \u015bmia\u0142o powiedzie\u0107, \u017ce u nas mo\u017cna kupi\u0107 tanich Instagram followers.<\/p>\n<h2>Jak kupi\u0107 10k Instagram Followers<\/h2>\n<p>Wielu uwa\u017ca, \u017ce posiadanie 10k Instagram followers oznacza, \u017ce dokona\u0142e\u015b czego\u015b wielkiego. Dla wielu os\u00f3b przekroczenie granicy 10k Instagram followers to wa\u017cny kamie\u0144 milowy. Tutaj w JuicyFollow mo\u017cesz kupi\u0107 10k Instagram followers tanio.<\/p>\n<p>R\u00f3wnie\u017c zakup 10k Instagram followers pozwala na korzystanie z funkcji swipe-up na Instagram stories i wielu innych funkcji. Tak, mo\u017cesz korzysta\u0107 z tych funkcji, gdy kupisz 10k Instagram followers z Juicyfollow.<\/p>\n<h2>Jak zdoby\u0107 darmowych followers\u00f3w na Instagramie<\/h2>\n<p>Zdobycie darmowych Instagram followers jest do\u015b\u0107 proste. Ale to wymaga du\u017co czasu. Oto kilka wskaz\u00f3wek, jak szybko zdoby\u0107 darmowych Instagram followers:<\/p>\n<ul>\n<li><strong>Polubi\u0107 posty innych os\u00f3b.<\/strong>  Wiele os\u00f3b sprawdzi Tw\u00f3j profil po tym, jak polubisz ich post. Je\u015bli Tw\u00f3j profil jest wystarczaj\u0105co interesuj\u0105cy istnieje du\u017ca szansa, \u017ce b\u0119d\u0105 Ci\u0119 \u015bledzi\u0107. Uwa\u017caj, \u017ceby\u015b nie polubi\u0142 zbyt wielu post\u00f3w jednego dnia, bo algorytm Instagrama mo\u017ce ci\u0119 z\u0142apa\u0107 za &#8222;oszukiwanie&#8221;.<\/li>\n<li><strong>Cross promuj sw\u00f3j profil na Instagramie na innych platformach social media.<\/strong>  Jest to prawdopodobnie naj\u0142atwiejszy spos\u00f3b na zdobycie darmowych Instagram followers. Dlaczego nie promowa\u0107 swojego profilu r\u00f3wnie\u017c na <a href=\"https:\/\/juicyfollow.com\/pl\/youtube-pl\/\">YouTube<\/a> i <a href=\"https:\/\/juicyfollow.com\/pl\/tiktok-pl\/\">TikTok<\/a>?<\/li>\n<li><strong>Komentuj posty innych os\u00f3b.<\/strong>  Co jest bardziej warto\u015bciowe ni\u017c like? Komentarz oczywi\u015bcie. Zwi\u0119ksz swoje szanse na to, \u017ce kto\u015b b\u0119dzie Ci\u0119 \u015bledzi\u0142, nie tylko polubiaj\u0105c jego post, ale tak\u017ce komentuj\u0105c go. Du\u017ce szanse, \u017ce wi\u0119cej os\u00f3b zacznie Ci\u0119 \u015bledzi\u0107.<\/li>\n<li><strong>Post cz\u0119sto.<\/strong>  Powinno si\u0119 to odby\u0107 bez dw\u00f3ch zda\u0144. Kto\u015b, kto zamieszcza posty regularnie, ma wi\u0119ksz\u0105 szans\u0119 na zdobycie wi\u0119kszej liczby darmowych followers\u00f3w Instagrama. Upewnij si\u0119, \u017ce u\u017cywasz r\u00f3wnie\u017c wielu hashtag\u00f3w w swoich postach.<\/li>\n<\/ul>\n<p>Oto kilka podstawowych wskaz\u00f3wek, jak zdoby\u0107 wi\u0119cej darmowych zwolennik\u00f3w Instagrama. Je\u015bli jeste\u015b got\u00f3w wyda\u0107 troch\u0119 pieni\u0119dzy, aby rozwin\u0105\u0107 sw\u00f3j profil na Instagramie, mo\u017cesz rozwa\u017cy\u0107 zakup tanich Instagram followers z nami.<\/p>\n<h2>Czy s\u0105 jakie\u015b wady?<\/h2>\n<p>Niestety, Instagram czasem postanawia zrobi\u0107 wielkie sprz\u0105tanie i usun\u0105\u0107 &#8222;spamowe&#8221; konta. W przesz\u0142o\u015bci zdarzy\u0142o si\u0119 to kilka razy. W efekcie mo\u017cliwe jest, \u017ce stracisz followers\u00f3w. Wszystkie zakupy s\u0105 jednak obj\u0119te gwarancj\u0105 z 30-dniow\u0105 bezp\u0142atn\u0105 us\u0142ug\u0105 uzupe\u0142niania. Wystarczy, \u017ce skontaktujesz si\u0119 z nami i poprosisz o dolewk\u0119.<\/p>\n<p>Inn\u0105 mo\u017cliw\u0105 wad\u0105 jest to, \u017ce followersi z Instagrama nie wchodz\u0105 w interakcje. Oznacza to, \u017ce nie obejrz\u0105 ani nie polubi\u0105 Twojego postu. Mo\u017cna to jednak \u0142atwo rozwi\u0105za\u0107, kupuj\u0105c polubienia lub ods\u0142ony na Instagramie.<\/p>\n<h2>Czy oferujecie r\u00f3wnie\u017c inne us\u0142ugi zwi\u0105zane z Instagramem?<\/h2>\n<p>Tak, oferujemy r\u00f3wnie\u017c inne us\u0142ugi zwi\u0105zane z Instagramem. Je\u015bli chcesz podbi\u0107 swoje posty, to. <a href=\"https:\/\/juicyfollow.com\/instagram-likes\/\"><br \/>\n  <span style=\"text-decoration: underline;\">kupi\u0107 Instagram likes<\/span><br \/>\n<\/a>. Mo\u017cesz r\u00f3wnie\u017c zwi\u0119kszy\u0107 liczb\u0119 wy\u015bwietle\u0144, gdy <span style=\"text-decoration: underline;\"><br \/>\n  <a href=\"https:\/\/juicyfollow.com\/instagram-views\/\">kupi\u0107 widoki na Instagramie<\/a><br \/>\n<\/span>.<\/p>\n<h2>Czy mam gwarancj\u0119 na m\u00f3j zakup?<\/h2>\n<p>Tak! Twoje zadowolenie jest dla nas wa\u017cne. Oznacza to, \u017ce je\u015bli z jakiegokolwiek powodu nie b\u0119dziesz zadowolony z zakupu, otrzymasz 100% zwrotu pieni\u0119dzy w ci\u0105gu 30 dni od daty zakupu. Wi\u0119c nie jeste\u015b zadowolony? Po prostu skontaktuj si\u0119 z nami, a otrzymasz zwrot pieni\u0119dzy bez \u017cadnych pyta\u0144.<\/p>\n<p>Upewnij si\u0119, \u017ce nie jeste\u015bmy odpowiedzialni za usuni\u0119cie Twojego konta. Jednak NIGDY nie zdarzy\u0142o si\u0119 u nas, aby konto zosta\u0142o usuni\u0119te. Dzi\u0119ki temu kupowanie Instagram followers jest ca\u0142kowicie bezpieczne.<\/p>\n\t\t<\/div>\n\t\t\t\t\t<\/div>\n\n\t\n<\/div>\n","protected":false},"excerpt":{"rendered":"","protected":false},"featured_media":2988,"comment_status":"open","ping_status":"closed","template":"","meta":[],"product_brand":[],"product_cat":[374],"product_tag":[396,394,395,397],"class_list":{"0":"post-2999","1":"product","2":"type-product","3":"status-publish","4":"has-post-thumbnail","6":"product_cat-instagram-pl","7":"product_tag-darmowi-followersi-z-instagrama","8":"product_tag-kup-10k-instagram-followers","9":"product_tag-kupic-instagram-followers","10":"product_tag-prawdziwi-zwolennicy-instagrama","12":"first","13":"instock","14":"sale","15":"sold-individually","16":"taxable","17":"shipping-taxable","18":"purchasable","19":"product-type-variable"},"_links":{"self":[{"href":"https:\/\/juicyfollow.com\/pl\/wp-json\/wp\/v2\/product\/2999","targetHints":{"allow":["GET"]}}],"collection":[{"href":"https:\/\/juicyfollow.com\/pl\/wp-json\/wp\/v2\/product"}],"about":[{"href":"https:\/\/juicyfollow.com\/pl\/wp-json\/wp\/v2\/types\/product"}],"replies":[{"embeddable":true,"href":"https:\/\/juicyfollow.com\/pl\/wp-json\/wp\/v2\/comments?post=2999"}],"wp:featuredmedia":[{"embeddable":true,"href":"https:\/\/juicyfollow.com\/pl\/wp-json\/wp\/v2\/media\/2988"}],"wp:attachment":[{"href":"https:\/\/juicyfollow.com\/pl\/wp-json\/wp\/v2\/media?parent=2999"}],"wp:term":[{"taxonomy":"product_brand","embeddable":true,"href":"https:\/\/juicyfollow.com\/pl\/wp-json\/wp\/v2\/product_brand?post=2999"},{"taxonomy":"product_cat","embeddable":true,"href":"https:\/\/juicyfollow.com\/pl\/wp-json\/wp\/v2\/product_cat?post=2999"},{"taxonomy":"product_tag","embeddable":true,"href":"https:\/\/juicyfollow.com\/pl\/wp-json\/wp\/v2\/product_tag?post=2999"}],"curies":[{"name":"wp","href":"https:\/\/api.w.org\/{rel}","templated":true}]}}