{"id":8325,"date":"2022-11-12T07:24:27","date_gmt":"2022-11-12T07:24:27","guid":{"rendered":"https:\/\/juicyfollow.com\/seguidores-de-soundcloud\/"},"modified":"2025-07-12T09:36:21","modified_gmt":"2025-07-12T09:36:21","slug":"seguidores-de-soundcloud","status":"publish","type":"product","link":"https:\/\/juicyfollow.com\/es\/seguidores-de-soundcloud\/","title":{"rendered":"Seguidores de SoundCloud"},"content":{"rendered":"<div class=\"row\"  id=\"row-544209777\">\n\n\t<div id=\"col-189601241\" class=\"col small-12 large-12\"  >\n\t\t\t\t<div class=\"col-inner\"  >\n\t\t\t\n\t\t\t\n<p><strong>Compra seguidores<\/strong> de SoundCloud para tu perfil de artista de SoundCloud. Impulsa tu perfil de SoundCloud con seguidores de alta calidad de JuicyFollow. <\/p>\n<h2>\u00bfPor qu\u00e9 deber\u00edas comprar seguidores de SoundCloud?<\/h2>\n<p>Comprar seguidores de SoundCloud dar\u00e1 un r\u00e1pido impulso a tu perfil de artista de SoundCloud. El n\u00famero de seguidores aumenta no s\u00f3lo comprando seguidores de SoundCloud, una gran cantidad de seguidores tambi\u00e9n indica que tienes una cuenta de SoundCloud popular. Esto significa que tu perfil atraer\u00e1 a gente real (reproducciones, oyentes y seguidores) m\u00e1s r\u00e1pidamente.  <\/p>\n<p>Considere lo siguiente&#8230; Un perfil con s\u00f3lo 500 seguidores no tiene muchas probabilidades de atraer nuevos seguidores, reproducciones y oyentes. Pero un perfil que ya tiene 100.000 seguidores tiene muchas m\u00e1s probabilidades de atraer nuevos seguidores. Al fin y al cabo, 100.000 seguidores ya siguen este perfil, as\u00ed que esta persona debe ser un buen artista, \u00bfno? Esta suele ser la filosof\u00eda de la gente en SoundCloud.   <\/p>\n<h2>\u00bfEs seguro comprar seguidores de SoundCloud?<\/h2>\n<p>S\u00ed. Comprar seguidores de SoundCloud es 100% seguro. Nunca hemos visto que los clientes hagan comentarios negativos sobre los pedidos que hicieron aqu\u00ed. Y si lo hicieran, siempre nos aseguramos de resolver sus problemas r\u00e1pidamente.<\/p>\n<p>Adem\u00e1s, nunca compartiremos tu cuenta ni tus datos personales con SoundCloud ni con terceros. Esto hace que comprar seguidores de SoundCloud sea completamente seguro. <\/p>\n<h2>\u00bfSon reales tus seguidores de SoundCloud?<\/h2>\n<p>S\u00ed. Los seguidores que recibir\u00e1s son 100% seguidores reales de SoundCloud. Eso significa que est\u00e1n registrados en SoundCloud. <\/p>\n<p>Sin embargo, en el 99% de los casos, \u00e9stos no son controlados por personas reales. Casi siempre provienen de \u00abbots\u00bb automatizados. Estos \u00abbots\u00bb se pueden controlar para que sigan tu perfil en masa. Esto permite conseguir muchos seguidores de golpe. La ventaja es que puedes conseguir muchos seguidores r\u00e1pidamente, por un precio relativamente bueno.  <\/p>\n<h2>\u00bfPuedo comprar seguidores de SoundCloud baratos?<\/h2>\n<p>Claro que s\u00ed. Con los seguidores de alta calidad de JuicyFollow tienes la garant\u00eda de obtener el mejor precio. Es seguro que puedes comprar seguidores de SoundCloud baratos con nosotros. <\/p>\n<h2>C\u00f3mo comprar 1 mill\u00f3n de seguidores de SoundCloud<\/h2>\n<p>Muchos creen que tener 1 mill\u00f3n de seguidores en SoundCloud significa que has hecho algo grande. Para muchas personas superar el mill\u00f3n de seguidores de SoundCloud es un gran hito. Aqu\u00ed en JuicyFollow puedes comprar 1 mill\u00f3n de seguidores de SoundCloud baratos.  <\/p>\n<h2>C\u00f3mo conseguir seguidores gratis en SoundCloud<\/h2>\n<p>Conseguir seguidores gratis en SoundCloud es bastante f\u00e1cil. Pero lleva mucho tiempo. Aqu\u00ed tienes algunos consejos para conseguir seguidores gratis de SoundCloud r\u00e1pidamente:<\/p>\n<ul>\n<li><strong>Promoci\u00f3n cruzada de tus canciones y perfil de SoundCloud en otras plataformas de redes sociales.<\/strong>  Esta es probablemente la forma m\u00e1s f\u00e1cil de conseguir seguidores gratis en SoundCloud. \u00bfPor qu\u00e9 no promocionar tu perfil en <a href=\"https:\/\/juicyfollow.com\/es\/spotify-es\/\">Spotify<\/a> y <span style=\"text-decoration: underline;\"><a href=\"https:\/\/juicyfollow.com\/es\/youtube-es\/\" target=\"_blank\" rel=\"noopener\">YouTube<\/a><\/span> tambi\u00e9n?  Muchos lo han hecho antes que t\u00fa.<\/li>\n<li><strong>Crea y carga con frecuencia.<\/strong>  Deber\u00eda hacerse sin decirlo. Alguien que sube canciones nuevas con regularidad crea m\u00e1s exposici\u00f3n y, por tanto, tiene m\u00e1s posibilidades de conseguir m\u00e1s seguidores gratuitos en SoundCloud.<\/li>\n<li><strong>Aseg\u00farate de que tu canci\u00f3n \/ \u00e1lbum tiene una gran portada.  <\/strong>Las portadas son las peque\u00f1as im\u00e1genes que la gente ve antes de escuchar tu canci\u00f3n o ver tu perfil. Una portada pegadiza destaca y tiene m\u00e1s posibilidades de que la gente haga clic en ella. <\/li>\n<\/ul>\n<p>Estos son algunos consejos b\u00e1sicos para conseguir m\u00e1s seguidores de SoundCloud gratis. Si est\u00e1s dispuesto a gastar algo de dinero para hacer crecer tu perfil de SoundCloud, puedes considerar comprar seguidores de SoundCloud baratos con nosotros. <\/p>\n<h2>\u00bfHay alguna desventaja?<\/h2>\n<p>Por desgracia, SoundCloud a veces decide hacer una limpieza a fondo y eliminar las cuentas de \u00abspam\u00bb. Esto ha ocurrido un par de veces en el pasado. Como resultado, es posible que pierdas seguidores. Sin embargo, todas sus compras est\u00e1n garantizadas con un servicio de recarga gratuito de 30 d\u00edas. S\u00f3lo tiene que ponerse en contacto con nosotros y solicitar una recarga.<\/p>\n<h2>\u00bfOfrec\u00e9is tambi\u00e9n otros servicios de SoundCloud?<\/h2>\n<p>S\u00ed, tambi\u00e9n ofrecemos otros servicios de SoundCloud. Si quieres aumentar las reproducciones de tus canciones, entonces <span style=\"text-decoration: underline;\"><a href=\"https:\/\/juicyfollow.com\/buy-SoundCloud-plays\/\" target=\"_blank\" rel=\"noopener\">comprar reproducciones de SoundCloud<\/a><\/span>. Tambi\u00e9n puedes aumentar el n\u00famero de \u00abMe gusta\u00bb de tus canciones <span style=\"text-decoration: underline;\"><a href=\"https:\/\/juicyfollow.com\/buy-SoundCloud-likes\/\" target=\"_blank\" rel=\"noopener\">comprando \u00abMe gusta\u00bb de SoundCloud<\/a>.<\/span>  <\/p>\n<h2>\u00bfTengo garant\u00eda en mi compra?<\/h2>\n<p>\u00a1S\u00ed! Su satisfacci\u00f3n es importante para nosotros. Esto significa que si, por cualquier motivo, no est\u00e1 satisfecho con su compra, le devolvemos el 100% de su dinero en un plazo de 30 d\u00edas a partir de su compra. \u00bfNo est\u00e1s satisfecho? S\u00f3lo tienes que ponerte en contacto con nosotros y recibir\u00e1s el reembolso sin hacer preguntas.<\/p>\n<p>Aseg\u00farese de que no somos responsables de la eliminaci\u00f3n de su cuenta. Sin embargo, NUNCA ha ocurrido con nosotros que se haya eliminado una cuenta. Eso hace que comprar seguidores de SoundCloud sea completamente seguro.<\/p>\n\t\t<\/div>\n\t\t\t\t\t<\/div>\n\n\t\n<\/div>\n","protected":false},"excerpt":{"rendered":"","protected":false},"featured_media":3697,"comment_status":"open","ping_status":"closed","template":"","meta":[],"product_brand":[],"product_cat":[523],"product_tag":[],"class_list":{"0":"post-8325","1":"product","2":"type-product","3":"status-publish","4":"has-post-thumbnail","6":"product_cat-soundcloud-es","8":"first","9":"instock","10":"sale","11":"taxable","12":"shipping-taxable","13":"purchasable","14":"product-type-variable"},"_links":{"self":[{"href":"https:\/\/juicyfollow.com\/es\/wp-json\/wp\/v2\/product\/8325","targetHints":{"allow":["GET"]}}],"collection":[{"href":"https:\/\/juicyfollow.com\/es\/wp-json\/wp\/v2\/product"}],"about":[{"href":"https:\/\/juicyfollow.com\/es\/wp-json\/wp\/v2\/types\/product"}],"replies":[{"embeddable":true,"href":"https:\/\/juicyfollow.com\/es\/wp-json\/wp\/v2\/comments?post=8325"}],"wp:featuredmedia":[{"embeddable":true,"href":"https:\/\/juicyfollow.com\/es\/wp-json\/wp\/v2\/media\/3697"}],"wp:attachment":[{"href":"https:\/\/juicyfollow.com\/es\/wp-json\/wp\/v2\/media?parent=8325"}],"wp:term":[{"taxonomy":"product_brand","embeddable":true,"href":"https:\/\/juicyfollow.com\/es\/wp-json\/wp\/v2\/product_brand?post=8325"},{"taxonomy":"product_cat","embeddable":true,"href":"https:\/\/juicyfollow.com\/es\/wp-json\/wp\/v2\/product_cat?post=8325"},{"taxonomy":"product_tag","embeddable":true,"href":"https:\/\/juicyfollow.com\/es\/wp-json\/wp\/v2\/product_tag?post=8325"}],"curies":[{"name":"wp","href":"https:\/\/api.w.org\/{rel}","templated":true}]}}