{"id":2669,"date":"2021-07-02T17:23:40","date_gmt":"2021-07-02T17:23:40","guid":{"rendered":"https:\/\/juicyfollow.com\/visitas-de-instagram\/"},"modified":"2025-07-12T09:13:34","modified_gmt":"2025-07-12T09:13:34","slug":"comprar-reproducciones-instagram","status":"publish","type":"product","link":"https:\/\/juicyfollow.com\/es\/comprar-reproducciones-instagram\/","title":{"rendered":"Visitas de Instagram"},"content":{"rendered":"<div class=\"row\"  id=\"row-1633432213\">\n\n\t<div id=\"col-569258786\" class=\"col small-12 large-12\"  >\n\t\t\t\t<div class=\"col-inner\"  >\n\t\t\t\n\t\t\t\n<p><strong>Compra visualizaciones de Instagram<\/strong> para tus carretes, historias y v\u00eddeos en directo de Instagram.<\/p>\n<h2>\u00bfPor qu\u00e9 deber\u00edas comprar visitas de Instagram?<\/h2>\n<p>Comprar vistas de Instagram dar\u00e1 un r\u00e1pido impulso a tus historias de publicaciones de <a href=\"https:\/\/instagram.com\/\" target=\"_blank\" rel=\"noopener\">Instagram<\/a>, v\u00eddeos, carretes, IGTV. El n\u00famero de espectadores aumenta no s\u00f3lo comprando vistas de Instagram, un gran n\u00famero de vistas tambi\u00e9n indica que tienes una cuenta de Instagram popular. Esto significa que tu perfil atraer\u00e1 a gente real (likes y seguidores) m\u00e1s r\u00e1pidamente.<\/p>\n<p>Considere lo siguiente&#8230; Un post de bobina con s\u00f3lo 50 espectadores no es muy probable que atraiga a nuevos espectadores y seguidores. Pero un post que ya tiene 5.000 visitas es mucho m\u00e1s probable que atraiga nuevos likes y nuevos espectadores, adem\u00e1s de que nuevas personas te seguir\u00e1n. Despu\u00e9s de todo, 5.000 personas ya han visto este post, as\u00ed que debe ser una buena cuenta, \u00bfno? Esta suele ser la filosof\u00eda de las personas que compran vistas en Instagram. Si tu publicaci\u00f3n es vista por muchas personas, tu cuenta ser\u00e1 f\u00e1cil de conseguir la atenci\u00f3n de muchas personas, haz que tu publicaci\u00f3n se convierta en una b\u00fasqueda superior para otras personas y \u00a1s\u00e9 la estrella!<\/p>\n<h2>\u00bfPor qu\u00e9 elegir JuicyFollow?<\/h2>\n<p>Si quieres convertirte en una persona famosa en las redes sociales, \u00a1est\u00e1s en el lugar adecuado! Porque con nuestras vistas de Instagram puedes hacer crecer tu presencia en las redes sociales r\u00e1pidamente. Compre vistas de Instagram ahora, y obtenga una entrega r\u00e1pida, alta calidad, gran servicio, precio barato y satisfacci\u00f3n garantizada. JuicyFollow te ayudar\u00e1 a convertirte en un experto en redes sociales. Se le atender\u00e1 con un gran servicio al cliente. \u00a1Consigue ahora tu mejor experiencia con JuicyFollow!<\/p>\n<h2>\u00bfEs seguro comprar vistas de Instagram?<\/h2>\n<p>S\u00ed. Comprar vistas de Instagram es 100% seguro. Nunca hemos visto que los clientes hagan comentarios negativos sobre los pedidos que hicieron aqu\u00ed. Y si lo hac\u00edan, siempre nos asegur\u00e1bamos de resolver sus problemas r\u00e1pidamente.<\/p>\n<p>Adem\u00e1s, nunca compartiremos tu cuenta o tus datos personales con Instagram o con terceros. Esto hace que la compra de vistas de Instagram sea completamente segura.<\/p>\n<h2>\u00bfSon reales las vistas de Instagram?<\/h2>\n<p>S\u00ed. Los perfiles que recibir\u00e1s son 100% reales en Instagram, lo que significa que est\u00e1n registrados en Instagram.<\/p>\n<p>Sin embargo, en el 99% de los casos, \u00e9stos no son controlados por personas reales. Casi siempre provienen de \u00abbots\u00bb automatizados. Estos \u00abbots\u00bb pueden ser controlados para que les guste tu publicaci\u00f3n en masa. Esto permite conseguir muchos espectadores de una sola vez. La <strong>ventaja<\/strong> es que puedes conseguir muchos espectadores r\u00e1pidamente, por un precio relativamente bueno.<\/p>\n<h2>Puedo comprar vistas de Instagram Stories?<\/h2>\n<p>Por supuesto. Puedes obtener Vistas para tus historias de post, videos, IGTV, Reels, y tambi\u00e9n video LIVE de JuicyFollow como quieras. Tambi\u00e9n puedes pedir la cantidad que necesites para conseguir las vistas. Tus historias ser\u00e1n m\u00e1s visibles para tus seguidores, cuanto m\u00e1s espectadores tengas tu cuenta de engagement ser\u00e1 buena como persona famosa de las redes sociales.<\/p>\n<h2>\u00bfPuedo comprar vistas de Instagram Reels?<\/h2>\n<p>Por supuesto que s\u00ed. Tambi\u00e9n puedes obtener Vistas para tus Reels, IGTV, y tambi\u00e9n video LIVE de JuicyFollow como quieras. Tambi\u00e9n puedes pedir la cantidad que necesites para conseguir las vistas. El proceso de pedido es sencillo y las vistas se entregan al instante. Si tu publicaci\u00f3n es vista por muchas personas, tu cuenta ser\u00e1 f\u00e1cil de ser notada por muchas personas. Haz que tus carretes se conviertan en los m\u00e1s buscados por otras personas y \u00a1s\u00e9 la estrella!<\/p>\n<h2>\u00bfPuedo comprar vistas de Instagram baratas?<\/h2>\n<p>Claro que s\u00ed. Con las vistas de JuicyFollow tienes la garant\u00eda de obtener el mejor precio. Es seguro decir que puedes comprar vistas de Instagram baratas con nosotros. \u00a1Precio barato y la mejor experiencia!<\/p>\n<h2>\u00bfCu\u00e1ntas vistas puedo comprar?<\/h2>\n<p>Si usted es un nuevo usuario, puede obtener las vistas a partir de 100 vistas con un precio barato y de buena calidad. Usted no puede saber axactly puntos de vista que usted necesita tambi\u00e9n puede obtener un paquete de planes de la prima, que vale la pena de dinero y que merec\u00eda conseguir. No s\u00f3lo eso, si usted est\u00e1 buscando para la membres\u00eda, JuicyFollow le dan la bienvenida como miembro VIP. No te preocupes. Sus vistas aumentan inmediatamente.<\/p>\n<p>Puedes comprar desde 100 vistas de Instagram por un precio barato y con buena calidad. Tambi\u00e9n puedes elegir una cantidad para comprar entre 200 y 300 vistas de Instagram, como por ejemplo 250 vistas. No importa si compras vistas para el carrete de Instagram o para tus historias. Esto lo hace muy amigable para los Instagramers que reci\u00e9n comienzan con la compra de vistas de Instagram.<\/p>\n<h2>C\u00f3mo comprar 10k vistas de Instagram<\/h2>\n<p>Muchos creen que tener 10k visualizaciones en Instagram de tu post o v\u00eddeo significa que has hecho algo grande. Para muchas personas superar las 10 mil visualizaciones en Instagram es un hito importante. Aqu\u00ed en JuicyFollow puedes comprar 10k vistas de Instagram f\u00e1cil, sencillo y al mejor precio.<\/p>\n<h2>C\u00f3mo conseguir visitas gratis en Instagram<\/h2>\n<p>Conseguir vistas gratis en Instagram es bastante f\u00e1cil. Pero lleva mucho tiempo. Aqu\u00ed tienes algunos consejos para conseguir visitas gratis en Instagram r\u00e1pidamente:<\/p>\n<ul>\n<li><strong>Como los puestos de otras personas.<\/strong>  Mucha gente comprobar\u00e1 tu perfil despu\u00e9s de que te guste su publicaci\u00f3n. Si tu perfil es lo suficientemente interesante, hay una alta probabilidad de que vean tus publicaciones y v\u00eddeos tambi\u00e9n. Ten cuidado de no darle like a demasiadas publicaciones en un d\u00eda, ya que el algoritmo de Instagram podr\u00eda atraparte por \u00abhacer trampa\u00bb.<\/li>\n<li><strong>Promociona tu perfil de Instagram en otras plataformas de redes sociales.<\/strong>  Esta es probablemente la forma m\u00e1s f\u00e1cil de conseguir vistas gratis en Instagram. \u00bfPor qu\u00e9 no promocionar tambi\u00e9n tu perfil en <a href=\"https:\/\/juicyfollow.com\/es\/youtube-es\/\" target=\"_blank\" rel=\"noopener\">YouTube<\/a> y <a href=\"https:\/\/juicyfollow.com\/es\/tiktok-es\/\" target=\"_blank\" rel=\"noopener\">TikTok<\/a>?<\/li>\n<li><strong>Comenta las publicaciones de otras personas.<\/strong>  \u00bfQu\u00e9 es m\u00e1s valioso que un like? Un comentario, por supuesto. Aumenta las posibilidades de que alguien vea tus v\u00eddeos y te siga, no s\u00f3lo d\u00e1ndole a me gusta a su publicaci\u00f3n, sino tambi\u00e9n coment\u00e1ndola. Hay muchas posibilidades de que m\u00e1s personas empiecen a ver tus publicaciones y te sigan.<\/li>\n<li><strong>Publicar con frecuencia.<\/strong>  Deber\u00eda hacerse sin decirlo. Alguien que publica v\u00eddeos con regularidad tiene m\u00e1s posibilidades de conseguir m\u00e1s visualizaciones gratuitas en Instagram. Aseg\u00farate tambi\u00e9n de utilizar muchos hashtags en tus publicaciones.<\/li>\n<\/ul>\n<p>Estos son algunos consejos b\u00e1sicos para conseguir m\u00e1s visitas gratis en Instagram. Si est\u00e1s dispuesto a gastar algo de dinero para hacer crecer tu perfil de Instagram, puedes considerar comprar vistas de Instagram baratas con nosotros.<\/p>\n\t\t<\/div>\n\t\t\t\t\t<\/div>\n\n\t\n<\/div>\n","protected":false},"excerpt":{"rendered":"","protected":false},"featured_media":2538,"comment_status":"open","ping_status":"closed","template":"","meta":[],"product_brand":[],"product_cat":[111],"product_tag":[303],"class_list":{"0":"post-2669","1":"product","2":"type-product","3":"status-publish","4":"has-post-thumbnail","6":"product_cat-instagram-es","7":"product_tag-comprar-vistas-de-instagram","9":"first","10":"instock","11":"sale","12":"taxable","13":"shipping-taxable","14":"purchasable","15":"product-type-variable"},"_links":{"self":[{"href":"https:\/\/juicyfollow.com\/es\/wp-json\/wp\/v2\/product\/2669","targetHints":{"allow":["GET"]}}],"collection":[{"href":"https:\/\/juicyfollow.com\/es\/wp-json\/wp\/v2\/product"}],"about":[{"href":"https:\/\/juicyfollow.com\/es\/wp-json\/wp\/v2\/types\/product"}],"replies":[{"embeddable":true,"href":"https:\/\/juicyfollow.com\/es\/wp-json\/wp\/v2\/comments?post=2669"}],"wp:featuredmedia":[{"embeddable":true,"href":"https:\/\/juicyfollow.com\/es\/wp-json\/wp\/v2\/media\/2538"}],"wp:attachment":[{"href":"https:\/\/juicyfollow.com\/es\/wp-json\/wp\/v2\/media?parent=2669"}],"wp:term":[{"taxonomy":"product_brand","embeddable":true,"href":"https:\/\/juicyfollow.com\/es\/wp-json\/wp\/v2\/product_brand?post=2669"},{"taxonomy":"product_cat","embeddable":true,"href":"https:\/\/juicyfollow.com\/es\/wp-json\/wp\/v2\/product_cat?post=2669"},{"taxonomy":"product_tag","embeddable":true,"href":"https:\/\/juicyfollow.com\/es\/wp-json\/wp\/v2\/product_tag?post=2669"}],"curies":[{"name":"wp","href":"https:\/\/api.w.org\/{rel}","templated":true}]}}