{"id":8529,"date":"2022-11-12T06:44:08","date_gmt":"2022-11-12T06:44:08","guid":{"rendered":"https:\/\/juicyfollow.com\/spotify-follower\/"},"modified":"2025-07-12T09:47:49","modified_gmt":"2025-07-12T09:47:49","slug":"spotify-follower","status":"publish","type":"product","link":"https:\/\/juicyfollow.com\/de\/spotify-follower\/","title":{"rendered":"Spotify Follower"},"content":{"rendered":"<div class=\"row\"  id=\"row-1828905777\">\n\n\t<div id=\"col-182239268\" class=\"col small-12 large-12\"  >\n\t\t\t\t<div class=\"col-inner\"  >\n\t\t\t\n\t\t\t\n<p><strong>Kaufen Sie Spotify-Follower<\/strong> f\u00fcr Ihr Spotify-K\u00fcnstlerprofil. St\u00e4rken Sie Ihr Spotify-Profil mit hochwertigen Followern von JuicyFollow. <\/p>\n<h2>Warum sollten Sie Spotify-Follower kaufen?<\/h2>\n<p>Der Kauf von Spotify-Followern gibt Ihrem Spotify-K\u00fcnstlerprofil einen schnellen Schub. Die Anzahl der Follower steigt nicht nur durch den Kauf von Spotify-Followern, eine gro\u00dfe Anzahl von Followern zeigt auch, dass Sie ein beliebtes Spotify-Konto haben. Das bedeutet, dass Ihr Profil schneller echte Menschen (H\u00f6rer und Follower) anziehen wird.  <\/p>\n<p>Bedenken Sie Folgendes&#8230; Ein Profil, das nur 500 Follower hat, wird kaum neue Follower, Plays und H\u00f6rer anziehen. Aber ein Profil, das bereits 100.000 Follower hat, wird mit viel gr\u00f6\u00dferer Wahrscheinlichkeit neue Follower anziehen. Schlie\u00dflich folgen bereits 100.000 Follower diesem Profil, also muss diese Person ein guter K\u00fcnstler sein, oder? Das ist oft die Philosophie der Leute auf Spotify.   <\/p>\n<h2>Ist es sicher, Spotify-Follower zu kaufen?<\/h2>\n<p>Ja. Der Kauf von Spotify-Followern ist 100% sicher. Wir haben noch nie erlebt, dass sich Kunden negativ \u00fcber ihre Bestellungen bei uns ge\u00e4u\u00dfert haben. Und wenn sie das tun, sorgen wir immer daf\u00fcr, dass wir ihre Probleme schnell l\u00f6sen.<\/p>\n<p>Au\u00dferdem werden wir niemals Ihr Konto oder Ihre pers\u00f6nlichen Daten an Spotify oder andere Dritte weitergeben. Das macht den Kauf von Spotify-Followern absolut sicher. <\/p>\n<h2>Sind Ihre Spotify-Follower echt?<\/h2>\n<p>Ja. Die Follower, die Sie erhalten, sind 100% echte Spotify-Follower. Das bedeutet, dass sie bei Spotify registriert sind. <\/p>\n<p>In 99 % der F\u00e4lle werden diese jedoch nicht von echten Menschen kontrolliert. Sie stammen fast immer von automatisierten &#8222;Bots&#8220;. Diese &#8222;Bots&#8220; k\u00f6nnen so gesteuert werden, dass sie Ihrem Profil massenhaft folgen. Auf diese Weise k\u00f6nnen Sie auf einen Schlag eine Menge Follower gewinnen. Der Vorteil ist, dass Sie schnell und zu einem relativ g\u00fcnstigen Preis viele Follower bekommen k\u00f6nnen.  <\/p>\n<h2>Kann ich g\u00fcnstig Spotify-Follower kaufen?<\/h2>\n<p>Nat\u00fcrlich k\u00f6nnen Sie das. Mit den hochwertigen Followern von JuicyFollow erhalten Sie garantiert den besten Preis. Sie k\u00f6nnen mit Sicherheit sagen, dass Sie bei uns g\u00fcnstige Spotify-Follower kaufen k\u00f6nnen. <\/p>\n<h2>Wie Sie 1 Million Spotify-Follower kaufen<\/h2>\n<p>Viele glauben, dass 1 Million Spotify-Follower zu haben bedeutet, dass Sie etwas Gro\u00dfes geleistet haben. F\u00fcr viele Menschen ist das Erreichen der 1 Million Spotify-Follower ein wichtiger Meilenstein. Hier bei JuicyFollow k\u00f6nnen Sie 1 Million Spotify-Follower g\u00fcnstig kaufen.  <\/p>\n<h2>Wie Sie kostenlose Spotify-Follower bekommen<\/h2>\n<p>Es ist ganz einfach, kostenlose Spotify-Follower zu bekommen. Aber das kostet viel Zeit. Hier sind einige Tipps, wie Sie schnell kostenlose Spotify-Follower bekommen:<\/p>\n<ul>\n<li><strong>Bewerben Sie Ihre Spotify-Songs und Ihr Profil auf anderen Social Media-Plattformen.<\/strong>  Dies ist wahrscheinlich der einfachste Weg, um kostenlose Spotify-Follower zu bekommen. Warum bewerben Sie Ihr Profil nicht auf <span style=\"text-decoration: underline;\"><a href=\"https:\/\/juicyfollow.com\/de\/youtube-de\/\" target=\"_blank\" rel=\"noopener\">YouTube<\/a><\/span> und <a href=\"https:\/\/juicyfollow.com\/de\/instagram-de\/\" target=\"_blank\" rel=\"noopener\"><span style=\"text-decoration: underline;\">Instagram<\/span><\/a> ebenfalls bewerben? Das haben schon viele vor Ihnen getan.<\/li>\n<li><strong>Erstellen und laden Sie h\u00e4ufig hoch.<\/strong> Das sollte eine Selbstverst\u00e4ndlichkeit sein. Jemand, der regelm\u00e4\u00dfig neue Songs hochl\u00e4dt, schafft mehr Aufmerksamkeit und hat somit eine h\u00f6here Chance, mehr kostenlose Spotify-Follower zu bekommen.<\/li>\n<li><strong>Stellen Sie sicher, dass Ihr Song \/ Album ein tolles Cover hat. <\/strong>Covers sind die kleinen Bilder, die die Leute sehen, bevor sie sich Ihren Song anh\u00f6ren oder Ihr Profil sehen. Ein gro\u00dfartiges, einpr\u00e4gsames Cover f\u00e4llt auf und hat eine h\u00f6here Chance, von den Leuten angeklickt zu werden. <\/li>\n<\/ul>\n<p>Dies sind einige grundlegende Tipps, um mehr kostenlose Spotify-Follower zu erhalten. Wenn Sie bereit sind, etwas Geld auszugeben, um Ihr Spotify-Profil zu vergr\u00f6\u00dfern, k\u00f6nnen Sie in Erw\u00e4gung ziehen, g\u00fcnstige Spotify-Follower bei uns zu kaufen. <\/p>\n<h2>Gibt es irgendwelche Nachteile?<\/h2>\n<p>Leider beschlie\u00dft Spotify manchmal, eine gro\u00dfe S\u00e4uberungsaktion durchzuf\u00fchren und &#8222;Spam&#8220;-Konten zu l\u00f6schen. Das ist in der Vergangenheit schon ein paar Mal passiert. Infolgedessen ist es m\u00f6glich, dass Sie Follower verlieren. Allerdings sind alle Ihre Eink\u00e4ufe mit einem 30-t\u00e4gigen kostenlosen Nachf\u00fcllservice garantiert. Sie brauchen sich nur mit uns in Verbindung zu setzen und um eine Nachf\u00fcllung zu bitten.<\/p>\n<h2>Bieten Sie auch andere Spotify Dienste an?<\/h2>\n<p>Ja, wir bieten auch andere Spotify-Dienste an. Wenn Sie Ihre monatlichen H\u00f6rer erh\u00f6hen m\u00f6chten, dann <span style=\"text-decoration: underline;\"><a href=\"https:\/\/juicyfollow.com\/spotify-monthly-listeners\/\" target=\"_blank\" rel=\"noopener\">Spotify monatliche H\u00f6rer kaufen<\/a><\/span>. Sie k\u00f6nnen auch die Anzahl der Aufrufe Ihrer Songs erh\u00f6hen, wenn Sie <span style=\"text-decoration: underline;\"><a href=\"https:\/\/juicyfollow.com\/buy-spotify-plays\/\" target=\"_blank\" rel=\"noopener\">Spotify Aufrufe kaufen<\/a>.<\/span>  <\/p>\n<h2>Habe ich eine Garantie auf meinen Kauf?<\/h2>\n<p>Ja! Ihre Zufriedenheit ist f\u00fcr uns wichtig. Das bedeutet, wenn Sie aus irgendeinem Grund mit Ihrem Kauf nicht zufrieden sind, erhalten Sie innerhalb von 30 Tagen nach dem Kauf 100% Ihres Geldes zur\u00fcck. Sind Sie also nicht zufrieden? Wenden Sie sich einfach an uns und Sie erhalten eine R\u00fcckerstattung, ohne dass Fragen gestellt werden.<\/p>\n<p>Vergewissern Sie sich, dass wir nicht f\u00fcr die L\u00f6schung Ihres Kontos verantwortlich sind. Allerdings ist es bei uns noch NIE vorgekommen, dass ein Konto gel\u00f6scht wurde. Das macht den Kauf von Spotify-Followern v\u00f6llig sicher.<\/p>\n\t\t<\/div>\n\t\t\t\t\t<\/div>\n\n\t\n<\/div>\n","protected":false},"excerpt":{"rendered":"","protected":false},"featured_media":3648,"comment_status":"open","ping_status":"closed","template":"","meta":[],"product_brand":[],"product_cat":[508],"product_tag":[],"class_list":{"0":"post-8529","1":"product","2":"type-product","3":"status-publish","4":"has-post-thumbnail","6":"product_cat-spotify-de","8":"first","9":"instock","10":"sale","11":"taxable","12":"shipping-taxable","13":"purchasable","14":"product-type-variable"},"_links":{"self":[{"href":"https:\/\/juicyfollow.com\/de\/wp-json\/wp\/v2\/product\/8529","targetHints":{"allow":["GET"]}}],"collection":[{"href":"https:\/\/juicyfollow.com\/de\/wp-json\/wp\/v2\/product"}],"about":[{"href":"https:\/\/juicyfollow.com\/de\/wp-json\/wp\/v2\/types\/product"}],"replies":[{"embeddable":true,"href":"https:\/\/juicyfollow.com\/de\/wp-json\/wp\/v2\/comments?post=8529"}],"wp:featuredmedia":[{"embeddable":true,"href":"https:\/\/juicyfollow.com\/de\/wp-json\/wp\/v2\/media\/3648"}],"wp:attachment":[{"href":"https:\/\/juicyfollow.com\/de\/wp-json\/wp\/v2\/media?parent=8529"}],"wp:term":[{"taxonomy":"product_brand","embeddable":true,"href":"https:\/\/juicyfollow.com\/de\/wp-json\/wp\/v2\/product_brand?post=8529"},{"taxonomy":"product_cat","embeddable":true,"href":"https:\/\/juicyfollow.com\/de\/wp-json\/wp\/v2\/product_cat?post=8529"},{"taxonomy":"product_tag","embeddable":true,"href":"https:\/\/juicyfollow.com\/de\/wp-json\/wp\/v2\/product_tag?post=8529"}],"curies":[{"name":"wp","href":"https:\/\/api.w.org\/{rel}","templated":true}]}}