{"id":8523,"date":"2022-11-11T07:26:06","date_gmt":"2022-11-11T07:26:06","guid":{"rendered":"https:\/\/juicyfollow.com\/spotify-monatliche-hoerer\/"},"modified":"2025-07-12T09:47:37","modified_gmt":"2025-07-12T09:47:37","slug":"spotify-monatliche-hoerer","status":"publish","type":"product","link":"https:\/\/juicyfollow.com\/de\/spotify-monatliche-hoerer\/","title":{"rendered":"Spotify Monatliche H\u00f6rer"},"content":{"rendered":"<div class=\"row\"  id=\"row-852040503\">\n\n\t<div id=\"col-432601222\" class=\"col small-12 large-12\"  >\n\t\t\t\t<div class=\"col-inner\"  >\n\t\t\t\n\t\t\t\n<p><strong>Kaufen Sie monatliche Spotify-H\u00f6rer<\/strong> f\u00fcr Ihr Spotify-Konto. St\u00e4rken Sie Ihr Spotify-Konto mit hochwertigen monatlichen H\u00f6rern von JuicyFollow. <\/p>\n<h2>Warum sollten Sie Spotify Monthly Listeners kaufen?<\/h2>\n<p>Der Kauf von monatlichen Spotify-H\u00f6rern gibt Ihrem Spotify-Konto einen schnellen Schub. Die Anzahl der monatlichen H\u00f6rer erh\u00f6ht sich nicht nur durch den Kauf von monatlichen H\u00f6rern, eine gro\u00dfe Anzahl von monatlichen H\u00f6rern zeigt auch an, dass Sie ein beliebtes Spotify-Konto haben. Das bedeutet, dass Ihr Profil schneller echte Menschen (H\u00f6rer, H\u00f6rer und Follower) anzieht.  <\/p>\n<p>Bedenken Sie Folgendes&#8230; Ein Musikk\u00fcnstler mit nur 500 monatlichen H\u00f6rern hat kaum Chancen, neue H\u00f6rer zu gewinnen. Aber ein K\u00fcnstler, der bereits 100.000 monatliche H\u00f6rer hat, wird mit viel gr\u00f6\u00dferer Wahrscheinlichkeit neue H\u00f6rer anziehen. Schlie\u00dflich h\u00f6ren 100.000 Menschen bereits aktiv die Songs des K\u00fcnstlers, also muss es sich um einen guten K\u00fcnstler handeln, oder? Das ist oft die Philosophie der Leute auf Spotify.   <\/p>\n<h2>Ist es sicher, monatliche Spotify-H\u00f6rer zu kaufen?<\/h2>\n<p>Ja. Der Kauf von monatlichen Spotify-H\u00f6rern ist 100% sicher. Wir haben noch nie erlebt, dass sich Kunden negativ \u00fcber ihre Bestellungen bei uns ge\u00e4u\u00dfert haben. Und wenn sie das tun, sorgen wir immer daf\u00fcr, dass wir ihre Probleme schnell l\u00f6sen.<\/p>\n<p>Au\u00dferdem werden wir Ihre Konto- oder pers\u00f6nlichen Daten niemals an Spotify oder andere Dritte weitergeben. Das macht den Kauf von Spotify Monatsh\u00f6rern absolut sicher. <\/p>\n<h2>Sind Ihre monatlichen Spotify-H\u00f6rer echt?<\/h2>\n<p>Ja. Die monatlichen H\u00f6rer, die Sie erhalten, sind 100% echte Spotify-H\u00f6rer. Das bedeutet, dass sie bei Spotify registriert sind. <\/p>\n<p>In 99 % der F\u00e4lle werden diese jedoch nicht von echten Menschen kontrolliert. Sie stammen fast immer von automatisierten &#8222;Bots&#8220;. Diese &#8222;Bots&#8220; k\u00f6nnen so gesteuert werden, dass sie sich Ihre Songs in Massen anh\u00f6ren. Auf diese Weise k\u00f6nnen Sie auf einen Schlag eine gro\u00dfe Anzahl von H\u00f6rern gewinnen. Der Vorteil ist, dass Sie schnell und zu einem relativ g\u00fcnstigen Preis viele H\u00f6rer gewinnen k\u00f6nnen.  <\/p>\n<h2>Kann ich billige monatliche Spotify-H\u00f6rer kaufen?<\/h2>\n<p>Nat\u00fcrlich k\u00f6nnen Sie das. Mit den hochwertigen monatlichen H\u00f6rern von JuicyFollow erhalten Sie garantiert den besten Preis. Es ist sicher, dass Sie bei uns g\u00fcnstige monatliche Spotify-H\u00f6rer kaufen k\u00f6nnen. <\/p>\n<h2>Wie Sie 1 Million monatliche Spotify-H\u00f6rer kaufen<\/h2>\n<p>Viele glauben, dass 1 Million monatliche Spotify-H\u00f6rer bedeutet, dass Sie etwas Gro\u00dfartiges geleistet haben. F\u00fcr viele Menschen ist das Erreichen der 1 Million monatlicher H\u00f6rer ein wichtiger Meilenstein. Hier bei JuicyFollow k\u00f6nnen Sie 1 Million monatliche Spotify-H\u00f6rer g\u00fcnstig kaufen.  <\/p>\n<h2>Wie Sie kostenlose monatliche H\u00f6rer erhalten<\/h2>\n<p>Es ist ganz einfach, kostenlose monatliche H\u00f6rer auf Spotify zu bekommen. Aber das kostet viel Zeit. Hier sind einige Tipps, wie Sie schnell kostenlose monatliche H\u00f6rer bekommen:<\/p>\n<ul>\n<li><strong>Bewerben Sie Ihre Spotify Streams auf anderen Social Media-Plattformen.<\/strong>  Dies ist wahrscheinlich der einfachste Weg, um kostenlose Musikst\u00fccke und monatliche H\u00f6rer f\u00fcr Ihr Spotify-Profil zu erhalten. Warum bewerben Sie es nicht auf <span style=\"text-decoration: underline;\"><a href=\"https:\/\/juicyfollow.com\/de\/youtube-de\/\" target=\"_blank\" rel=\"noopener\">YouTube<\/a><\/span> und <a href=\"https:\/\/juicyfollow.com\/de\/instagram-de\/\" target=\"_blank\" rel=\"noopener\"><span style=\"text-decoration: underline;\">Instagram<\/span><\/a> auch?  Das haben schon viele vor Ihnen getan.<\/li>\n<li><strong>Erstellen und laden Sie h\u00e4ufig hoch.<\/strong> Das sollte eine Selbstverst\u00e4ndlichkeit sein. Jemand, der regelm\u00e4\u00dfig neue Songs hochl\u00e4dt, hat eine h\u00f6here Chance, mehr kostenlose Anspielungen und monatliche H\u00f6rer zu bekommen.<\/li>\n<li><strong>Stellen Sie sicher, dass Ihr Song \/ Album ein tolles Cover hat. <\/strong>Cover sind die kleinen Bilder, die die Leute sehen, bevor sie sich Ihren Song anh\u00f6ren. Ein gro\u00dfartiges, einpr\u00e4gsames Cover f\u00e4llt auf und hat eine h\u00f6here Chance, von den Leuten angeklickt zu werden. <\/li>\n<\/ul>\n<p>Dies sind einige grundlegende Tipps, um mehr kostenlose monatliche H\u00f6rer zu erhalten. Wenn Sie bereit sind, etwas Geld auszugeben, um Ihr Spotify-K\u00fcnstlerprofil zu erweitern, k\u00f6nnen Sie in Erw\u00e4gung ziehen, g\u00fcnstige monatliche Spotify-H\u00f6rer bei uns zu kaufen. <\/p>\n<h2>Gibt es irgendwelche Nachteile?<\/h2>\n<p>Leider z\u00e4hlt Spotify nur die Anzahl der H\u00f6rer auf Ihrem Konto in den letzten 28 Tagen. Das bedeutet, dass 28 Tage nach Ihrer Bestellung die Anzahl der H\u00f6rer wieder sinkt. Das hei\u00dft, es sei denn, Sie entscheiden sich, neue monatliche Spotify-H\u00f6rer zu kaufen, bevor das Datum abl\u00e4uft.  <\/p>\n<h2>Bieten Sie auch andere Spotify Dienste an?<\/h2>\n<p>Ja, wir bieten auch andere Spotify-Dienste an. Wenn Sie Ihre Plays erh\u00f6hen m\u00f6chten, dann <span style=\"text-decoration: underline;\"><a href=\"https:\/\/juicyfollow.com\/buy-spotify-plays\/\" target=\"_blank\" rel=\"noopener\">Spotify-Plays kaufen<\/a><\/span>. Sie k\u00f6nnen auch die Anzahl Ihrer Follower erh\u00f6hen, wenn Sie <span style=\"text-decoration: underline;\"><a href=\"https:\/\/juicyfollow.com\/buy-spotify-followers\/\" target=\"_blank\" rel=\"noopener\">Spotify-Follower kaufen<\/a>.<\/span>  <\/p>\n<h2>Habe ich eine Garantie auf meinen Kauf?<\/h2>\n<p>Ja! Ihre Zufriedenheit ist f\u00fcr uns wichtig. Das bedeutet, wenn Sie aus irgendeinem Grund mit Ihrem Kauf nicht zufrieden sind, erhalten Sie innerhalb von 30 Tagen nach dem Kauf 100% Ihres Geldes zur\u00fcck. Sind Sie also nicht zufrieden? Wenden Sie sich einfach an uns und Sie erhalten eine R\u00fcckerstattung, ohne dass Fragen gestellt werden.<\/p>\n<p>Vergewissern Sie sich, dass wir nicht f\u00fcr die L\u00f6schung Ihres Kontos verantwortlich sind. Allerdings ist es bei uns noch NIE vorgekommen, dass ein Konto gel\u00f6scht wurde. Das macht den Kauf von monatlichen Spotify-H\u00f6rern v\u00f6llig sicher.<\/p>\n\t\t<\/div>\n\t\t\t\t\t<\/div>\n\n\t\n<\/div>\n","protected":false},"excerpt":{"rendered":"","protected":false},"featured_media":3648,"comment_status":"open","ping_status":"closed","template":"","meta":[],"product_brand":[],"product_cat":[508],"product_tag":[],"class_list":{"0":"post-8523","1":"product","2":"type-product","3":"status-publish","4":"has-post-thumbnail","6":"product_cat-spotify-de","8":"first","9":"instock","10":"sale","11":"taxable","12":"shipping-taxable","13":"purchasable","14":"product-type-variable"},"_links":{"self":[{"href":"https:\/\/juicyfollow.com\/de\/wp-json\/wp\/v2\/product\/8523","targetHints":{"allow":["GET"]}}],"collection":[{"href":"https:\/\/juicyfollow.com\/de\/wp-json\/wp\/v2\/product"}],"about":[{"href":"https:\/\/juicyfollow.com\/de\/wp-json\/wp\/v2\/types\/product"}],"replies":[{"embeddable":true,"href":"https:\/\/juicyfollow.com\/de\/wp-json\/wp\/v2\/comments?post=8523"}],"wp:featuredmedia":[{"embeddable":true,"href":"https:\/\/juicyfollow.com\/de\/wp-json\/wp\/v2\/media\/3648"}],"wp:attachment":[{"href":"https:\/\/juicyfollow.com\/de\/wp-json\/wp\/v2\/media?parent=8523"}],"wp:term":[{"taxonomy":"product_brand","embeddable":true,"href":"https:\/\/juicyfollow.com\/de\/wp-json\/wp\/v2\/product_brand?post=8523"},{"taxonomy":"product_cat","embeddable":true,"href":"https:\/\/juicyfollow.com\/de\/wp-json\/wp\/v2\/product_cat?post=8523"},{"taxonomy":"product_tag","embeddable":true,"href":"https:\/\/juicyfollow.com\/de\/wp-json\/wp\/v2\/product_tag?post=8523"}],"curies":[{"name":"wp","href":"https:\/\/api.w.org\/{rel}","templated":true}]}}