{"id":1744,"date":"2021-07-03T05:51:47","date_gmt":"2021-07-03T05:51:47","guid":{"rendered":"https:\/\/juicyfollow.com\/tiktok-views\/"},"modified":"2025-07-12T09:14:11","modified_gmt":"2025-07-12T09:14:11","slug":"tiktok-views-kaufen","status":"publish","type":"product","link":"https:\/\/juicyfollow.com\/de\/tiktok-views-kaufen\/","title":{"rendered":"TikTok Views Kaufen"},"content":{"rendered":"<div class=\"row\"  id=\"row-1784247472\">\n\n\t<div id=\"col-1163915719\" class=\"col small-12 large-12\"  >\n\t\t\t\t<div class=\"col-inner\"  >\n\t\t\t\n\t\t\t\n<p><strong>TikTok Views Kaufen<\/strong> Sie f\u00fcr Ihre TikTok-Videos.<\/p>\n<h2>Warum sollten Sie TikTok Views kaufen?<\/h2>\n<p>Der Kauf von TikTok views gibt Ihrem TikTok Video einen schnellen Schub. Die Anzahl der Ansichten steigt nicht nur durch den Kauf von TikTok-Ansichten, eine gro\u00dfe Anzahl von Ansichten zeigt auch, dass Sie ein beliebtes TikTok-Konto haben. Das bedeutet, dass Ihr Profil schneller echte Menschen anzieht (Ansichten, Likes und Follower).<\/p>\n<p>Bedenken Sie Folgendes&#8230; Bei einem Video mit nur 500 Aufrufen ist es unwahrscheinlich, dass neue Aufrufe hinzukommen. Aber ein Video, das bereits 10.000 Aufrufe hat, ist viel wahrscheinlicher, neue Aufrufe zu erhalten. Immerhin haben bereits 10.000 Menschen dieses Video angesehen, also muss es ein gutes Video sein, oder? Das ist oft die Philosophie der Leute auf TikTok.<\/p>\n<h2>Ist es sicher, TikTok Views zu kaufen?<\/h2>\n<p>Ja. Der Kauf von TikTok Views ist 100% sicher. Wir haben noch nie erlebt, dass sich Kunden negativ \u00fcber ihre Bestellungen bei uns ge\u00e4u\u00dfert haben. Und wenn dies der Fall war, haben wir immer daf\u00fcr gesorgt, dass wir ihre Probleme schnell l\u00f6sen.<\/p>\n<p>Dar\u00fcber hinaus werden wir Ihre Konto- oder pers\u00f6nlichen Daten niemals an TikTok oder andere Dritte weitergeben. Das macht den Kauf von TikTok-Ansichten absolut sicher.<\/p>\n<h2>Sind deine TikTok-Ansichten echt?<\/h2>\n<p>Ja. Die Ansichten, die Sie erhalten, sind 100% echte TikTok-Ansichten. Das bedeutet, dass sie bei TikTok registriert sind.<\/p>\n<p>In 99 % der F\u00e4lle werden diese jedoch nicht von echten Menschen kontrolliert. Sie stammen fast immer von automatisierten &#8222;Bots&#8220;. Diese &#8222;Bots&#8220; k\u00f6nnen so gesteuert werden, dass sie Ihr Video massenhaft ansehen. Auf diese Weise k\u00f6nnen Sie auf einen Schlag eine gro\u00dfe Anzahl von Ansichten erhalten. <strong>Der Vorteil<\/strong> ist, dass Sie schnell und zu einem relativ g\u00fcnstigen Preis viele Ansichten erhalten k\u00f6nnen.<\/p>\n<h2>Kann ich billige TikTok-Ansichten kaufen?<\/h2>\n<p>Nat\u00fcrlich k\u00f6nnen Sie das. Mit den hochwertigen Ansichten von JuicyFollow erhalten Sie garantiert den besten Preis. Es ist sicher, dass Sie bei uns g\u00fcnstige TikTok-Ansichten kaufen k\u00f6nnen.<\/p>\n<h2>Wie man 100k TikTok Ansichten kauft<\/h2>\n<p>Viele glauben, dass 100k TikTok-Aufrufe bedeuten, dass man etwas Gro\u00dfartiges geleistet hat. F\u00fcr viele Menschen ist das \u00dcberschreiten der 100k TikTok-Aufrufe ein wichtiger Meilenstein. Hier bei JuicyFollow k\u00f6nnen Sie 100k TikTok-Views g\u00fcnstig kaufen.<\/p>\n<h2>Wie man kostenlose TikTok-Ansichten erh\u00e4lt<\/h2>\n<p>Kostenlose TikTok-Ansichten zu bekommen ist ganz einfach. Aber das kostet viel Zeit. Hier sind einige Tipps, um schnell kostenlose TikTok-Ansichten zu erhalten:<\/p>\n<ul>\n<li><strong>Wie die Videos von anderen Leuten.<\/strong>  Viele Leute werden dein Profil \u00fcberpr\u00fcfen, nachdem dir ihr Video gefallen hat. Wenn Ihr Profil interessant genug ist, ist die Wahrscheinlichkeit gro\u00df, dass sie sich auch Ihre Videos ansehen. Achten Sie darauf, dass Sie nicht zu viele Videos an einem Tag m\u00f6gen, denn der Algorithmus von TikTok k\u00f6nnte Sie wegen &#8222;Betrugs&#8220; erwischen.<\/li>\n<li><strong>Bewerben Sie Ihr TikTok Profil auf anderen Social Media Plattformen.<\/strong>  Dies ist wahrscheinlich der einfachste Weg, um kostenlose TikTok-Ansichten zu erhalten. Warum bewerben Sie Ihr Profil nicht auf <span style=\"text-decoration: underline;\"><a href=\"https:\/\/juicyfollow.com\/de\/youtube-de\/\" target=\"_blank\" rel=\"noopener\">YouTube<\/a><\/span> und <a href=\"https:\/\/juicyfollow.com\/de\/instagram-de\/\" target=\"_blank\" rel=\"noopener\"><span style=\"text-decoration: underline;\">Instagram<\/span><\/a> ebenfalls bewerben?<\/li>\n<li><strong>Kommentieren Sie die Videos anderer Leute.<\/strong> Was ist wertvoller als ein Like? Ein Kommentar, nat\u00fcrlich. Erh\u00f6hen Sie die Wahrscheinlichkeit, dass sich jemand Ihr Video ansieht, indem Sie den Beitrag nicht nur liken, sondern auch kommentieren. Die Chancen stehen gut, dass sich mehr Menschen Ihre Videos ansehen.<\/li>\n<li><strong>H\u00e4ufig posten.<\/strong> Das sollte eine Selbstverst\u00e4ndlichkeit sein. Jemand, der regelm\u00e4\u00dfig postet, hat eine h\u00f6here Chance, mehr kostenlose TikTok-Ansichten zu erhalten. Achten Sie auch darauf, dass Sie in Ihren Videos viele Hashtags verwenden.<\/li>\n<li><strong>Stellen Sie sicher, dass Ihr Video auf der Seite &#8222;F\u00fcr Sie&#8220; erscheint.  <\/strong>Es ist viel n\u00f6tig, um dein Video auf den #fyp zu bringen. Ihr Video muss originell und einzigartig sein. Aber einen Versuch ist es wert. Einige glauben, dass die Verwendung der Hashtags #fyp und #foryoupage ihnen geholfen hat, auf die For You-Seite zu gelangen.   <\/li>\n<\/ul>\n<p>Dies sind einige grundlegende Tipps, um mehr kostenlose TikTok-Ansichten zu erhalten. Wenn Sie bereit sind, etwas Geld auszugeben, um Ihr TikTok-Profil zu vergr\u00f6\u00dfern, k\u00f6nnen Sie in Betracht ziehen, g\u00fcnstige TikTok-Ansichten bei uns zu kaufen.<\/p>\n<h2>Gibt es irgendwelche Nachteile?<\/h2>\n<p>Leider beschlie\u00dft TikTok manchmal, eine gro\u00dfe S\u00e4uberungsaktion durchzuf\u00fchren und &#8222;Spam&#8220;-Konten zu l\u00f6schen. Das ist in der Vergangenheit schon ein paar Mal passiert. Infolgedessen kann es sein, dass Sie Ansichten verlieren. Allerdings sind alle Ihre Eink\u00e4ufe mit einem 30-t\u00e4gigen kostenlosen Nachf\u00fcllservice garantiert. Sie brauchen sich nur mit uns in Verbindung zu setzen und um eine Nachf\u00fcllung zu bitten.<\/p>\n<p>Ein weiterer m\u00f6glicher Nachteil ist, dass die TikTok-Zuschauer nicht interagieren. Das bedeutet, dass sie Ihr Video nicht m\u00f6gen oder Ihrem Konto nicht folgen werden. Sie k\u00f6nnen dieses Problem jedoch leicht l\u00f6sen, indem Sie TikTok-Likes hinzuf\u00fcgen oder TikTok-Follower kaufen.<\/p>\n<h2>Bieten Sie auch andere TikTok Dienste an?<\/h2>\n<p>Ja, wir bieten auch andere TikTok Dienste an. Wenn Sie Ihre Follower steigern wollen, dann <span style=\"text-decoration: underline;\"><br \/>\n  <a href=\"https:\/\/juicyfollow.com\/tiktok-likes\/\">TikTok-Follower kaufen<\/a><br \/>\n<\/span>. Sie k\u00f6nnen die Anzahl Ihrer Aufrufe auch erh\u00f6hen, wenn Sie <a href=\"https:\/\/juicyfollow.com\/tiktok-views\/\"><br \/>\n  <span style=\"text-decoration: underline;\">TikTok-Ansichten kaufen<\/span><br \/>\n<\/a>.<\/p>\n<h2>Habe ich eine Garantie auf meinen Kauf?<\/h2>\n<p>Ja! Ihre Zufriedenheit ist f\u00fcr uns wichtig. Das bedeutet, wenn Sie aus irgendeinem Grund mit Ihrem Kauf nicht zufrieden sind, erhalten Sie innerhalb von 30 Tagen nach dem Kauf 100% Ihres Geldes zur\u00fcck. Sind Sie also nicht zufrieden? Wenden Sie sich einfach an uns und Sie erhalten eine R\u00fcckerstattung, ohne dass Fragen gestellt werden.<\/p>\n<p>Vergewissern Sie sich, dass wir nicht f\u00fcr die L\u00f6schung Ihres Kontos verantwortlich sind. Allerdings ist es bei uns noch NIE vorgekommen, dass ein Konto gel\u00f6scht wurde. Das macht den Kauf von TikTok-Ansichten v\u00f6llig sicher.<\/p>\n\t\t<\/div>\n\t\t\t\t\t<\/div>\n\n\t\n<\/div>\n","protected":false},"excerpt":{"rendered":"","protected":false},"featured_media":2542,"comment_status":"open","ping_status":"closed","template":"","meta":[],"product_brand":[],"product_cat":[156],"product_tag":[213],"class_list":{"0":"post-1744","1":"product","2":"type-product","3":"status-publish","4":"has-post-thumbnail","6":"product_cat-tiktok-de","7":"product_tag-tiktok-views-kaufen","9":"first","10":"instock","11":"sale","12":"taxable","13":"shipping-taxable","14":"purchasable","15":"product-type-variable"},"_links":{"self":[{"href":"https:\/\/juicyfollow.com\/de\/wp-json\/wp\/v2\/product\/1744","targetHints":{"allow":["GET"]}}],"collection":[{"href":"https:\/\/juicyfollow.com\/de\/wp-json\/wp\/v2\/product"}],"about":[{"href":"https:\/\/juicyfollow.com\/de\/wp-json\/wp\/v2\/types\/product"}],"replies":[{"embeddable":true,"href":"https:\/\/juicyfollow.com\/de\/wp-json\/wp\/v2\/comments?post=1744"}],"wp:featuredmedia":[{"embeddable":true,"href":"https:\/\/juicyfollow.com\/de\/wp-json\/wp\/v2\/media\/2542"}],"wp:attachment":[{"href":"https:\/\/juicyfollow.com\/de\/wp-json\/wp\/v2\/media?parent=1744"}],"wp:term":[{"taxonomy":"product_brand","embeddable":true,"href":"https:\/\/juicyfollow.com\/de\/wp-json\/wp\/v2\/product_brand?post=1744"},{"taxonomy":"product_cat","embeddable":true,"href":"https:\/\/juicyfollow.com\/de\/wp-json\/wp\/v2\/product_cat?post=1744"},{"taxonomy":"product_tag","embeddable":true,"href":"https:\/\/juicyfollow.com\/de\/wp-json\/wp\/v2\/product_tag?post=1744"}],"curies":[{"name":"wp","href":"https:\/\/api.w.org\/{rel}","templated":true}]}}